{"id":1420,"date":"2020-12-30T08:48:54","date_gmt":"2020-12-30T07:48:54","guid":{"rendered":"http:\/\/ospoljcane.si\/nova\/?page_id=1420"},"modified":"2020-12-30T14:20:04","modified_gmt":"2020-12-30T13:20:04","slug":"solsko-sportno-drustvo","status":"publish","type":"page","link":"https:\/\/ospoljcane.si\/nova\/solsko-sportno-drustvo\/","title":{"rendered":"\u0160olsko \u0161portno dru\u0161tvo"},"content":{"rendered":"<p><img decoding=\"async\" class=\"wp-image-1421 size-thumbnail aligncenter\" src=\"https:\/\/ospoljcane.si\/nova\/wp-content\/uploads\/2020\/12\/Znak-SSD1-150x150.jpg\" alt=\"\" width=\"150\" height=\"150\" \/><\/p>\n<p>\u0160olsko \u0161portno dru\u0161tvo Bogdana Krajnca iz Polj\u010dan povezuje u\u010dence, star\u0161e in delavce Osnovne \u0161ole Polj\u010dane. \u0160olsko \u0161portno dru\u0161tvo je prostovoljno, samostojno in nepridobitno zdru\u017eenje, ki deluje v skladu s statutom, ustavo in zakoni Republike Slovenije.<\/p>\n<p>Delovanje \u0160olskega \u0161portnega dru\u0161tva temelji na na\u010delu prostovoljnosti, strokovnosti, vestnosti, po\u0161tenosti in javnosti. Delo dru\u0161tva in njegovih organov je javno. Obve\u0161\u010danje poteka preko oglasne deske in sredstev javnega obve\u0161\u010danja, \u010dlani dru\u0161tva imajo pravico vpogleda v zapisnike organov dru\u0161tva. \u0160ir\u0161o javnost obve\u0161\u010damo tudi preko javnih sej organov dru\u0161tva, z organizacijo okroglih miz in tiskovnih konferenc. Za javnost dela dru\u0161tva in dajanje informacij je odgovoren predsednik \u0160olskega \u0161portnega dru\u0161tva.<\/p>\n<p>\u010clan dru\u0161tva lahko postane vsak, ki se ukvarja s \u0161portno dejavnostjo in \u017eeli postati \u010dlan. S pisno pristopno izjavo izvr\u0161nemu odboru dru\u0161tva sprejme pravila \u0160olskega \u0161portnega dru\u0161tva. \u010ce se v dru\u0161tvo v\u010dlani mladoletnik do dopolnjenega 7. leta starosti, podpi\u0161e pristopno izjavo njegov zakoniti zastopnik, od mladoletnikovega 7. leta do dopolnjenega 15. leta starosti pa mora zakoniti zastopnik pred njegovim vstopom v dru\u0161tvo podati pisno soglasje.<\/p>\n<p>\u010clan \u0160olskega \u0161portnega dru\u0161tva lahko pod enakimi pogoji postane tudi tujec, \u010de obiskuje \u0161olo v Republiki Sloveniji, \u00a0ima stalno prebivali\u0161\u010de na obmo\u010dju Republike Slovenije in \u010de je njegovo delovanje skladno z na\u010deli in nameni dru\u0161tva, navedenimi v tem statutu. \u010clanstvo je prostovoljno. \u0160olsko \u0161portno dru\u0161tvo ima redne in \u010dastne \u010dlane.<\/p>\n<p>\u0160olsko \u0161portno dru\u0161tvo Bogdana Krajnca smo ponovno ustanovili leta 2000. Upravna enota Slovenska Bistrica je dru\u0161tvo vpisala v register dru\u0161tev. Zakoniti zastopnik dru\u0161tva je predsednik Miran Voglar.<\/p>\n<p><u>Organi <\/u>\u0160olskega \u0161portnega dru\u0161tva: skup\u0161\u010dina, izvr\u0161ni odbor, nadzorni odbor, disciplinska komisija in ostale komisije.<\/p>\n<p><u>Izvr\u0161ni odbor<\/u>: Miran Voglar \u2013 predsednik, Suzana Vo\u0161inek \u2013 podpredsednik, Jelka Regvart Voglar \u2013 tajnica, Zdenka Kova\u010di\u010d \u2013 blagajni\u010darka in Valerija Vantur \u2013 \u010dlanica.<\/p>\n<p><u>Nadzorni odbor<\/u>: Vincenc Zobec \u2013 predsednik, Tina Robnik Zalokar in Barbara Oder \u2013 \u010dlanici.<\/p>\n<p>&nbsp;<\/p>\n<p><u>V programu \u0160olskega \u0161portnega dru\u0161tva so zapisani naslednji vzgojno-izobra\u017eevalni in vse\u017eivljenjski cilji \u0161olske \u0161portne vzgoje:<\/u><\/p>\n<ul>\n<li>optimalni razvoj vseh gibalnih sposobnosti, ki jih izvajamo v dru\u0161tvu in v povezovanju z drugimi organizacijami (\u0160portno in Planinsko dru\u0161tvo, Nogometni, ko\u0161arkarski in odbojkarski klub \u2026);<\/li>\n<li>posredovanje dolo\u010denih teoreti\u010dnih informacij za racionalno dojemanje \u0161porta;<\/li>\n<li>spodbujanje k skupinskemu delu in medsebojnemu sodelovanju;<\/li>\n<li>sprejemanje odgovornosti za zdrav na\u010din \u017eivljenja;<\/li>\n<li>oblikovanje in razvijanje stali\u0161\u010d, navad in vzorcev vedenja ter na\u010dinov ravnanja;<\/li>\n<li>skrb za skladen telesni in du\u0161evni razvoj, pravilno dr\u017eo telesa in zdrav na\u010din \u017eivljenja;<\/li>\n<li>krepitev zdravega ob\u010dutka samozavesti in zaupanja vase;<\/li>\n<li>oblikovanje pozitivnih vedenjskih vzorcev (spodbujanje k medsebojnemu sodelovanju, zdravi tekmovalnosti, spo\u0161tovanju \u0161portnega obna\u0161anja\/fair playa, strpnosti in sprejemanju druga\u010dnosti);<\/li>\n<li>razumevanje koristnosti \u0161porta in navajanje na kakovostno pre\u017eivljanje prostega \u010dasa;<\/li>\n<li>razvoj ustvarjalnosti;<\/li>\n<li>razbremenitev in sprostitev;<\/li>\n<li>pozitivno do\u017eivljanje \u0161porta, ki bogati posameznika;<\/li>\n<li>oblikovanje pristnega, \u010dustvenega, spo\u0161tljivega in kulturnega odnosa do narave in okolja kot posebne vrednote;<\/li>\n<li>spo\u0161tovanje naravne in kulturne dedi\u0161\u010dine.<\/li>\n<\/ul>\n<p>&nbsp;<\/p>\n<p><u>V \u0160olskem \u0161portnem dru\u0161tvu izvajamo razli\u010dne aktivnosti:<\/u><\/p>\n<ul>\n<li>promoviranje dru\u0161tva v sredstvih javnega obve\u0161\u010danja;<\/li>\n<li>urejanje oglasne deske \u0160olskega \u0161portnega dru\u0161tva;<\/li>\n<li>tekmovanje za najbolj\u0161a \u0160olska \u0161portna dru\u0161tva v dr\u017eavi;<\/li>\n<li>pobiranje \u010dlanarine;<\/li>\n<li>pisanje, fotografiranje in snemanje za kroniko;<\/li>\n<li>izvajanje tekmovanja za \u0161portnika in \u0161portnico oddelka in \u0161ole;<\/li>\n<li>tekmovanja v okviru razrednih, \u0161olskih, ob\u010dinskih, obmo\u010dnih, regijskih in dr\u017eavnih tekmovanj;<\/li>\n<li>sodelovanje z Ministrstvom za \u0161olstvo in \u0161port za \u0161portni program Zlati son\u010dek za u\u010dence 1., 2. in 3. razreda ter \u0161portni program Krpan za u\u010dence 4., 5. \u00a0in 6. razreda;<\/li>\n<li>zagotavljanje sponzorskih sredstev in prakti\u010dnih nagrad;<\/li>\n<li>zaklju\u010dna \u0161portna prireditev ob zaklju\u010dku \u0161olskega leta;<\/li>\n<li>sodelovanje s star\u0161i, ki sodelujejo s \u0160olskim \u0161portnim dru\u0161tvom;<\/li>\n<li>izdaja Glasila \u0160olskega \u0161portnega dru\u0161tva.<\/li>\n<\/ul>\n<p>&nbsp;<\/p>\n<p>\u0160olsko \u0161portno dru\u0161tvo sodeluje z ostalimi dru\u0161tvi in zvezami dru\u0161tev v Republiki Sloveniji, ki delujejo na podro\u010dju \u0161porta, \u0161portne rekreacije in prispevajo k razvoju \u0161porta. \u0160olsko \u0161portno dru\u0161tvo je prostovoljni \u010dlan Zveze za \u0161port otrok in mladine ter \u0160portne zveze Slovenska Bistrica, z njima sodeluje na podlagi posebej sklenjenih dogovorov. Dru\u0161tvo zastopa interese svojih \u010dlanov, ki so prostovoljno v\u010dlanjeni v dru\u0161tvo.<\/p>\n<h3>Dokumenti<\/h3>\n<p><a href=\"https:\/\/ospoljcane.si\/nova\/wp-content\/uploads\/2020\/12\/Rekordi.pdf\" target=\"_blank\" rel=\"noopener noreferrer\">Rekordi<\/a><\/p>\n<p><a href=\"https:\/\/ospoljcane.si\/nova\/wp-content\/uploads\/2020\/12\/Sportniki-sole_0.pdf\" target=\"_blank\" rel=\"noopener noreferrer\">\u0160portniki \u0161ole<\/a><\/p>\n<p><a href=\"https:\/\/ospoljcane.si\/nova\/wp-content\/uploads\/2020\/12\/Porocilo.pdf\" target=\"_blank\" rel=\"noopener noreferrer\">Poro\u010dilo o delovanju dru\u0161tva 2019\/2020<\/a><\/p>\n<p><a href=\"https:\/\/ospoljcane.si\/nova\/wp-content\/uploads\/2020\/12\/Zahteva-za-namenitev-dela-dohodnine.pdf\" target=\"_blank\" rel=\"noopener noreferrer\">Zahteva za namenitev dohodnine za donacijo<\/a><\/p>\n<p>Kontaktni podatki:<\/p>\n<p style=\"text-align: left;\" align=\"center\"><strong>Osnovna \u0161ola Polj\u010dane<\/strong><\/p>\n<p style=\"text-align: left;\" align=\"center\"><strong>\u0160OLSKO \u0160PORTNO DRU\u0160TVO<\/strong><\/p>\n<p style=\"text-align: left;\" align=\"center\"><strong>Bogdana Krajnca, Polj\u010dane<\/strong><\/p>\n<p style=\"text-align: left;\" align=\"center\">Dravinjska cesta 26<\/p>\n<p style=\"text-align: left;\" align=\"center\">2319 Polj\u010dane<\/p>\n<p style=\"text-align: left;\" align=\"center\">tel. 02 829 58 10<\/p>\n<p style=\"text-align: left;\" align=\"center\">fax. 02 829 58 12<\/p>\n<p>&nbsp;<\/p>\n<p>Miran Voglar<\/p>\n","protected":false},"excerpt":{"rendered":"<p>\u0160olsko \u0161portno dru\u0161tvo Bogdana Krajnca iz Polj\u010dan povezuje u\u010dence, star\u0161e in delavce Osnovne \u0161ole Polj\u010dane. \u0160olsko \u0161portno dru\u0161tvo je prostovoljno, samostojno in nepridobitno zdru\u017eenje, ki &hellip; <\/p>\n","protected":false},"author":1,"featured_media":0,"parent":0,"menu_order":0,"comment_status":"closed","ping_status":"closed","template":"","meta":{"footnotes":""},"class_list":["post-1420","page","type-page","status-publish","hentry","image-hover-transition-effect","latest_post"],"yoast_head":"<!-- This site is optimized with the Yoast SEO plugin v27.4 - https:\/\/yoast.com\/product\/yoast-seo-wordpress\/ -->\n<title>\u0160olsko \u0161portno dru\u0161tvo - Osnovna \u0161ola Kajetana Kovi\u010da Polj\u010dane<\/title>\n<meta name=\"robots\" content=\"index, follow, max-snippet:-1, max-image-preview:large, max-video-preview:-1\" \/>\n<link rel=\"canonical\" href=\"https:\/\/ospoljcane.si\/nova\/solsko-sportno-drustvo\/\" \/>\n<meta property=\"og:locale\" content=\"sl_SI\" \/>\n<meta property=\"og:type\" content=\"article\" \/>\n<meta property=\"og:title\" content=\"\u0160olsko \u0161portno dru\u0161tvo - Osnovna \u0161ola Kajetana Kovi\u010da Polj\u010dane\" \/>\n<meta property=\"og:description\" content=\"\u0160olsko \u0161portno dru\u0161tvo Bogdana Krajnca iz Polj\u010dan povezuje u\u010dence, star\u0161e in delavce Osnovne \u0161ole Polj\u010dane. \u0160olsko \u0161portno dru\u0161tvo je prostovoljno, samostojno in nepridobitno zdru\u017eenje, ki &hellip;\" \/>\n<meta property=\"og:url\" content=\"https:\/\/ospoljcane.si\/nova\/solsko-sportno-drustvo\/\" \/>\n<meta property=\"og:site_name\" content=\"Osnovna \u0161ola Kajetana Kovi\u010da Polj\u010dane\" \/>\n<meta property=\"article:modified_time\" content=\"2020-12-30T13:20:04+00:00\" \/>\n<meta property=\"og:image\" content=\"http:\/\/ospoljcane.si\/nova\/wp-content\/uploads\/2020\/12\/Znak-SSD1-150x150.jpg\" \/>\n<meta name=\"twitter:card\" content=\"summary_large_image\" \/>\n<meta name=\"twitter:label1\" content=\"Est. reading time\" \/>\n\t<meta name=\"twitter:data1\" content=\"4 minute\" \/>\n<script type=\"application\/ld+json\" class=\"yoast-schema-graph\">{\"@context\":\"https:\\\/\\\/schema.org\",\"@graph\":[{\"@type\":\"WebPage\",\"@id\":\"https:\\\/\\\/ospoljcane.si\\\/nova\\\/solsko-sportno-drustvo\\\/\",\"url\":\"https:\\\/\\\/ospoljcane.si\\\/nova\\\/solsko-sportno-drustvo\\\/\",\"name\":\"\u0160olsko \u0161portno dru\u0161tvo - Osnovna \u0161ola Kajetana Kovi\u010da Polj\u010dane\",\"isPartOf\":{\"@id\":\"https:\\\/\\\/ospoljcane.si\\\/nova\\\/#website\"},\"primaryImageOfPage\":{\"@id\":\"https:\\\/\\\/ospoljcane.si\\\/nova\\\/solsko-sportno-drustvo\\\/#primaryimage\"},\"image\":{\"@id\":\"https:\\\/\\\/ospoljcane.si\\\/nova\\\/solsko-sportno-drustvo\\\/#primaryimage\"},\"thumbnailUrl\":\"http:\\\/\\\/ospoljcane.si\\\/nova\\\/wp-content\\\/uploads\\\/2020\\\/12\\\/Znak-SSD1-150x150.jpg\",\"datePublished\":\"2020-12-30T07:48:54+00:00\",\"dateModified\":\"2020-12-30T13:20:04+00:00\",\"breadcrumb\":{\"@id\":\"https:\\\/\\\/ospoljcane.si\\\/nova\\\/solsko-sportno-drustvo\\\/#breadcrumb\"},\"inLanguage\":\"sl-SI\",\"potentialAction\":[{\"@type\":\"ReadAction\",\"target\":[\"https:\\\/\\\/ospoljcane.si\\\/nova\\\/solsko-sportno-drustvo\\\/\"]}]},{\"@type\":\"ImageObject\",\"inLanguage\":\"sl-SI\",\"@id\":\"https:\\\/\\\/ospoljcane.si\\\/nova\\\/solsko-sportno-drustvo\\\/#primaryimage\",\"url\":\"https:\\\/\\\/ospoljcane.si\\\/nova\\\/wp-content\\\/uploads\\\/2020\\\/12\\\/Znak-SSD1.jpg\",\"contentUrl\":\"https:\\\/\\\/ospoljcane.si\\\/nova\\\/wp-content\\\/uploads\\\/2020\\\/12\\\/Znak-SSD1.jpg\",\"width\":1200,\"height\":1163},{\"@type\":\"BreadcrumbList\",\"@id\":\"https:\\\/\\\/ospoljcane.si\\\/nova\\\/solsko-sportno-drustvo\\\/#breadcrumb\",\"itemListElement\":[{\"@type\":\"ListItem\",\"position\":1,\"name\":\"Domov\",\"item\":\"https:\\\/\\\/ospoljcane.si\\\/nova\\\/\"},{\"@type\":\"ListItem\",\"position\":2,\"name\":\"\u0160olsko \u0161portno dru\u0161tvo\"}]},{\"@type\":\"WebSite\",\"@id\":\"https:\\\/\\\/ospoljcane.si\\\/nova\\\/#website\",\"url\":\"https:\\\/\\\/ospoljcane.si\\\/nova\\\/\",\"name\":\"Osnovna \u0161ola Kajetana Kovi\u010da Polj\u010dane\",\"description\":\"\",\"publisher\":{\"@id\":\"https:\\\/\\\/ospoljcane.si\\\/nova\\\/#organization\"},\"potentialAction\":[{\"@type\":\"SearchAction\",\"target\":{\"@type\":\"EntryPoint\",\"urlTemplate\":\"https:\\\/\\\/ospoljcane.si\\\/nova\\\/?s={search_term_string}\"},\"query-input\":{\"@type\":\"PropertyValueSpecification\",\"valueRequired\":true,\"valueName\":\"search_term_string\"}}],\"inLanguage\":\"sl-SI\"},{\"@type\":\"Organization\",\"@id\":\"https:\\\/\\\/ospoljcane.si\\\/nova\\\/#organization\",\"name\":\"Osnovna \u0161ola Kajetana Kovi\u010da Polj\u010dane\",\"url\":\"https:\\\/\\\/ospoljcane.si\\\/nova\\\/\",\"logo\":{\"@type\":\"ImageObject\",\"inLanguage\":\"sl-SI\",\"@id\":\"https:\\\/\\\/ospoljcane.si\\\/nova\\\/#\\\/schema\\\/logo\\\/image\\\/\",\"url\":\"https:\\\/\\\/ospoljcane.si\\\/nova\\\/wp-content\\\/uploads\\\/2020\\\/12\\\/cropped-cropped-Logotip-sole-2016_3G-1-1.png\",\"contentUrl\":\"https:\\\/\\\/ospoljcane.si\\\/nova\\\/wp-content\\\/uploads\\\/2020\\\/12\\\/cropped-cropped-Logotip-sole-2016_3G-1-1.png\",\"width\":512,\"height\":512,\"caption\":\"Osnovna \u0161ola Kajetana Kovi\u010da Polj\u010dane\"},\"image\":{\"@id\":\"https:\\\/\\\/ospoljcane.si\\\/nova\\\/#\\\/schema\\\/logo\\\/image\\\/\"}}]}<\/script>\n<!-- \/ Yoast SEO plugin. -->","yoast_head_json":{"title":"\u0160olsko \u0161portno dru\u0161tvo - Osnovna \u0161ola Kajetana Kovi\u010da Polj\u010dane","robots":{"index":"index","follow":"follow","max-snippet":"max-snippet:-1","max-image-preview":"max-image-preview:large","max-video-preview":"max-video-preview:-1"},"canonical":"https:\/\/ospoljcane.si\/nova\/solsko-sportno-drustvo\/","og_locale":"sl_SI","og_type":"article","og_title":"\u0160olsko \u0161portno dru\u0161tvo - Osnovna \u0161ola Kajetana Kovi\u010da Polj\u010dane","og_description":"\u0160olsko \u0161portno dru\u0161tvo Bogdana Krajnca iz Polj\u010dan povezuje u\u010dence, star\u0161e in delavce Osnovne \u0161ole Polj\u010dane. \u0160olsko \u0161portno dru\u0161tvo je prostovoljno, samostojno in nepridobitno zdru\u017eenje, ki &hellip;","og_url":"https:\/\/ospoljcane.si\/nova\/solsko-sportno-drustvo\/","og_site_name":"Osnovna \u0161ola Kajetana Kovi\u010da Polj\u010dane","article_modified_time":"2020-12-30T13:20:04+00:00","og_image":[{"url":"http:\/\/ospoljcane.si\/nova\/wp-content\/uploads\/2020\/12\/Znak-SSD1-150x150.jpg","type":"","width":"","height":""}],"twitter_card":"summary_large_image","twitter_misc":{"Est. reading time":"4 minute"},"schema":{"@context":"https:\/\/schema.org","@graph":[{"@type":"WebPage","@id":"https:\/\/ospoljcane.si\/nova\/solsko-sportno-drustvo\/","url":"https:\/\/ospoljcane.si\/nova\/solsko-sportno-drustvo\/","name":"\u0160olsko \u0161portno dru\u0161tvo - Osnovna \u0161ola Kajetana Kovi\u010da Polj\u010dane","isPartOf":{"@id":"https:\/\/ospoljcane.si\/nova\/#website"},"primaryImageOfPage":{"@id":"https:\/\/ospoljcane.si\/nova\/solsko-sportno-drustvo\/#primaryimage"},"image":{"@id":"https:\/\/ospoljcane.si\/nova\/solsko-sportno-drustvo\/#primaryimage"},"thumbnailUrl":"http:\/\/ospoljcane.si\/nova\/wp-content\/uploads\/2020\/12\/Znak-SSD1-150x150.jpg","datePublished":"2020-12-30T07:48:54+00:00","dateModified":"2020-12-30T13:20:04+00:00","breadcrumb":{"@id":"https:\/\/ospoljcane.si\/nova\/solsko-sportno-drustvo\/#breadcrumb"},"inLanguage":"sl-SI","potentialAction":[{"@type":"ReadAction","target":["https:\/\/ospoljcane.si\/nova\/solsko-sportno-drustvo\/"]}]},{"@type":"ImageObject","inLanguage":"sl-SI","@id":"https:\/\/ospoljcane.si\/nova\/solsko-sportno-drustvo\/#primaryimage","url":"https:\/\/ospoljcane.si\/nova\/wp-content\/uploads\/2020\/12\/Znak-SSD1.jpg","contentUrl":"https:\/\/ospoljcane.si\/nova\/wp-content\/uploads\/2020\/12\/Znak-SSD1.jpg","width":1200,"height":1163},{"@type":"BreadcrumbList","@id":"https:\/\/ospoljcane.si\/nova\/solsko-sportno-drustvo\/#breadcrumb","itemListElement":[{"@type":"ListItem","position":1,"name":"Domov","item":"https:\/\/ospoljcane.si\/nova\/"},{"@type":"ListItem","position":2,"name":"\u0160olsko \u0161portno dru\u0161tvo"}]},{"@type":"WebSite","@id":"https:\/\/ospoljcane.si\/nova\/#website","url":"https:\/\/ospoljcane.si\/nova\/","name":"Osnovna \u0161ola Kajetana Kovi\u010da Polj\u010dane","description":"","publisher":{"@id":"https:\/\/ospoljcane.si\/nova\/#organization"},"potentialAction":[{"@type":"SearchAction","target":{"@type":"EntryPoint","urlTemplate":"https:\/\/ospoljcane.si\/nova\/?s={search_term_string}"},"query-input":{"@type":"PropertyValueSpecification","valueRequired":true,"valueName":"search_term_string"}}],"inLanguage":"sl-SI"},{"@type":"Organization","@id":"https:\/\/ospoljcane.si\/nova\/#organization","name":"Osnovna \u0161ola Kajetana Kovi\u010da Polj\u010dane","url":"https:\/\/ospoljcane.si\/nova\/","logo":{"@type":"ImageObject","inLanguage":"sl-SI","@id":"https:\/\/ospoljcane.si\/nova\/#\/schema\/logo\/image\/","url":"https:\/\/ospoljcane.si\/nova\/wp-content\/uploads\/2020\/12\/cropped-cropped-Logotip-sole-2016_3G-1-1.png","contentUrl":"https:\/\/ospoljcane.si\/nova\/wp-content\/uploads\/2020\/12\/cropped-cropped-Logotip-sole-2016_3G-1-1.png","width":512,"height":512,"caption":"Osnovna \u0161ola Kajetana Kovi\u010da Polj\u010dane"},"image":{"@id":"https:\/\/ospoljcane.si\/nova\/#\/schema\/logo\/image\/"}}]}},"_links":{"self":[{"href":"https:\/\/ospoljcane.si\/nova\/wp-json\/wp\/v2\/pages\/1420","targetHints":{"allow":["GET"]}}],"collection":[{"href":"https:\/\/ospoljcane.si\/nova\/wp-json\/wp\/v2\/pages"}],"about":[{"href":"https:\/\/ospoljcane.si\/nova\/wp-json\/wp\/v2\/types\/page"}],"author":[{"embeddable":true,"href":"https:\/\/ospoljcane.si\/nova\/wp-json\/wp\/v2\/users\/1"}],"replies":[{"embeddable":true,"href":"https:\/\/ospoljcane.si\/nova\/wp-json\/wp\/v2\/comments?post=1420"}],"version-history":[{"count":3,"href":"https:\/\/ospoljcane.si\/nova\/wp-json\/wp\/v2\/pages\/1420\/revisions"}],"predecessor-version":[{"id":1540,"href":"https:\/\/ospoljcane.si\/nova\/wp-json\/wp\/v2\/pages\/1420\/revisions\/1540"}],"wp:attachment":[{"href":"https:\/\/ospoljcane.si\/nova\/wp-json\/wp\/v2\/media?parent=1420"}],"curies":[{"name":"wp","href":"https:\/\/api.w.org\/{rel}","templated":true}]}}