{"id":13905,"date":"2023-04-07T09:06:38","date_gmt":"2023-04-07T07:06:38","guid":{"rendered":"http:\/\/ospoljcane.si\/nova\/?page_id=13905"},"modified":"2023-04-07T10:54:42","modified_gmt":"2023-04-07T08:54:42","slug":"slovenske-tradicionalne-jedi","status":"publish","type":"page","link":"https:\/\/ospoljcane.si\/nova\/slovenske-tradicionalne-jedi\/","title":{"rendered":"Slovenske tradicionalne jedi"},"content":{"rendered":"\t\t<div data-elementor-type=\"wp-page\" data-elementor-id=\"13905\" class=\"elementor elementor-13905\" data-elementor-post-type=\"page\">\n\t\t\t\t\t\t<section class=\"elementor-section elementor-top-section elementor-element elementor-element-76858eb elementor-section-boxed elementor-section-height-default elementor-section-height-default\" data-id=\"76858eb\" data-element_type=\"section\" data-e-type=\"section\">\n\t\t\t\t\t\t<div class=\"elementor-container elementor-column-gap-default\">\n\t\t\t\t\t<div class=\"elementor-column elementor-col-100 elementor-top-column elementor-element elementor-element-8a131b3\" data-id=\"8a131b3\" data-element_type=\"column\" data-e-type=\"column\">\n\t\t\t<div class=\"elementor-widget-wrap elementor-element-populated\">\n\t\t\t\t\t\t<div class=\"elementor-element elementor-element-2ab8fba elementor-widget elementor-widget-gallery\" data-id=\"2ab8fba\" data-element_type=\"widget\" data-e-type=\"widget\" data-settings=\"{&quot;lazyload&quot;:&quot;yes&quot;,&quot;gallery_layout&quot;:&quot;grid&quot;,&quot;columns&quot;:4,&quot;columns_tablet&quot;:2,&quot;columns_mobile&quot;:1,&quot;gap&quot;:{&quot;unit&quot;:&quot;px&quot;,&quot;size&quot;:10,&quot;sizes&quot;:[]},&quot;gap_tablet&quot;:{&quot;unit&quot;:&quot;px&quot;,&quot;size&quot;:10,&quot;sizes&quot;:[]},&quot;gap_mobile&quot;:{&quot;unit&quot;:&quot;px&quot;,&quot;size&quot;:10,&quot;sizes&quot;:[]},&quot;link_to&quot;:&quot;file&quot;,&quot;aspect_ratio&quot;:&quot;3:2&quot;,&quot;overlay_background&quot;:&quot;yes&quot;,&quot;content_hover_animation&quot;:&quot;fade-in&quot;}\" data-widget_type=\"gallery.default\">\n\t\t\t\t<div class=\"elementor-widget-container\">\n\t\t\t\t\t\t\t<div class=\"elementor-gallery__container\">\n\t\t\t\t\t\t\t<a class=\"e-gallery-item elementor-gallery-item elementor-animated-content\" href=\"https:\/\/ospoljcane.si\/nova\/wp-content\/uploads\/2023\/04\/IMG20230405125958-1600x1200-1.jpg\" data-elementor-open-lightbox=\"yes\" data-elementor-lightbox-slideshow=\"2ab8fba\" data-e-action-hash=\"#elementor-action%3Aaction%3Dlightbox%26settings%3DeyJpZCI6MTM5MTMsInVybCI6Imh0dHBzOlwvXC9vc3BvbGpjYW5lLnNpXC9ub3ZhXC93cC1jb250ZW50XC91cGxvYWRzXC8yMDIzXC8wNFwvSU1HMjAyMzA0MDUxMjU5NTgtMTYwMHgxMjAwLTEuanBnIiwic2xpZGVzaG93IjoiMmFiOGZiYSJ9\">\n\t\t\t\t\t<div class=\"e-gallery-image elementor-gallery-item__image\" data-thumbnail=\"https:\/\/ospoljcane.si\/nova\/wp-content\/uploads\/2023\/04\/IMG20230405125958-1600x1200-1-300x225.jpg\" data-width=\"300\" data-height=\"225\" aria-label=\"\" role=\"img\" ><\/div>\n\t\t\t\t\t\t\t\t\t\t\t<div class=\"elementor-gallery-item__overlay\"><\/div>\n\t\t\t\t\t\t\t\t\t\t\t\t\t\t<\/a>\n\t\t\t\t\t\t\t<a class=\"e-gallery-item elementor-gallery-item elementor-animated-content\" href=\"https:\/\/ospoljcane.si\/nova\/wp-content\/uploads\/2023\/04\/IMG20230405130023-1600x1200-1.jpg\" data-elementor-open-lightbox=\"yes\" data-elementor-lightbox-slideshow=\"2ab8fba\" data-e-action-hash=\"#elementor-action%3Aaction%3Dlightbox%26settings%3DeyJpZCI6MTM5MTQsInVybCI6Imh0dHBzOlwvXC9vc3BvbGpjYW5lLnNpXC9ub3ZhXC93cC1jb250ZW50XC91cGxvYWRzXC8yMDIzXC8wNFwvSU1HMjAyMzA0MDUxMzAwMjMtMTYwMHgxMjAwLTEuanBnIiwic2xpZGVzaG93IjoiMmFiOGZiYSJ9\">\n\t\t\t\t\t<div class=\"e-gallery-image elementor-gallery-item__image\" data-thumbnail=\"https:\/\/ospoljcane.si\/nova\/wp-content\/uploads\/2023\/04\/IMG20230405130023-1600x1200-1-300x225.jpg\" data-width=\"300\" data-height=\"225\" aria-label=\"\" role=\"img\" ><\/div>\n\t\t\t\t\t\t\t\t\t\t\t<div class=\"elementor-gallery-item__overlay\"><\/div>\n\t\t\t\t\t\t\t\t\t\t\t\t\t\t<\/a>\n\t\t\t\t\t\t\t<a class=\"e-gallery-item elementor-gallery-item elementor-animated-content\" href=\"https:\/\/ospoljcane.si\/nova\/wp-content\/uploads\/2023\/04\/IMG20230405140701-1600x1200-1.jpg\" data-elementor-open-lightbox=\"yes\" data-elementor-lightbox-slideshow=\"2ab8fba\" data-e-action-hash=\"#elementor-action%3Aaction%3Dlightbox%26settings%3DeyJpZCI6MTM5MTUsInVybCI6Imh0dHBzOlwvXC9vc3BvbGpjYW5lLnNpXC9ub3ZhXC93cC1jb250ZW50XC91cGxvYWRzXC8yMDIzXC8wNFwvSU1HMjAyMzA0MDUxNDA3MDEtMTYwMHgxMjAwLTEuanBnIiwic2xpZGVzaG93IjoiMmFiOGZiYSJ9\">\n\t\t\t\t\t<div class=\"e-gallery-image elementor-gallery-item__image\" data-thumbnail=\"https:\/\/ospoljcane.si\/nova\/wp-content\/uploads\/2023\/04\/IMG20230405140701-1600x1200-1-300x225.jpg\" data-width=\"300\" data-height=\"225\" aria-label=\"\" role=\"img\" ><\/div>\n\t\t\t\t\t\t\t\t\t\t\t<div class=\"elementor-gallery-item__overlay\"><\/div>\n\t\t\t\t\t\t\t\t\t\t\t\t\t\t<\/a>\n\t\t\t\t\t\t\t<a class=\"e-gallery-item elementor-gallery-item elementor-animated-content\" href=\"https:\/\/ospoljcane.si\/nova\/wp-content\/uploads\/2023\/04\/IMG20230405140704-1600x1200-1.jpg\" data-elementor-open-lightbox=\"yes\" data-elementor-lightbox-slideshow=\"2ab8fba\" data-e-action-hash=\"#elementor-action%3Aaction%3Dlightbox%26settings%3DeyJpZCI6MTM5MTYsInVybCI6Imh0dHBzOlwvXC9vc3BvbGpjYW5lLnNpXC9ub3ZhXC93cC1jb250ZW50XC91cGxvYWRzXC8yMDIzXC8wNFwvSU1HMjAyMzA0MDUxNDA3MDQtMTYwMHgxMjAwLTEuanBnIiwic2xpZGVzaG93IjoiMmFiOGZiYSJ9\">\n\t\t\t\t\t<div class=\"e-gallery-image elementor-gallery-item__image\" data-thumbnail=\"https:\/\/ospoljcane.si\/nova\/wp-content\/uploads\/2023\/04\/IMG20230405140704-1600x1200-1-300x225.jpg\" data-width=\"300\" data-height=\"225\" aria-label=\"\" role=\"img\" ><\/div>\n\t\t\t\t\t\t\t\t\t\t\t<div class=\"elementor-gallery-item__overlay\"><\/div>\n\t\t\t\t\t\t\t\t\t\t\t\t\t\t<\/a>\n\t\t\t\t\t\t\t<a class=\"e-gallery-item elementor-gallery-item elementor-animated-content\" href=\"https:\/\/ospoljcane.si\/nova\/wp-content\/uploads\/2023\/04\/IMG20230405140707-1600x1200-1.jpg\" data-elementor-open-lightbox=\"yes\" data-elementor-lightbox-slideshow=\"2ab8fba\" data-e-action-hash=\"#elementor-action%3Aaction%3Dlightbox%26settings%3DeyJpZCI6MTM5MTcsInVybCI6Imh0dHBzOlwvXC9vc3BvbGpjYW5lLnNpXC9ub3ZhXC93cC1jb250ZW50XC91cGxvYWRzXC8yMDIzXC8wNFwvSU1HMjAyMzA0MDUxNDA3MDctMTYwMHgxMjAwLTEuanBnIiwic2xpZGVzaG93IjoiMmFiOGZiYSJ9\">\n\t\t\t\t\t<div class=\"e-gallery-image elementor-gallery-item__image\" data-thumbnail=\"https:\/\/ospoljcane.si\/nova\/wp-content\/uploads\/2023\/04\/IMG20230405140707-1600x1200-1-300x225.jpg\" data-width=\"300\" data-height=\"225\" aria-label=\"\" role=\"img\" ><\/div>\n\t\t\t\t\t\t\t\t\t\t\t<div class=\"elementor-gallery-item__overlay\"><\/div>\n\t\t\t\t\t\t\t\t\t\t\t\t\t\t<\/a>\n\t\t\t\t\t\t\t<a class=\"e-gallery-item elementor-gallery-item elementor-animated-content\" href=\"https:\/\/ospoljcane.si\/nova\/wp-content\/uploads\/2023\/04\/IMG20230405140709-1600x1200-1.jpg\" data-elementor-open-lightbox=\"yes\" data-elementor-lightbox-slideshow=\"2ab8fba\" data-e-action-hash=\"#elementor-action%3Aaction%3Dlightbox%26settings%3DeyJpZCI6MTM5MTgsInVybCI6Imh0dHBzOlwvXC9vc3BvbGpjYW5lLnNpXC9ub3ZhXC93cC1jb250ZW50XC91cGxvYWRzXC8yMDIzXC8wNFwvSU1HMjAyMzA0MDUxNDA3MDktMTYwMHgxMjAwLTEuanBnIiwic2xpZGVzaG93IjoiMmFiOGZiYSJ9\">\n\t\t\t\t\t<div class=\"e-gallery-image elementor-gallery-item__image\" data-thumbnail=\"https:\/\/ospoljcane.si\/nova\/wp-content\/uploads\/2023\/04\/IMG20230405140709-1600x1200-1-300x225.jpg\" data-width=\"300\" data-height=\"225\" aria-label=\"\" role=\"img\" ><\/div>\n\t\t\t\t\t\t\t\t\t\t\t<div class=\"elementor-gallery-item__overlay\"><\/div>\n\t\t\t\t\t\t\t\t\t\t\t\t\t\t<\/a>\n\t\t\t\t\t\t\t<a class=\"e-gallery-item elementor-gallery-item elementor-animated-content\" href=\"https:\/\/ospoljcane.si\/nova\/wp-content\/uploads\/2023\/04\/IMG20230405140716-1600x1200-1.jpg\" data-elementor-open-lightbox=\"yes\" data-elementor-lightbox-slideshow=\"2ab8fba\" data-e-action-hash=\"#elementor-action%3Aaction%3Dlightbox%26settings%3DeyJpZCI6MTM5MTksInVybCI6Imh0dHBzOlwvXC9vc3BvbGpjYW5lLnNpXC9ub3ZhXC93cC1jb250ZW50XC91cGxvYWRzXC8yMDIzXC8wNFwvSU1HMjAyMzA0MDUxNDA3MTYtMTYwMHgxMjAwLTEuanBnIiwic2xpZGVzaG93IjoiMmFiOGZiYSJ9\">\n\t\t\t\t\t<div class=\"e-gallery-image elementor-gallery-item__image\" data-thumbnail=\"https:\/\/ospoljcane.si\/nova\/wp-content\/uploads\/2023\/04\/IMG20230405140716-1600x1200-1-300x225.jpg\" data-width=\"300\" data-height=\"225\" aria-label=\"\" role=\"img\" ><\/div>\n\t\t\t\t\t\t\t\t\t\t\t<div class=\"elementor-gallery-item__overlay\"><\/div>\n\t\t\t\t\t\t\t\t\t\t\t\t\t\t<\/a>\n\t\t\t\t\t\t\t<a class=\"e-gallery-item elementor-gallery-item elementor-animated-content\" href=\"https:\/\/ospoljcane.si\/nova\/wp-content\/uploads\/2023\/04\/IMG20230405125906-1600x1200-1-e1680857645211.jpg\" data-elementor-open-lightbox=\"yes\" data-elementor-lightbox-slideshow=\"2ab8fba\" data-e-action-hash=\"#elementor-action%3Aaction%3Dlightbox%26settings%3DeyJpZCI6MTM5MDYsInVybCI6Imh0dHBzOlwvXC9vc3BvbGpjYW5lLnNpXC9ub3ZhXC93cC1jb250ZW50XC91cGxvYWRzXC8yMDIzXC8wNFwvSU1HMjAyMzA0MDUxMjU5MDYtMTYwMHgxMjAwLTEtZTE2ODA4NTc2NDUyMTEuanBnIiwic2xpZGVzaG93IjoiMmFiOGZiYSJ9\">\n\t\t\t\t\t<div class=\"e-gallery-image elementor-gallery-item__image\" data-thumbnail=\"https:\/\/ospoljcane.si\/nova\/wp-content\/uploads\/2023\/04\/IMG20230405125906-1600x1200-1-e1680857645211-300x225.jpg\" data-width=\"300\" data-height=\"225\" aria-label=\"\" role=\"img\" ><\/div>\n\t\t\t\t\t\t\t\t\t\t\t<div class=\"elementor-gallery-item__overlay\"><\/div>\n\t\t\t\t\t\t\t\t\t\t\t\t\t\t<\/a>\n\t\t\t\t\t\t\t<a class=\"e-gallery-item elementor-gallery-item elementor-animated-content\" href=\"https:\/\/ospoljcane.si\/nova\/wp-content\/uploads\/2023\/04\/IMG20230405125912-1600x1200-1-e1680857631516.jpg\" data-elementor-open-lightbox=\"yes\" data-elementor-lightbox-slideshow=\"2ab8fba\" data-e-action-hash=\"#elementor-action%3Aaction%3Dlightbox%26settings%3DeyJpZCI6MTM5MDcsInVybCI6Imh0dHBzOlwvXC9vc3BvbGpjYW5lLnNpXC9ub3ZhXC93cC1jb250ZW50XC91cGxvYWRzXC8yMDIzXC8wNFwvSU1HMjAyMzA0MDUxMjU5MTItMTYwMHgxMjAwLTEtZTE2ODA4NTc2MzE1MTYuanBnIiwic2xpZGVzaG93IjoiMmFiOGZiYSJ9\">\n\t\t\t\t\t<div class=\"e-gallery-image elementor-gallery-item__image\" data-thumbnail=\"https:\/\/ospoljcane.si\/nova\/wp-content\/uploads\/2023\/04\/IMG20230405125912-1600x1200-1-e1680857631516-300x225.jpg\" data-width=\"300\" data-height=\"225\" aria-label=\"\" role=\"img\" ><\/div>\n\t\t\t\t\t\t\t\t\t\t\t<div class=\"elementor-gallery-item__overlay\"><\/div>\n\t\t\t\t\t\t\t\t\t\t\t\t\t\t<\/a>\n\t\t\t\t\t\t\t<a class=\"e-gallery-item elementor-gallery-item elementor-animated-content\" href=\"https:\/\/ospoljcane.si\/nova\/wp-content\/uploads\/2023\/04\/IMG20230405125919-1600x1200-1-e1680857613692.jpg\" data-elementor-open-lightbox=\"yes\" data-elementor-lightbox-slideshow=\"2ab8fba\" data-e-action-hash=\"#elementor-action%3Aaction%3Dlightbox%26settings%3DeyJpZCI6MTM5MDksInVybCI6Imh0dHBzOlwvXC9vc3BvbGpjYW5lLnNpXC9ub3ZhXC93cC1jb250ZW50XC91cGxvYWRzXC8yMDIzXC8wNFwvSU1HMjAyMzA0MDUxMjU5MTktMTYwMHgxMjAwLTEtZTE2ODA4NTc2MTM2OTIuanBnIiwic2xpZGVzaG93IjoiMmFiOGZiYSJ9\">\n\t\t\t\t\t<div class=\"e-gallery-image elementor-gallery-item__image\" data-thumbnail=\"https:\/\/ospoljcane.si\/nova\/wp-content\/uploads\/2023\/04\/IMG20230405125919-1600x1200-1-e1680857613692-300x225.jpg\" data-width=\"300\" data-height=\"225\" aria-label=\"\" role=\"img\" ><\/div>\n\t\t\t\t\t\t\t\t\t\t\t<div class=\"elementor-gallery-item__overlay\"><\/div>\n\t\t\t\t\t\t\t\t\t\t\t\t\t\t<\/a>\n\t\t\t\t\t\t\t<a class=\"e-gallery-item elementor-gallery-item elementor-animated-content\" href=\"https:\/\/ospoljcane.si\/nova\/wp-content\/uploads\/2023\/04\/IMG20230405125922-1600x1200-1-e1680857598516.jpg\" data-elementor-open-lightbox=\"yes\" data-elementor-lightbox-slideshow=\"2ab8fba\" data-e-action-hash=\"#elementor-action%3Aaction%3Dlightbox%26settings%3DeyJpZCI6MTM5MTAsInVybCI6Imh0dHBzOlwvXC9vc3BvbGpjYW5lLnNpXC9ub3ZhXC93cC1jb250ZW50XC91cGxvYWRzXC8yMDIzXC8wNFwvSU1HMjAyMzA0MDUxMjU5MjItMTYwMHgxMjAwLTEtZTE2ODA4NTc1OTg1MTYuanBnIiwic2xpZGVzaG93IjoiMmFiOGZiYSJ9\">\n\t\t\t\t\t<div class=\"e-gallery-image elementor-gallery-item__image\" data-thumbnail=\"https:\/\/ospoljcane.si\/nova\/wp-content\/uploads\/2023\/04\/IMG20230405125922-1600x1200-1-e1680857598516-300x225.jpg\" data-width=\"300\" data-height=\"225\" aria-label=\"\" role=\"img\" ><\/div>\n\t\t\t\t\t\t\t\t\t\t\t<div class=\"elementor-gallery-item__overlay\"><\/div>\n\t\t\t\t\t\t\t\t\t\t\t\t\t\t<\/a>\n\t\t\t\t\t\t\t<a class=\"e-gallery-item elementor-gallery-item elementor-animated-content\" href=\"https:\/\/ospoljcane.si\/nova\/wp-content\/uploads\/2023\/04\/IMG20230405125927-1600x1200-1-e1680857586791.jpg\" data-elementor-open-lightbox=\"yes\" data-elementor-lightbox-slideshow=\"2ab8fba\" data-e-action-hash=\"#elementor-action%3Aaction%3Dlightbox%26settings%3DeyJpZCI6MTM5MTEsInVybCI6Imh0dHBzOlwvXC9vc3BvbGpjYW5lLnNpXC9ub3ZhXC93cC1jb250ZW50XC91cGxvYWRzXC8yMDIzXC8wNFwvSU1HMjAyMzA0MDUxMjU5MjctMTYwMHgxMjAwLTEtZTE2ODA4NTc1ODY3OTEuanBnIiwic2xpZGVzaG93IjoiMmFiOGZiYSJ9\">\n\t\t\t\t\t<div class=\"e-gallery-image elementor-gallery-item__image\" data-thumbnail=\"https:\/\/ospoljcane.si\/nova\/wp-content\/uploads\/2023\/04\/IMG20230405125927-1600x1200-1-e1680857586791-300x225.jpg\" data-width=\"300\" data-height=\"225\" aria-label=\"\" role=\"img\" ><\/div>\n\t\t\t\t\t\t\t\t\t\t\t<div class=\"elementor-gallery-item__overlay\"><\/div>\n\t\t\t\t\t\t\t\t\t\t\t\t\t\t<\/a>\n\t\t\t\t\t\t\t<a class=\"e-gallery-item elementor-gallery-item elementor-animated-content\" href=\"https:\/\/ospoljcane.si\/nova\/wp-content\/uploads\/2023\/04\/IMG20230405125915-1600x1200-1-e1680851348218.jpg\" data-elementor-open-lightbox=\"yes\" data-elementor-lightbox-slideshow=\"2ab8fba\" data-e-action-hash=\"#elementor-action%3Aaction%3Dlightbox%26settings%3DeyJpZCI6MTM5MDgsInVybCI6Imh0dHBzOlwvXC9vc3BvbGpjYW5lLnNpXC9ub3ZhXC93cC1jb250ZW50XC91cGxvYWRzXC8yMDIzXC8wNFwvSU1HMjAyMzA0MDUxMjU5MTUtMTYwMHgxMjAwLTEtZTE2ODA4NTEzNDgyMTguanBnIiwic2xpZGVzaG93IjoiMmFiOGZiYSJ9\">\n\t\t\t\t\t<div class=\"e-gallery-image elementor-gallery-item__image\" data-thumbnail=\"https:\/\/ospoljcane.si\/nova\/wp-content\/uploads\/2023\/04\/IMG20230405125915-1600x1200-1-e1680851348218-300x225.jpg\" data-width=\"300\" data-height=\"225\" aria-label=\"\" role=\"img\" ><\/div>\n\t\t\t\t\t\t\t\t\t\t\t<div class=\"elementor-gallery-item__overlay\"><\/div>\n\t\t\t\t\t\t\t\t\t\t\t\t\t\t<\/a>\n\t\t\t\t\t\t\t<a class=\"e-gallery-item elementor-gallery-item elementor-animated-content\" href=\"https:\/\/ospoljcane.si\/nova\/wp-content\/uploads\/2023\/04\/IMG20230405125928-1600x1200-1-e1680851363159.jpg\" data-elementor-open-lightbox=\"yes\" data-elementor-lightbox-slideshow=\"2ab8fba\" data-e-action-hash=\"#elementor-action%3Aaction%3Dlightbox%26settings%3DeyJpZCI6MTM5MTIsInVybCI6Imh0dHBzOlwvXC9vc3BvbGpjYW5lLnNpXC9ub3ZhXC93cC1jb250ZW50XC91cGxvYWRzXC8yMDIzXC8wNFwvSU1HMjAyMzA0MDUxMjU5MjgtMTYwMHgxMjAwLTEtZTE2ODA4NTEzNjMxNTkuanBnIiwic2xpZGVzaG93IjoiMmFiOGZiYSJ9\">\n\t\t\t\t\t<div class=\"e-gallery-image elementor-gallery-item__image\" data-thumbnail=\"https:\/\/ospoljcane.si\/nova\/wp-content\/uploads\/2023\/04\/IMG20230405125928-1600x1200-1-e1680851363159-300x225.jpg\" data-width=\"300\" data-height=\"225\" aria-label=\"\" role=\"img\" ><\/div>\n\t\t\t\t\t\t\t\t\t\t\t<div class=\"elementor-gallery-item__overlay\"><\/div>\n\t\t\t\t\t\t\t\t\t\t\t\t\t\t<\/a>\n\t\t\t\t\t<\/div>\n\t\t\t\t\t<\/div>\n\t\t\t\t<\/div>\n\t\t\t\t\t<\/div>\n\t\t<\/div>\n\t\t\t\t\t<\/div>\n\t\t<\/section>\n\t\t\t\t<\/div>\n\t\t","protected":false},"excerpt":{"rendered":"","protected":false},"author":6,"featured_media":0,"parent":0,"menu_order":0,"comment_status":"closed","ping_status":"closed","template":"","meta":{"footnotes":""},"class_list":["post-13905","page","type-page","status-publish","hentry","image-hover-transition-effect","latest_post"],"yoast_head":"<!-- This site is optimized with the Yoast SEO plugin v27.4 - https:\/\/yoast.com\/product\/yoast-seo-wordpress\/ -->\n<title>Slovenske tradicionalne jedi - Osnovna \u0161ola Kajetana Kovi\u010da Polj\u010dane<\/title>\n<meta name=\"robots\" content=\"index, follow, max-snippet:-1, max-image-preview:large, max-video-preview:-1\" \/>\n<link rel=\"canonical\" href=\"https:\/\/ospoljcane.si\/nova\/slovenske-tradicionalne-jedi\/\" \/>\n<meta property=\"og:locale\" content=\"sl_SI\" \/>\n<meta property=\"og:type\" content=\"article\" \/>\n<meta property=\"og:title\" content=\"Slovenske tradicionalne jedi - Osnovna \u0161ola Kajetana Kovi\u010da Polj\u010dane\" \/>\n<meta property=\"og:url\" content=\"https:\/\/ospoljcane.si\/nova\/slovenske-tradicionalne-jedi\/\" \/>\n<meta property=\"og:site_name\" content=\"Osnovna \u0161ola Kajetana Kovi\u010da Polj\u010dane\" \/>\n<meta property=\"article:modified_time\" content=\"2023-04-07T08:54:42+00:00\" \/>\n<meta name=\"twitter:card\" content=\"summary_large_image\" \/>\n<script type=\"application\/ld+json\" class=\"yoast-schema-graph\">{\"@context\":\"https:\\\/\\\/schema.org\",\"@graph\":[{\"@type\":\"WebPage\",\"@id\":\"https:\\\/\\\/ospoljcane.si\\\/nova\\\/slovenske-tradicionalne-jedi\\\/\",\"url\":\"https:\\\/\\\/ospoljcane.si\\\/nova\\\/slovenske-tradicionalne-jedi\\\/\",\"name\":\"Slovenske tradicionalne jedi - Osnovna \u0161ola Kajetana Kovi\u010da Polj\u010dane\",\"isPartOf\":{\"@id\":\"https:\\\/\\\/ospoljcane.si\\\/nova\\\/#website\"},\"datePublished\":\"2023-04-07T07:06:38+00:00\",\"dateModified\":\"2023-04-07T08:54:42+00:00\",\"breadcrumb\":{\"@id\":\"https:\\\/\\\/ospoljcane.si\\\/nova\\\/slovenske-tradicionalne-jedi\\\/#breadcrumb\"},\"inLanguage\":\"sl-SI\",\"potentialAction\":[{\"@type\":\"ReadAction\",\"target\":[\"https:\\\/\\\/ospoljcane.si\\\/nova\\\/slovenske-tradicionalne-jedi\\\/\"]}]},{\"@type\":\"BreadcrumbList\",\"@id\":\"https:\\\/\\\/ospoljcane.si\\\/nova\\\/slovenske-tradicionalne-jedi\\\/#breadcrumb\",\"itemListElement\":[{\"@type\":\"ListItem\",\"position\":1,\"name\":\"Domov\",\"item\":\"https:\\\/\\\/ospoljcane.si\\\/nova\\\/\"},{\"@type\":\"ListItem\",\"position\":2,\"name\":\"Slovenske tradicionalne jedi\"}]},{\"@type\":\"WebSite\",\"@id\":\"https:\\\/\\\/ospoljcane.si\\\/nova\\\/#website\",\"url\":\"https:\\\/\\\/ospoljcane.si\\\/nova\\\/\",\"name\":\"Osnovna \u0161ola Kajetana Kovi\u010da Polj\u010dane\",\"description\":\"\",\"publisher\":{\"@id\":\"https:\\\/\\\/ospoljcane.si\\\/nova\\\/#organization\"},\"potentialAction\":[{\"@type\":\"SearchAction\",\"target\":{\"@type\":\"EntryPoint\",\"urlTemplate\":\"https:\\\/\\\/ospoljcane.si\\\/nova\\\/?s={search_term_string}\"},\"query-input\":{\"@type\":\"PropertyValueSpecification\",\"valueRequired\":true,\"valueName\":\"search_term_string\"}}],\"inLanguage\":\"sl-SI\"},{\"@type\":\"Organization\",\"@id\":\"https:\\\/\\\/ospoljcane.si\\\/nova\\\/#organization\",\"name\":\"Osnovna \u0161ola Kajetana Kovi\u010da Polj\u010dane\",\"url\":\"https:\\\/\\\/ospoljcane.si\\\/nova\\\/\",\"logo\":{\"@type\":\"ImageObject\",\"inLanguage\":\"sl-SI\",\"@id\":\"https:\\\/\\\/ospoljcane.si\\\/nova\\\/#\\\/schema\\\/logo\\\/image\\\/\",\"url\":\"https:\\\/\\\/ospoljcane.si\\\/nova\\\/wp-content\\\/uploads\\\/2020\\\/12\\\/cropped-cropped-Logotip-sole-2016_3G-1-1.png\",\"contentUrl\":\"https:\\\/\\\/ospoljcane.si\\\/nova\\\/wp-content\\\/uploads\\\/2020\\\/12\\\/cropped-cropped-Logotip-sole-2016_3G-1-1.png\",\"width\":512,\"height\":512,\"caption\":\"Osnovna \u0161ola Kajetana Kovi\u010da Polj\u010dane\"},\"image\":{\"@id\":\"https:\\\/\\\/ospoljcane.si\\\/nova\\\/#\\\/schema\\\/logo\\\/image\\\/\"}}]}<\/script>\n<!-- \/ Yoast SEO plugin. -->","yoast_head_json":{"title":"Slovenske tradicionalne jedi - Osnovna \u0161ola Kajetana Kovi\u010da Polj\u010dane","robots":{"index":"index","follow":"follow","max-snippet":"max-snippet:-1","max-image-preview":"max-image-preview:large","max-video-preview":"max-video-preview:-1"},"canonical":"https:\/\/ospoljcane.si\/nova\/slovenske-tradicionalne-jedi\/","og_locale":"sl_SI","og_type":"article","og_title":"Slovenske tradicionalne jedi - Osnovna \u0161ola Kajetana Kovi\u010da Polj\u010dane","og_url":"https:\/\/ospoljcane.si\/nova\/slovenske-tradicionalne-jedi\/","og_site_name":"Osnovna \u0161ola Kajetana Kovi\u010da Polj\u010dane","article_modified_time":"2023-04-07T08:54:42+00:00","twitter_card":"summary_large_image","schema":{"@context":"https:\/\/schema.org","@graph":[{"@type":"WebPage","@id":"https:\/\/ospoljcane.si\/nova\/slovenske-tradicionalne-jedi\/","url":"https:\/\/ospoljcane.si\/nova\/slovenske-tradicionalne-jedi\/","name":"Slovenske tradicionalne jedi - Osnovna \u0161ola Kajetana Kovi\u010da Polj\u010dane","isPartOf":{"@id":"https:\/\/ospoljcane.si\/nova\/#website"},"datePublished":"2023-04-07T07:06:38+00:00","dateModified":"2023-04-07T08:54:42+00:00","breadcrumb":{"@id":"https:\/\/ospoljcane.si\/nova\/slovenske-tradicionalne-jedi\/#breadcrumb"},"inLanguage":"sl-SI","potentialAction":[{"@type":"ReadAction","target":["https:\/\/ospoljcane.si\/nova\/slovenske-tradicionalne-jedi\/"]}]},{"@type":"BreadcrumbList","@id":"https:\/\/ospoljcane.si\/nova\/slovenske-tradicionalne-jedi\/#breadcrumb","itemListElement":[{"@type":"ListItem","position":1,"name":"Domov","item":"https:\/\/ospoljcane.si\/nova\/"},{"@type":"ListItem","position":2,"name":"Slovenske tradicionalne jedi"}]},{"@type":"WebSite","@id":"https:\/\/ospoljcane.si\/nova\/#website","url":"https:\/\/ospoljcane.si\/nova\/","name":"Osnovna \u0161ola Kajetana Kovi\u010da Polj\u010dane","description":"","publisher":{"@id":"https:\/\/ospoljcane.si\/nova\/#organization"},"potentialAction":[{"@type":"SearchAction","target":{"@type":"EntryPoint","urlTemplate":"https:\/\/ospoljcane.si\/nova\/?s={search_term_string}"},"query-input":{"@type":"PropertyValueSpecification","valueRequired":true,"valueName":"search_term_string"}}],"inLanguage":"sl-SI"},{"@type":"Organization","@id":"https:\/\/ospoljcane.si\/nova\/#organization","name":"Osnovna \u0161ola Kajetana Kovi\u010da Polj\u010dane","url":"https:\/\/ospoljcane.si\/nova\/","logo":{"@type":"ImageObject","inLanguage":"sl-SI","@id":"https:\/\/ospoljcane.si\/nova\/#\/schema\/logo\/image\/","url":"https:\/\/ospoljcane.si\/nova\/wp-content\/uploads\/2020\/12\/cropped-cropped-Logotip-sole-2016_3G-1-1.png","contentUrl":"https:\/\/ospoljcane.si\/nova\/wp-content\/uploads\/2020\/12\/cropped-cropped-Logotip-sole-2016_3G-1-1.png","width":512,"height":512,"caption":"Osnovna \u0161ola Kajetana Kovi\u010da Polj\u010dane"},"image":{"@id":"https:\/\/ospoljcane.si\/nova\/#\/schema\/logo\/image\/"}}]}},"_links":{"self":[{"href":"https:\/\/ospoljcane.si\/nova\/wp-json\/wp\/v2\/pages\/13905","targetHints":{"allow":["GET"]}}],"collection":[{"href":"https:\/\/ospoljcane.si\/nova\/wp-json\/wp\/v2\/pages"}],"about":[{"href":"https:\/\/ospoljcane.si\/nova\/wp-json\/wp\/v2\/types\/page"}],"author":[{"embeddable":true,"href":"https:\/\/ospoljcane.si\/nova\/wp-json\/wp\/v2\/users\/6"}],"replies":[{"embeddable":true,"href":"https:\/\/ospoljcane.si\/nova\/wp-json\/wp\/v2\/comments?post=13905"}],"version-history":[{"count":3,"href":"https:\/\/ospoljcane.si\/nova\/wp-json\/wp\/v2\/pages\/13905\/revisions"}],"predecessor-version":[{"id":13922,"href":"https:\/\/ospoljcane.si\/nova\/wp-json\/wp\/v2\/pages\/13905\/revisions\/13922"}],"wp:attachment":[{"href":"https:\/\/ospoljcane.si\/nova\/wp-json\/wp\/v2\/media?parent=13905"}],"curies":[{"name":"wp","href":"https:\/\/api.w.org\/{rel}","templated":true}]}}