{"id":13821,"date":"2023-04-03T04:34:49","date_gmt":"2023-04-03T02:34:49","guid":{"rendered":"http:\/\/ospoljcane.si\/nova\/?page_id=13821"},"modified":"2023-05-30T08:55:58","modified_gmt":"2023-05-30T06:55:58","slug":"kemijska-analiza-vode-iz-reke-dravinje-in-potoka-breznica","status":"publish","type":"page","link":"https:\/\/ospoljcane.si\/nova\/kemijska-analiza-vode-iz-reke-dravinje-in-potoka-breznica\/","title":{"rendered":"Kemijska analiza vode iz reke Dravinje in potoka Bre\u017enica"},"content":{"rendered":"\t\t<div data-elementor-type=\"wp-page\" data-elementor-id=\"13821\" class=\"elementor elementor-13821\" data-elementor-post-type=\"page\">\n\t\t\t\t\t\t<section class=\"elementor-section elementor-top-section elementor-element elementor-element-0b66536 elementor-section-boxed elementor-section-height-default elementor-section-height-default\" data-id=\"0b66536\" data-element_type=\"section\" data-e-type=\"section\">\n\t\t\t\t\t\t<div class=\"elementor-container elementor-column-gap-default\">\n\t\t\t\t\t<div class=\"elementor-column elementor-col-50 elementor-top-column elementor-element elementor-element-a9a94dc\" data-id=\"a9a94dc\" data-element_type=\"column\" data-e-type=\"column\">\n\t\t\t<div class=\"elementor-widget-wrap elementor-element-populated\">\n\t\t\t\t\t\t<div class=\"elementor-element elementor-element-32c8c3a elementor-widget elementor-widget-image\" data-id=\"32c8c3a\" data-element_type=\"widget\" data-e-type=\"widget\" data-widget_type=\"image.default\">\n\t\t\t\t<div class=\"elementor-widget-container\">\n\t\t\t\t\t\t\t\t\t\t\t\t\t\t\t<img fetchpriority=\"high\" decoding=\"async\" width=\"600\" height=\"293\" src=\"https:\/\/ospoljcane.si\/nova\/wp-content\/uploads\/2023\/04\/dravinja-1600x1200-1.png\" class=\"attachment-medium_large size-medium_large wp-image-13823\" alt=\"\" srcset=\"https:\/\/ospoljcane.si\/nova\/wp-content\/uploads\/2023\/04\/dravinja-1600x1200-1.png 600w, https:\/\/ospoljcane.si\/nova\/wp-content\/uploads\/2023\/04\/dravinja-1600x1200-1-300x147.png 300w\" sizes=\"(max-width: 600px) 100vw, 600px\" \/>\t\t\t\t\t\t\t\t\t\t\t\t\t\t\t<\/div>\n\t\t\t\t<\/div>\n\t\t\t\t\t<\/div>\n\t\t<\/div>\n\t\t\t\t<div class=\"elementor-column elementor-col-50 elementor-top-column elementor-element elementor-element-c02402c\" data-id=\"c02402c\" data-element_type=\"column\" data-e-type=\"column\">\n\t\t\t<div class=\"elementor-widget-wrap elementor-element-populated\">\n\t\t\t\t\t\t<div class=\"elementor-element elementor-element-1b9f763 elementor-widget elementor-widget-image\" data-id=\"1b9f763\" data-element_type=\"widget\" data-e-type=\"widget\" data-widget_type=\"image.default\">\n\t\t\t\t<div class=\"elementor-widget-container\">\n\t\t\t\t\t\t\t\t\t\t\t\t\t\t\t<img decoding=\"async\" width=\"600\" height=\"347\" src=\"https:\/\/ospoljcane.si\/nova\/wp-content\/uploads\/2023\/04\/breznica-1600x1200-1.png\" class=\"attachment-large size-large wp-image-13822\" alt=\"\" srcset=\"https:\/\/ospoljcane.si\/nova\/wp-content\/uploads\/2023\/04\/breznica-1600x1200-1.png 600w, https:\/\/ospoljcane.si\/nova\/wp-content\/uploads\/2023\/04\/breznica-1600x1200-1-300x174.png 300w\" sizes=\"(max-width: 600px) 100vw, 600px\" \/>\t\t\t\t\t\t\t\t\t\t\t\t\t\t\t<\/div>\n\t\t\t\t<\/div>\n\t\t\t\t\t<\/div>\n\t\t<\/div>\n\t\t\t\t\t<\/div>\n\t\t<\/section>\n\t\t\t\t<section class=\"elementor-section elementor-top-section elementor-element elementor-element-81cde07 elementor-section-boxed elementor-section-height-default elementor-section-height-default\" data-id=\"81cde07\" data-element_type=\"section\" data-e-type=\"section\">\n\t\t\t\t\t\t<div class=\"elementor-container elementor-column-gap-default\">\n\t\t\t\t\t<div class=\"elementor-column elementor-col-100 elementor-top-column elementor-element elementor-element-fd6b2b5\" data-id=\"fd6b2b5\" data-element_type=\"column\" data-e-type=\"column\">\n\t\t\t<div class=\"elementor-widget-wrap elementor-element-populated\">\n\t\t\t\t\t\t<div class=\"elementor-element elementor-element-410fea7 elementor-widget elementor-widget-text-editor\" data-id=\"410fea7\" data-element_type=\"widget\" data-e-type=\"widget\" data-widget_type=\"text-editor.default\">\n\t\t\t\t<div class=\"elementor-widget-container\">\n\t\t\t\t\t\t\t\t\t<p>Dvakrat letno izvajamo meritve prisotnosti potencialno toksi\u010dnih elementov in\u00a0<span style=\"color: var( --e-global-color-text ); font-family: var( --e-global-typography-text-font-family ), Sans-serif; font-weight: var( --e-global-typography-text-font-weight );\">nekaterih drugih onesna\u017eeval v reki Dravinji in v potoku Bre\u017enica. S kemijsko analizo\u00a0<\/span><span style=\"color: var( --e-global-color-text ); font-family: var( --e-global-typography-text-font-family ), Sans-serif; font-weight: var( --e-global-typography-text-font-weight );\">vzorcev vod ugotavljamo koncentracije prisotnih nevarnih snovi kot so mangan, baker,\u00a0<\/span><span style=\"color: var( --e-global-color-text ); font-family: var( --e-global-typography-text-font-family ), Sans-serif; font-weight: var( --e-global-typography-text-font-weight );\">nikelj, cink, kadmij, arzen, svinec, \u017eelezo, amonij, nitrat, detergenti in fenoli.\u00a0 Merimo\u00a0<\/span><span style=\"color: var( --e-global-color-text ); font-family: var( --e-global-typography-text-font-family ), Sans-serif; font-weight: var( --e-global-typography-text-font-weight );\">tudi pH vode, dolo\u010dimo barvo, motnost in vonj. Na terenu je potrebno nujno opazovati\u00a0<\/span><span style=\"color: var( --e-global-color-text ); font-family: var( --e-global-typography-text-font-family ), Sans-serif; font-weight: var( --e-global-typography-text-font-weight );\">vonj, obarvanost, pene in druge o\u010dem vidne spremembe, saj nam prav to pove, da je\u00a0<\/span><span style=\"color: var( --e-global-color-text ); font-family: var( --e-global-typography-text-font-family ), Sans-serif; font-weight: var( --e-global-typography-text-font-weight );\">voda onesna\u017eena.<\/span><\/p><p>Dosedanje meritve so pokazale, da se nevarne snovi nahajajo tako v reki Dravinji kot\u00a0<span style=\"color: var( --e-global-color-text ); font-family: var( --e-global-typography-text-font-family ), Sans-serif; font-weight: var( --e-global-typography-text-font-weight );\">tudi v potoku Bre\u017enica, kar pomeni, da predstavljajo nevarnost za vsa \u017eiva bitja. Ob\u00a0<\/span><span style=\"color: var( --e-global-color-text ); font-family: var( --e-global-typography-text-font-family ), Sans-serif; font-weight: var( --e-global-typography-text-font-weight );\">primerjavi izmerjenih vrednosti in dovoljenih vrednosti v vodi smo ugotovili, da izmerjene\u00a0<\/span><span style=\"color: var( --e-global-color-text ); font-family: var( --e-global-typography-text-font-family ), Sans-serif; font-weight: var( --e-global-typography-text-font-weight );\">vrednosti prisotnih nevarnih onesna\u017eevalcev v reki Dravinji in v potoku Bre\u017enica ne\u00a0<\/span><span style=\"color: var( --e-global-color-text ); font-family: var( --e-global-typography-text-font-family ), Sans-serif; font-weight: var( --e-global-typography-text-font-weight );\">presegajo dovoljene vrednosti za pitno vodo. To pa \u0161e ne pomeni, da je voda pitna! Zato\u00a0<\/span><span style=\"color: var( --e-global-color-text ); font-family: var( --e-global-typography-text-font-family ), Sans-serif; font-weight: var( --e-global-typography-text-font-weight );\">je potrebno narediti \u0161e nadaljnje raziskave in analize vode.<\/span><\/p><p>Z raziskavami smo ugotovili, da sta reka Dravinja in potok Bre\u017enica onesna\u017eena z\u00a0<span style=\"color: var( --e-global-color-text ); font-family: var( --e-global-typography-text-font-family ), Sans-serif; font-weight: var( --e-global-typography-text-font-weight );\">nevarnimi snovmi, kar lahko pripi\u0161emo predvsem odpadni vodi, industriji in\u00a0<\/span><span style=\"color: var( --e-global-color-text ); font-family: var( --e-global-typography-text-font-family ), Sans-serif; font-weight: var( --e-global-typography-text-font-weight );\">intenzivnemu kmetijstvu.<\/span><\/p><p>Onesna\u017eevanje vode je nevarno za vsa \u017eiva bitja in posledi\u010dno tudi za nas, ljudi.\u00a0<span style=\"color: var( --e-global-color-text ); font-family: var( --e-global-typography-text-font-family ), Sans-serif; font-weight: var( --e-global-typography-text-font-weight );\">Voda je del narave, zato bi moral vsak od nas poskrbeti, da jo \u010dim manj onesna\u017euje. Je\u00a0<\/span><span style=\"color: var( --e-global-color-text ); font-family: var( --e-global-typography-text-font-family ), Sans-serif; font-weight: var( --e-global-typography-text-font-weight );\">vir \u017eivljenja, zato moramo prav vsi skrbeti za \u010disto\u010do vode. Z vodo moramo ravnati\u00a0<\/span><span style=\"color: var( --e-global-color-text ); font-family: var( --e-global-typography-text-font-family ), Sans-serif; font-weight: var( --e-global-typography-text-font-weight );\">skrbno in preudarno. Reke in potoki naj ne bodo odlagali\u0161\u010da odpadkov. Ohranjajmo vodo\u00a0<\/span><span style=\"color: var( --e-global-color-text ); font-family: var( --e-global-typography-text-font-family ), Sans-serif; font-weight: var( --e-global-typography-text-font-weight );\">in ohranjajmo \u017eivljenje. Brez vode tudi nas ni. Voda odseva na\u0161 odnos do narave.<\/span><\/p><p>Z raziskavo \u017eelimo krepiti na\u0161 pozitiven in korekten odnos do vode in narave.<\/p><p>Analizo vode naredimo s t. i. hitrimi testi. Vzorcu vode po navodilih dodamo\u00a0<span style=\"color: var( --e-global-color-text ); font-family: var( --e-global-typography-text-font-family ), Sans-serif; font-weight: var( --e-global-typography-text-font-weight );\">posamezne reagente. Pote\u010de kemijska reakcija s snovjo, ki\u00a0 jo \u017eelimo dolo\u010diti.\u00a0<\/span><span style=\"color: var( --e-global-color-text ); font-family: var( --e-global-typography-text-font-family ), Sans-serif; font-weight: var( --e-global-typography-text-font-weight );\">Pri tem pride do spremembe barve raztopine. Barvo raztopine primerjamo z barvo na\u00a0<\/span><span style=\"color: var( --e-global-color-text ); font-family: var( --e-global-typography-text-font-family ), Sans-serif; font-weight: var( --e-global-typography-text-font-weight );\">prilo\u017eeni barvni lestvici in od\u010ditamo koncentracijo nevarne snovi, ki\u00a0 jo dolo\u010damo.\u00a0<\/span><span style=\"color: var( --e-global-color-text ); font-family: var( --e-global-typography-text-font-family ), Sans-serif; font-weight: var( --e-global-typography-text-font-weight );\">Vrednosti primerjamo z dovoljenimi koncentracijami prisotnosti v pitni vodi.<\/span><\/p><p><strong>\u00a0<\/strong><\/p><p><strong>SWAY:\u00a0<\/strong><a style=\"font-family: var( --e-global-typography-text-font-family ), Sans-serif; font-weight: var( --e-global-typography-text-font-weight ); background-color: #ffffff;\" href=\"https:\/\/sway.office.com\/FHfbLSgKwlcRr24T?ref=Link\"><strong>https:\/\/sway.office.com\/FHfbLSgKwlcRr24T?ref=Link<\/strong><\/a><\/p><p><a href=\"https:\/\/sway.office.com\/bceX3AfCWNZ6MncU?ref=Link\"><strong><span style=\"color: #3366ff;\">KEMIJSKA ANALIZA VODE\u00a0 2020\/21\u00a0<\/span><\/strong><\/a><\/p><p><a href=\"https:\/\/www.youtube.com\/watch?v=5QvsG5UcsQE\"><strong><span style=\"color: #3366ff;\">KEMIJSKA ANALIZA VODE 2021\/22<\/span><\/strong><\/a><\/p><p><a href=\"https:\/\/ospoljcane.si\/nova\/wp-content\/uploads\/2023\/04\/KEMIJSKA-ANALIZA-VODE-CLANEK.pdf\"><strong>\u010cLANEK V PANORAMI\u00a0<\/strong><\/a><\/p><p><a href=\"https:\/\/ospoljcane.si\/nova\/wp-content\/uploads\/2023\/05\/KEMIJSKA-ANALIZA-VODE-V-REKI-DRAVINJI-IN-V-POTOKU-BREZNICA-2023-NOVO.pdf\"><strong><span style=\"color: #3366ff;\">KEMIJSKA ANALIZA VODE 2022\/2023<\/span><\/strong><\/a><\/p><p><strong><a href=\"https:\/\/ospoljcane.si\/nova\/wp-content\/uploads\/2023\/05\/KEMIJSKA-ANALIZA-VODE-primerjava-rezultatov-zadnjih-dveh-let.pdf\">KEMIJSKA ANALIZA VODE &#8211; PRIMERJAVA REZULTATOV ZADNJIH DVEH LET<\/a><\/strong><\/p>\t\t\t\t\t\t\t\t<\/div>\n\t\t\t\t<\/div>\n\t\t\t\t\t<\/div>\n\t\t<\/div>\n\t\t\t\t\t<\/div>\n\t\t<\/section>\n\t\t\t\t<\/div>\n\t\t","protected":false},"excerpt":{"rendered":"<p>Dvakrat letno izvajamo meritve prisotnosti potencialno toksi\u010dnih elementov in\u00a0nekaterih drugih onesna\u017eeval v reki Dravinji in v potoku Bre\u017enica. S kemijsko analizo\u00a0vzorcev vod ugotavljamo koncentracije prisotnih &hellip; <\/p>\n","protected":false},"author":6,"featured_media":0,"parent":0,"menu_order":0,"comment_status":"closed","ping_status":"closed","template":"","meta":{"footnotes":""},"class_list":["post-13821","page","type-page","status-publish","hentry","image-hover-transition-effect","latest_post"],"yoast_head":"<!-- This site is optimized with the Yoast SEO plugin v27.4 - https:\/\/yoast.com\/product\/yoast-seo-wordpress\/ -->\n<title>Kemijska analiza vode iz reke Dravinje in potoka Bre\u017enica - Osnovna \u0161ola Kajetana Kovi\u010da Polj\u010dane<\/title>\n<meta name=\"robots\" content=\"index, follow, max-snippet:-1, max-image-preview:large, max-video-preview:-1\" \/>\n<link rel=\"canonical\" href=\"https:\/\/ospoljcane.si\/nova\/kemijska-analiza-vode-iz-reke-dravinje-in-potoka-breznica\/\" \/>\n<meta property=\"og:locale\" content=\"sl_SI\" \/>\n<meta property=\"og:type\" content=\"article\" \/>\n<meta property=\"og:title\" content=\"Kemijska analiza vode iz reke Dravinje in potoka Bre\u017enica - Osnovna \u0161ola Kajetana Kovi\u010da Polj\u010dane\" \/>\n<meta property=\"og:description\" content=\"Dvakrat letno izvajamo meritve prisotnosti potencialno toksi\u010dnih elementov in\u00a0nekaterih drugih onesna\u017eeval v reki Dravinji in v potoku Bre\u017enica. S kemijsko analizo\u00a0vzorcev vod ugotavljamo koncentracije prisotnih &hellip;\" \/>\n<meta property=\"og:url\" content=\"https:\/\/ospoljcane.si\/nova\/kemijska-analiza-vode-iz-reke-dravinje-in-potoka-breznica\/\" \/>\n<meta property=\"og:site_name\" content=\"Osnovna \u0161ola Kajetana Kovi\u010da Polj\u010dane\" \/>\n<meta property=\"article:modified_time\" content=\"2023-05-30T06:55:58+00:00\" \/>\n<meta property=\"og:image\" content=\"http:\/\/ospoljcane.si\/nova\/wp-content\/uploads\/2023\/04\/dravinja-1600x1200-1.png\" \/>\n<meta name=\"twitter:card\" content=\"summary_large_image\" \/>\n<meta name=\"twitter:label1\" content=\"Est. reading time\" \/>\n\t<meta name=\"twitter:data1\" content=\"3 minute\" \/>\n<script type=\"application\/ld+json\" class=\"yoast-schema-graph\">{\"@context\":\"https:\\\/\\\/schema.org\",\"@graph\":[{\"@type\":\"WebPage\",\"@id\":\"https:\\\/\\\/ospoljcane.si\\\/nova\\\/kemijska-analiza-vode-iz-reke-dravinje-in-potoka-breznica\\\/\",\"url\":\"https:\\\/\\\/ospoljcane.si\\\/nova\\\/kemijska-analiza-vode-iz-reke-dravinje-in-potoka-breznica\\\/\",\"name\":\"Kemijska analiza vode iz reke Dravinje in potoka Bre\u017enica - Osnovna \u0161ola Kajetana Kovi\u010da Polj\u010dane\",\"isPartOf\":{\"@id\":\"https:\\\/\\\/ospoljcane.si\\\/nova\\\/#website\"},\"primaryImageOfPage\":{\"@id\":\"https:\\\/\\\/ospoljcane.si\\\/nova\\\/kemijska-analiza-vode-iz-reke-dravinje-in-potoka-breznica\\\/#primaryimage\"},\"image\":{\"@id\":\"https:\\\/\\\/ospoljcane.si\\\/nova\\\/kemijska-analiza-vode-iz-reke-dravinje-in-potoka-breznica\\\/#primaryimage\"},\"thumbnailUrl\":\"http:\\\/\\\/ospoljcane.si\\\/nova\\\/wp-content\\\/uploads\\\/2023\\\/04\\\/dravinja-1600x1200-1.png\",\"datePublished\":\"2023-04-03T02:34:49+00:00\",\"dateModified\":\"2023-05-30T06:55:58+00:00\",\"breadcrumb\":{\"@id\":\"https:\\\/\\\/ospoljcane.si\\\/nova\\\/kemijska-analiza-vode-iz-reke-dravinje-in-potoka-breznica\\\/#breadcrumb\"},\"inLanguage\":\"sl-SI\",\"potentialAction\":[{\"@type\":\"ReadAction\",\"target\":[\"https:\\\/\\\/ospoljcane.si\\\/nova\\\/kemijska-analiza-vode-iz-reke-dravinje-in-potoka-breznica\\\/\"]}]},{\"@type\":\"ImageObject\",\"inLanguage\":\"sl-SI\",\"@id\":\"https:\\\/\\\/ospoljcane.si\\\/nova\\\/kemijska-analiza-vode-iz-reke-dravinje-in-potoka-breznica\\\/#primaryimage\",\"url\":\"https:\\\/\\\/ospoljcane.si\\\/nova\\\/wp-content\\\/uploads\\\/2023\\\/04\\\/dravinja-1600x1200-1.png\",\"contentUrl\":\"https:\\\/\\\/ospoljcane.si\\\/nova\\\/wp-content\\\/uploads\\\/2023\\\/04\\\/dravinja-1600x1200-1.png\",\"width\":600,\"height\":293},{\"@type\":\"BreadcrumbList\",\"@id\":\"https:\\\/\\\/ospoljcane.si\\\/nova\\\/kemijska-analiza-vode-iz-reke-dravinje-in-potoka-breznica\\\/#breadcrumb\",\"itemListElement\":[{\"@type\":\"ListItem\",\"position\":1,\"name\":\"Domov\",\"item\":\"https:\\\/\\\/ospoljcane.si\\\/nova\\\/\"},{\"@type\":\"ListItem\",\"position\":2,\"name\":\"Kemijska analiza vode iz reke Dravinje in potoka Bre\u017enica\"}]},{\"@type\":\"WebSite\",\"@id\":\"https:\\\/\\\/ospoljcane.si\\\/nova\\\/#website\",\"url\":\"https:\\\/\\\/ospoljcane.si\\\/nova\\\/\",\"name\":\"Osnovna \u0161ola Kajetana Kovi\u010da Polj\u010dane\",\"description\":\"\",\"publisher\":{\"@id\":\"https:\\\/\\\/ospoljcane.si\\\/nova\\\/#organization\"},\"potentialAction\":[{\"@type\":\"SearchAction\",\"target\":{\"@type\":\"EntryPoint\",\"urlTemplate\":\"https:\\\/\\\/ospoljcane.si\\\/nova\\\/?s={search_term_string}\"},\"query-input\":{\"@type\":\"PropertyValueSpecification\",\"valueRequired\":true,\"valueName\":\"search_term_string\"}}],\"inLanguage\":\"sl-SI\"},{\"@type\":\"Organization\",\"@id\":\"https:\\\/\\\/ospoljcane.si\\\/nova\\\/#organization\",\"name\":\"Osnovna \u0161ola Kajetana Kovi\u010da Polj\u010dane\",\"url\":\"https:\\\/\\\/ospoljcane.si\\\/nova\\\/\",\"logo\":{\"@type\":\"ImageObject\",\"inLanguage\":\"sl-SI\",\"@id\":\"https:\\\/\\\/ospoljcane.si\\\/nova\\\/#\\\/schema\\\/logo\\\/image\\\/\",\"url\":\"https:\\\/\\\/ospoljcane.si\\\/nova\\\/wp-content\\\/uploads\\\/2020\\\/12\\\/cropped-cropped-Logotip-sole-2016_3G-1-1.png\",\"contentUrl\":\"https:\\\/\\\/ospoljcane.si\\\/nova\\\/wp-content\\\/uploads\\\/2020\\\/12\\\/cropped-cropped-Logotip-sole-2016_3G-1-1.png\",\"width\":512,\"height\":512,\"caption\":\"Osnovna \u0161ola Kajetana Kovi\u010da Polj\u010dane\"},\"image\":{\"@id\":\"https:\\\/\\\/ospoljcane.si\\\/nova\\\/#\\\/schema\\\/logo\\\/image\\\/\"}}]}<\/script>\n<!-- \/ Yoast SEO plugin. -->","yoast_head_json":{"title":"Kemijska analiza vode iz reke Dravinje in potoka Bre\u017enica - Osnovna \u0161ola Kajetana Kovi\u010da Polj\u010dane","robots":{"index":"index","follow":"follow","max-snippet":"max-snippet:-1","max-image-preview":"max-image-preview:large","max-video-preview":"max-video-preview:-1"},"canonical":"https:\/\/ospoljcane.si\/nova\/kemijska-analiza-vode-iz-reke-dravinje-in-potoka-breznica\/","og_locale":"sl_SI","og_type":"article","og_title":"Kemijska analiza vode iz reke Dravinje in potoka Bre\u017enica - Osnovna \u0161ola Kajetana Kovi\u010da Polj\u010dane","og_description":"Dvakrat letno izvajamo meritve prisotnosti potencialno toksi\u010dnih elementov in\u00a0nekaterih drugih onesna\u017eeval v reki Dravinji in v potoku Bre\u017enica. S kemijsko analizo\u00a0vzorcev vod ugotavljamo koncentracije prisotnih &hellip;","og_url":"https:\/\/ospoljcane.si\/nova\/kemijska-analiza-vode-iz-reke-dravinje-in-potoka-breznica\/","og_site_name":"Osnovna \u0161ola Kajetana Kovi\u010da Polj\u010dane","article_modified_time":"2023-05-30T06:55:58+00:00","og_image":[{"url":"http:\/\/ospoljcane.si\/nova\/wp-content\/uploads\/2023\/04\/dravinja-1600x1200-1.png","type":"","width":"","height":""}],"twitter_card":"summary_large_image","twitter_misc":{"Est. reading time":"3 minute"},"schema":{"@context":"https:\/\/schema.org","@graph":[{"@type":"WebPage","@id":"https:\/\/ospoljcane.si\/nova\/kemijska-analiza-vode-iz-reke-dravinje-in-potoka-breznica\/","url":"https:\/\/ospoljcane.si\/nova\/kemijska-analiza-vode-iz-reke-dravinje-in-potoka-breznica\/","name":"Kemijska analiza vode iz reke Dravinje in potoka Bre\u017enica - Osnovna \u0161ola Kajetana Kovi\u010da Polj\u010dane","isPartOf":{"@id":"https:\/\/ospoljcane.si\/nova\/#website"},"primaryImageOfPage":{"@id":"https:\/\/ospoljcane.si\/nova\/kemijska-analiza-vode-iz-reke-dravinje-in-potoka-breznica\/#primaryimage"},"image":{"@id":"https:\/\/ospoljcane.si\/nova\/kemijska-analiza-vode-iz-reke-dravinje-in-potoka-breznica\/#primaryimage"},"thumbnailUrl":"http:\/\/ospoljcane.si\/nova\/wp-content\/uploads\/2023\/04\/dravinja-1600x1200-1.png","datePublished":"2023-04-03T02:34:49+00:00","dateModified":"2023-05-30T06:55:58+00:00","breadcrumb":{"@id":"https:\/\/ospoljcane.si\/nova\/kemijska-analiza-vode-iz-reke-dravinje-in-potoka-breznica\/#breadcrumb"},"inLanguage":"sl-SI","potentialAction":[{"@type":"ReadAction","target":["https:\/\/ospoljcane.si\/nova\/kemijska-analiza-vode-iz-reke-dravinje-in-potoka-breznica\/"]}]},{"@type":"ImageObject","inLanguage":"sl-SI","@id":"https:\/\/ospoljcane.si\/nova\/kemijska-analiza-vode-iz-reke-dravinje-in-potoka-breznica\/#primaryimage","url":"https:\/\/ospoljcane.si\/nova\/wp-content\/uploads\/2023\/04\/dravinja-1600x1200-1.png","contentUrl":"https:\/\/ospoljcane.si\/nova\/wp-content\/uploads\/2023\/04\/dravinja-1600x1200-1.png","width":600,"height":293},{"@type":"BreadcrumbList","@id":"https:\/\/ospoljcane.si\/nova\/kemijska-analiza-vode-iz-reke-dravinje-in-potoka-breznica\/#breadcrumb","itemListElement":[{"@type":"ListItem","position":1,"name":"Domov","item":"https:\/\/ospoljcane.si\/nova\/"},{"@type":"ListItem","position":2,"name":"Kemijska analiza vode iz reke Dravinje in potoka Bre\u017enica"}]},{"@type":"WebSite","@id":"https:\/\/ospoljcane.si\/nova\/#website","url":"https:\/\/ospoljcane.si\/nova\/","name":"Osnovna \u0161ola Kajetana Kovi\u010da Polj\u010dane","description":"","publisher":{"@id":"https:\/\/ospoljcane.si\/nova\/#organization"},"potentialAction":[{"@type":"SearchAction","target":{"@type":"EntryPoint","urlTemplate":"https:\/\/ospoljcane.si\/nova\/?s={search_term_string}"},"query-input":{"@type":"PropertyValueSpecification","valueRequired":true,"valueName":"search_term_string"}}],"inLanguage":"sl-SI"},{"@type":"Organization","@id":"https:\/\/ospoljcane.si\/nova\/#organization","name":"Osnovna \u0161ola Kajetana Kovi\u010da Polj\u010dane","url":"https:\/\/ospoljcane.si\/nova\/","logo":{"@type":"ImageObject","inLanguage":"sl-SI","@id":"https:\/\/ospoljcane.si\/nova\/#\/schema\/logo\/image\/","url":"https:\/\/ospoljcane.si\/nova\/wp-content\/uploads\/2020\/12\/cropped-cropped-Logotip-sole-2016_3G-1-1.png","contentUrl":"https:\/\/ospoljcane.si\/nova\/wp-content\/uploads\/2020\/12\/cropped-cropped-Logotip-sole-2016_3G-1-1.png","width":512,"height":512,"caption":"Osnovna \u0161ola Kajetana Kovi\u010da Polj\u010dane"},"image":{"@id":"https:\/\/ospoljcane.si\/nova\/#\/schema\/logo\/image\/"}}]}},"_links":{"self":[{"href":"https:\/\/ospoljcane.si\/nova\/wp-json\/wp\/v2\/pages\/13821","targetHints":{"allow":["GET"]}}],"collection":[{"href":"https:\/\/ospoljcane.si\/nova\/wp-json\/wp\/v2\/pages"}],"about":[{"href":"https:\/\/ospoljcane.si\/nova\/wp-json\/wp\/v2\/types\/page"}],"author":[{"embeddable":true,"href":"https:\/\/ospoljcane.si\/nova\/wp-json\/wp\/v2\/users\/6"}],"replies":[{"embeddable":true,"href":"https:\/\/ospoljcane.si\/nova\/wp-json\/wp\/v2\/comments?post=13821"}],"version-history":[{"count":9,"href":"https:\/\/ospoljcane.si\/nova\/wp-json\/wp\/v2\/pages\/13821\/revisions"}],"predecessor-version":[{"id":14824,"href":"https:\/\/ospoljcane.si\/nova\/wp-json\/wp\/v2\/pages\/13821\/revisions\/14824"}],"wp:attachment":[{"href":"https:\/\/ospoljcane.si\/nova\/wp-json\/wp\/v2\/media?parent=13821"}],"curies":[{"name":"wp","href":"https:\/\/api.w.org\/{rel}","templated":true}]}}