{"id":13647,"date":"2023-03-29T17:32:49","date_gmt":"2023-03-29T15:32:49","guid":{"rendered":"http:\/\/ospoljcane.si\/nova\/?page_id=13647"},"modified":"2023-04-03T16:38:25","modified_gmt":"2023-04-03T14:38:25","slug":"nas-ucni-vrt","status":"publish","type":"page","link":"https:\/\/ospoljcane.si\/nova\/nas-ucni-vrt\/","title":{"rendered":"Na\u0161 u\u010dni vrt"},"content":{"rendered":"\t\t<div data-elementor-type=\"wp-page\" data-elementor-id=\"13647\" class=\"elementor elementor-13647\" data-elementor-post-type=\"page\">\n\t\t\t\t\t\t<section class=\"elementor-section elementor-top-section elementor-element elementor-element-49291ff elementor-section-boxed elementor-section-height-default elementor-section-height-default\" data-id=\"49291ff\" data-element_type=\"section\" data-e-type=\"section\">\n\t\t\t\t\t\t<div class=\"elementor-container elementor-column-gap-default\">\n\t\t\t\t\t<div class=\"elementor-column elementor-col-100 elementor-top-column elementor-element elementor-element-f739539\" data-id=\"f739539\" data-element_type=\"column\" data-e-type=\"column\">\n\t\t\t<div class=\"elementor-widget-wrap elementor-element-populated\">\n\t\t\t\t\t\t<div class=\"elementor-element elementor-element-1fbf894 elementor-widget elementor-widget-image\" data-id=\"1fbf894\" data-element_type=\"widget\" data-e-type=\"widget\" data-widget_type=\"image.default\">\n\t\t\t\t<div class=\"elementor-widget-container\">\n\t\t\t\t\t\t\t\t\t\t\t\t\t\t\t\t<a href=\"https:\/\/ospoljcane.si\/nova\/wp-content\/uploads\/2023\/03\/Tabla_Solski_Vrt.pdf\">\n\t\t\t\t\t\t\t<img fetchpriority=\"high\" decoding=\"async\" width=\"768\" height=\"512\" src=\"https:\/\/ospoljcane.si\/nova\/wp-content\/uploads\/2023\/03\/Tabla_Solski_Vrt1024_1-768x512.jpg\" class=\"attachment-medium_large size-medium_large wp-image-13648\" alt=\"\" srcset=\"https:\/\/ospoljcane.si\/nova\/wp-content\/uploads\/2023\/03\/Tabla_Solski_Vrt1024_1-768x512.jpg 768w, https:\/\/ospoljcane.si\/nova\/wp-content\/uploads\/2023\/03\/Tabla_Solski_Vrt1024_1-300x200.jpg 300w, https:\/\/ospoljcane.si\/nova\/wp-content\/uploads\/2023\/03\/Tabla_Solski_Vrt1024_1.jpg 1024w\" sizes=\"(max-width: 768px) 100vw, 768px\" \/>\t\t\t\t\t\t\t\t<\/a>\n\t\t\t\t\t\t\t\t\t\t\t\t\t\t\t<\/div>\n\t\t\t\t<\/div>\n\t\t\t\t\t<\/div>\n\t\t<\/div>\n\t\t\t\t\t<\/div>\n\t\t<\/section>\n\t\t\t\t<section class=\"elementor-section elementor-top-section elementor-element elementor-element-7da5dd2 elementor-section-boxed elementor-section-height-default elementor-section-height-default\" data-id=\"7da5dd2\" data-element_type=\"section\" data-e-type=\"section\">\n\t\t\t\t\t\t<div class=\"elementor-container elementor-column-gap-default\">\n\t\t\t\t\t<div class=\"elementor-column elementor-col-100 elementor-top-column elementor-element elementor-element-8f7a096\" data-id=\"8f7a096\" data-element_type=\"column\" data-e-type=\"column\">\n\t\t\t<div class=\"elementor-widget-wrap elementor-element-populated\">\n\t\t\t\t\t\t<div class=\"elementor-element elementor-element-a526f4a elementor-widget elementor-widget-text-editor\" data-id=\"a526f4a\" data-element_type=\"widget\" data-e-type=\"widget\" data-widget_type=\"text-editor.default\">\n\t\t\t\t<div class=\"elementor-widget-container\">\n\t\t\t\t\t\t\t\t\t<p><a href=\"https:\/\/sway.office.com\/8iuE9kOmGanEHoTh?ref=Link\"><b>PRIPRAVA GREDE ZA SADITEV IN SEJANJE MEDOVITIH RASTLIN<\/b><\/a><\/p><p><strong><a href=\"https:\/\/ospoljcane.si\/nova\/wp-content\/uploads\/2023\/04\/SEJEMO-IN-SADIMO.pdf\">SEJEMO IN SADIMO<\/a><\/strong><\/p>\t\t\t\t\t\t\t\t<\/div>\n\t\t\t\t<\/div>\n\t\t\t\t\t<\/div>\n\t\t<\/div>\n\t\t\t\t\t<\/div>\n\t\t<\/section>\n\t\t\t\t<\/div>\n\t\t","protected":false},"excerpt":{"rendered":"<p>PRIPRAVA GREDE ZA SADITEV IN SEJANJE MEDOVITIH RASTLIN SEJEMO IN SADIMO<\/p>\n","protected":false},"author":6,"featured_media":0,"parent":0,"menu_order":0,"comment_status":"closed","ping_status":"closed","template":"","meta":{"footnotes":""},"class_list":["post-13647","page","type-page","status-publish","hentry","image-hover-transition-effect","latest_post"],"yoast_head":"<!-- This site is optimized with the Yoast SEO plugin v27.4 - https:\/\/yoast.com\/product\/yoast-seo-wordpress\/ -->\n<title>Na\u0161 u\u010dni vrt - Osnovna \u0161ola Kajetana Kovi\u010da Polj\u010dane<\/title>\n<meta name=\"robots\" content=\"index, follow, max-snippet:-1, max-image-preview:large, max-video-preview:-1\" \/>\n<link rel=\"canonical\" href=\"https:\/\/ospoljcane.si\/nova\/nas-ucni-vrt\/\" \/>\n<meta property=\"og:locale\" content=\"sl_SI\" \/>\n<meta property=\"og:type\" content=\"article\" \/>\n<meta property=\"og:title\" content=\"Na\u0161 u\u010dni vrt - Osnovna \u0161ola Kajetana Kovi\u010da Polj\u010dane\" \/>\n<meta property=\"og:description\" content=\"PRIPRAVA GREDE ZA SADITEV IN SEJANJE MEDOVITIH RASTLIN SEJEMO IN SADIMO\" \/>\n<meta property=\"og:url\" content=\"https:\/\/ospoljcane.si\/nova\/nas-ucni-vrt\/\" \/>\n<meta property=\"og:site_name\" content=\"Osnovna \u0161ola Kajetana Kovi\u010da Polj\u010dane\" \/>\n<meta property=\"article:modified_time\" content=\"2023-04-03T14:38:25+00:00\" \/>\n<meta property=\"og:image\" content=\"http:\/\/ospoljcane.si\/nova\/wp-content\/uploads\/2023\/03\/Tabla_Solski_Vrt1024_1-768x512.jpg\" \/>\n<meta name=\"twitter:card\" content=\"summary_large_image\" \/>\n<meta name=\"twitter:label1\" content=\"Est. reading time\" \/>\n\t<meta name=\"twitter:data1\" content=\"1 minuta\" \/>\n<script type=\"application\/ld+json\" class=\"yoast-schema-graph\">{\"@context\":\"https:\\\/\\\/schema.org\",\"@graph\":[{\"@type\":\"WebPage\",\"@id\":\"https:\\\/\\\/ospoljcane.si\\\/nova\\\/nas-ucni-vrt\\\/\",\"url\":\"https:\\\/\\\/ospoljcane.si\\\/nova\\\/nas-ucni-vrt\\\/\",\"name\":\"Na\u0161 u\u010dni vrt - Osnovna \u0161ola Kajetana Kovi\u010da Polj\u010dane\",\"isPartOf\":{\"@id\":\"https:\\\/\\\/ospoljcane.si\\\/nova\\\/#website\"},\"primaryImageOfPage\":{\"@id\":\"https:\\\/\\\/ospoljcane.si\\\/nova\\\/nas-ucni-vrt\\\/#primaryimage\"},\"image\":{\"@id\":\"https:\\\/\\\/ospoljcane.si\\\/nova\\\/nas-ucni-vrt\\\/#primaryimage\"},\"thumbnailUrl\":\"http:\\\/\\\/ospoljcane.si\\\/nova\\\/wp-content\\\/uploads\\\/2023\\\/03\\\/Tabla_Solski_Vrt1024_1-768x512.jpg\",\"datePublished\":\"2023-03-29T15:32:49+00:00\",\"dateModified\":\"2023-04-03T14:38:25+00:00\",\"breadcrumb\":{\"@id\":\"https:\\\/\\\/ospoljcane.si\\\/nova\\\/nas-ucni-vrt\\\/#breadcrumb\"},\"inLanguage\":\"sl-SI\",\"potentialAction\":[{\"@type\":\"ReadAction\",\"target\":[\"https:\\\/\\\/ospoljcane.si\\\/nova\\\/nas-ucni-vrt\\\/\"]}]},{\"@type\":\"ImageObject\",\"inLanguage\":\"sl-SI\",\"@id\":\"https:\\\/\\\/ospoljcane.si\\\/nova\\\/nas-ucni-vrt\\\/#primaryimage\",\"url\":\"https:\\\/\\\/ospoljcane.si\\\/nova\\\/wp-content\\\/uploads\\\/2023\\\/03\\\/Tabla_Solski_Vrt1024_1.jpg\",\"contentUrl\":\"https:\\\/\\\/ospoljcane.si\\\/nova\\\/wp-content\\\/uploads\\\/2023\\\/03\\\/Tabla_Solski_Vrt1024_1.jpg\",\"width\":1024,\"height\":683},{\"@type\":\"BreadcrumbList\",\"@id\":\"https:\\\/\\\/ospoljcane.si\\\/nova\\\/nas-ucni-vrt\\\/#breadcrumb\",\"itemListElement\":[{\"@type\":\"ListItem\",\"position\":1,\"name\":\"Domov\",\"item\":\"https:\\\/\\\/ospoljcane.si\\\/nova\\\/\"},{\"@type\":\"ListItem\",\"position\":2,\"name\":\"Na\u0161 u\u010dni vrt\"}]},{\"@type\":\"WebSite\",\"@id\":\"https:\\\/\\\/ospoljcane.si\\\/nova\\\/#website\",\"url\":\"https:\\\/\\\/ospoljcane.si\\\/nova\\\/\",\"name\":\"Osnovna \u0161ola Kajetana Kovi\u010da Polj\u010dane\",\"description\":\"\",\"publisher\":{\"@id\":\"https:\\\/\\\/ospoljcane.si\\\/nova\\\/#organization\"},\"potentialAction\":[{\"@type\":\"SearchAction\",\"target\":{\"@type\":\"EntryPoint\",\"urlTemplate\":\"https:\\\/\\\/ospoljcane.si\\\/nova\\\/?s={search_term_string}\"},\"query-input\":{\"@type\":\"PropertyValueSpecification\",\"valueRequired\":true,\"valueName\":\"search_term_string\"}}],\"inLanguage\":\"sl-SI\"},{\"@type\":\"Organization\",\"@id\":\"https:\\\/\\\/ospoljcane.si\\\/nova\\\/#organization\",\"name\":\"Osnovna \u0161ola Kajetana Kovi\u010da Polj\u010dane\",\"url\":\"https:\\\/\\\/ospoljcane.si\\\/nova\\\/\",\"logo\":{\"@type\":\"ImageObject\",\"inLanguage\":\"sl-SI\",\"@id\":\"https:\\\/\\\/ospoljcane.si\\\/nova\\\/#\\\/schema\\\/logo\\\/image\\\/\",\"url\":\"https:\\\/\\\/ospoljcane.si\\\/nova\\\/wp-content\\\/uploads\\\/2020\\\/12\\\/cropped-cropped-Logotip-sole-2016_3G-1-1.png\",\"contentUrl\":\"https:\\\/\\\/ospoljcane.si\\\/nova\\\/wp-content\\\/uploads\\\/2020\\\/12\\\/cropped-cropped-Logotip-sole-2016_3G-1-1.png\",\"width\":512,\"height\":512,\"caption\":\"Osnovna \u0161ola Kajetana Kovi\u010da Polj\u010dane\"},\"image\":{\"@id\":\"https:\\\/\\\/ospoljcane.si\\\/nova\\\/#\\\/schema\\\/logo\\\/image\\\/\"}}]}<\/script>\n<!-- \/ Yoast SEO plugin. -->","yoast_head_json":{"title":"Na\u0161 u\u010dni vrt - Osnovna \u0161ola Kajetana Kovi\u010da Polj\u010dane","robots":{"index":"index","follow":"follow","max-snippet":"max-snippet:-1","max-image-preview":"max-image-preview:large","max-video-preview":"max-video-preview:-1"},"canonical":"https:\/\/ospoljcane.si\/nova\/nas-ucni-vrt\/","og_locale":"sl_SI","og_type":"article","og_title":"Na\u0161 u\u010dni vrt - Osnovna \u0161ola Kajetana Kovi\u010da Polj\u010dane","og_description":"PRIPRAVA GREDE ZA SADITEV IN SEJANJE MEDOVITIH RASTLIN SEJEMO IN SADIMO","og_url":"https:\/\/ospoljcane.si\/nova\/nas-ucni-vrt\/","og_site_name":"Osnovna \u0161ola Kajetana Kovi\u010da Polj\u010dane","article_modified_time":"2023-04-03T14:38:25+00:00","og_image":[{"url":"http:\/\/ospoljcane.si\/nova\/wp-content\/uploads\/2023\/03\/Tabla_Solski_Vrt1024_1-768x512.jpg","type":"","width":"","height":""}],"twitter_card":"summary_large_image","twitter_misc":{"Est. reading time":"1 minuta"},"schema":{"@context":"https:\/\/schema.org","@graph":[{"@type":"WebPage","@id":"https:\/\/ospoljcane.si\/nova\/nas-ucni-vrt\/","url":"https:\/\/ospoljcane.si\/nova\/nas-ucni-vrt\/","name":"Na\u0161 u\u010dni vrt - Osnovna \u0161ola Kajetana Kovi\u010da Polj\u010dane","isPartOf":{"@id":"https:\/\/ospoljcane.si\/nova\/#website"},"primaryImageOfPage":{"@id":"https:\/\/ospoljcane.si\/nova\/nas-ucni-vrt\/#primaryimage"},"image":{"@id":"https:\/\/ospoljcane.si\/nova\/nas-ucni-vrt\/#primaryimage"},"thumbnailUrl":"http:\/\/ospoljcane.si\/nova\/wp-content\/uploads\/2023\/03\/Tabla_Solski_Vrt1024_1-768x512.jpg","datePublished":"2023-03-29T15:32:49+00:00","dateModified":"2023-04-03T14:38:25+00:00","breadcrumb":{"@id":"https:\/\/ospoljcane.si\/nova\/nas-ucni-vrt\/#breadcrumb"},"inLanguage":"sl-SI","potentialAction":[{"@type":"ReadAction","target":["https:\/\/ospoljcane.si\/nova\/nas-ucni-vrt\/"]}]},{"@type":"ImageObject","inLanguage":"sl-SI","@id":"https:\/\/ospoljcane.si\/nova\/nas-ucni-vrt\/#primaryimage","url":"https:\/\/ospoljcane.si\/nova\/wp-content\/uploads\/2023\/03\/Tabla_Solski_Vrt1024_1.jpg","contentUrl":"https:\/\/ospoljcane.si\/nova\/wp-content\/uploads\/2023\/03\/Tabla_Solski_Vrt1024_1.jpg","width":1024,"height":683},{"@type":"BreadcrumbList","@id":"https:\/\/ospoljcane.si\/nova\/nas-ucni-vrt\/#breadcrumb","itemListElement":[{"@type":"ListItem","position":1,"name":"Domov","item":"https:\/\/ospoljcane.si\/nova\/"},{"@type":"ListItem","position":2,"name":"Na\u0161 u\u010dni vrt"}]},{"@type":"WebSite","@id":"https:\/\/ospoljcane.si\/nova\/#website","url":"https:\/\/ospoljcane.si\/nova\/","name":"Osnovna \u0161ola Kajetana Kovi\u010da Polj\u010dane","description":"","publisher":{"@id":"https:\/\/ospoljcane.si\/nova\/#organization"},"potentialAction":[{"@type":"SearchAction","target":{"@type":"EntryPoint","urlTemplate":"https:\/\/ospoljcane.si\/nova\/?s={search_term_string}"},"query-input":{"@type":"PropertyValueSpecification","valueRequired":true,"valueName":"search_term_string"}}],"inLanguage":"sl-SI"},{"@type":"Organization","@id":"https:\/\/ospoljcane.si\/nova\/#organization","name":"Osnovna \u0161ola Kajetana Kovi\u010da Polj\u010dane","url":"https:\/\/ospoljcane.si\/nova\/","logo":{"@type":"ImageObject","inLanguage":"sl-SI","@id":"https:\/\/ospoljcane.si\/nova\/#\/schema\/logo\/image\/","url":"https:\/\/ospoljcane.si\/nova\/wp-content\/uploads\/2020\/12\/cropped-cropped-Logotip-sole-2016_3G-1-1.png","contentUrl":"https:\/\/ospoljcane.si\/nova\/wp-content\/uploads\/2020\/12\/cropped-cropped-Logotip-sole-2016_3G-1-1.png","width":512,"height":512,"caption":"Osnovna \u0161ola Kajetana Kovi\u010da Polj\u010dane"},"image":{"@id":"https:\/\/ospoljcane.si\/nova\/#\/schema\/logo\/image\/"}}]}},"_links":{"self":[{"href":"https:\/\/ospoljcane.si\/nova\/wp-json\/wp\/v2\/pages\/13647","targetHints":{"allow":["GET"]}}],"collection":[{"href":"https:\/\/ospoljcane.si\/nova\/wp-json\/wp\/v2\/pages"}],"about":[{"href":"https:\/\/ospoljcane.si\/nova\/wp-json\/wp\/v2\/types\/page"}],"author":[{"embeddable":true,"href":"https:\/\/ospoljcane.si\/nova\/wp-json\/wp\/v2\/users\/6"}],"replies":[{"embeddable":true,"href":"https:\/\/ospoljcane.si\/nova\/wp-json\/wp\/v2\/comments?post=13647"}],"version-history":[{"count":15,"href":"https:\/\/ospoljcane.si\/nova\/wp-json\/wp\/v2\/pages\/13647\/revisions"}],"predecessor-version":[{"id":13853,"href":"https:\/\/ospoljcane.si\/nova\/wp-json\/wp\/v2\/pages\/13647\/revisions\/13853"}],"wp:attachment":[{"href":"https:\/\/ospoljcane.si\/nova\/wp-json\/wp\/v2\/media?parent=13647"}],"curies":[{"name":"wp","href":"https:\/\/api.w.org\/{rel}","templated":true}]}}