{"id":1364,"date":"2020-12-29T09:53:25","date_gmt":"2020-12-29T08:53:25","guid":{"rendered":"http:\/\/ospoljcane.si\/nova\/?page_id=1364"},"modified":"2021-11-04T20:33:16","modified_gmt":"2021-11-04T19:33:16","slug":"gasilci","status":"publish","type":"page","link":"https:\/\/ospoljcane.si\/nova\/gasilci\/","title":{"rendered":"Gasilsko dru\u0161tvo Polj\u010dane"},"content":{"rendered":"<div class=\"ospoljcane-postcontent\">\n<div class=\"ospoljcane-article\">\n<div align=\"center\">\n<p><strong>Zgodovinski pregled razvoja Gasilskega dru\u0161tva Polj\u010dane<\/strong><\/p>\n<p>&nbsp;<\/p>\n<\/div>\n<div>Za\u010detki razvoja organiziranega gasilstva v Polj\u010danah segajo v obdobje, ko je skozi na\u0161e kraje v drugi polovici 19. stoletja stekla \u017eeleznica. Izgradnja \u017eelezni\u0161ke proge in \u017eelezni\u0161ke postaje sta kraju prinesla velike spremembe. Na mirnem in redko naseljenem obmo\u010dju je hitro zraslo novo naselje s trgovskimi, gostinskimi in ostalimi obrtnimi dejavnostmi. Zgrajenih je bilo ve\u010d stanovanjskih in gospodarskih objektov, ki so bili ogro\u017eeni pred po\u017eari in elementarnimi nesre\u010dami, predvsem poplavljanjem Dravinje.<\/div>\n<div>Da bi zavarovali svojo imovino in imovino razvijajo\u010dega se naselja, so dne 3. februarja 1888 ustanovili po\u017earno brambo in dru\u0161tvo opremili z najosnovnej\u0161imi protipo\u017earnimi sredstvi. Ustanovitelj in prvi predsednik dru\u0161tva je bil gostilni\u010dar Josip Baumann iz Pekla.<\/div>\n<div>Prvi pisni podatki se nana\u0161ajo na sejo 20. februarja 1895 in na 8. redni letni ob\u010dni zbor 3. marca 1895. Za predsednika dru\u0161tva je bil izvoljen Ferdinand Ivanu\u0161, ki je dru\u0161tvo vodil do svoje smrti 16. novembra 1904. Na tem ob\u010dnem zboru je bilo ugotovljeno, da \u0161teje dru\u0161tvo 38 rednih in 55 podpornih \u010dlanov. Dru\u0161tvo je takrat \u017ee razpolagalo s prevozno ro\u010dno brizgalno.<\/div>\n<div>Do leta 1914 so dru\u0161tvo vodili polj\u010danski veljaki nem\u0161kega rodu: Franz Machoritsch, Josef Tainscheg in Karol Sima. Med prvo svetovno vojno je delovanje dru\u0161tva zamrlo, ker je bila ve\u010dina \u010dlanov vpoklicanih v vojsko.<\/div>\n<div>Prvi ob\u010dni zbor po prvi svetovni vojni je bil 27. junija 1920, ko je dru\u0161tvo ponovno o\u017eivelo pod slovenskim vodstvom. Na tem ob\u010dnem zboru je bil ugotovljen velik primankljaj orodja in oblek. Za novega predsednika je bil izvoljen Anton Po\u017eeg, ki je po dveh mesecih odstopil. Nasledil ga je podjetnik Franc Vezjak iz Spodnjih Polj\u010dan.<\/div>\n<div>14. avgusta 1921 je v Polj\u010danah zborovala \u201cMariborska gasilska \u017eupa\u201d. Po zborovanju je bila velika ljudska veselica, ki se je je udele\u017eilo 120 gasilcev iz drugih okrajev.<\/div>\n<div>Popis inventarja iz leta 1924 nam ka\u017ee materialno stanje dru\u0161tva, ki je takrat obsegalo: kompletno \u0161tirikolno vozno brizgalno, dvokolno ro\u010dno brizgalno, dvokolni cevni voz z 250 m cevi, dvodelno raztezalno lestev z dvema podpornicama, tridelno stre\u0161no lestev, 4 lestve za plezalce, 2 krampa, 4 pikone, mizo, stole, omaro za orodje, dvigalo za \u010di\u0161\u010denje vozov, plo\u010devinasto \u0161kropilnico, 11 plasti\u010dnih veder, 6 petrolejnih bakel, 6 ognjenih kavljev z drogovi, 3 signalne rogove, skovan in okra\u0161en dru\u0161tveni rog za pija\u010do, 3 m dolgo \u017ealno zastavo, 34 bluz, 2 beli bluzi, pla\u0161\u010d, 36 \u010depic, 10 pasov za plezalce, 28 pasov za mo\u0161tvo pri brizgalni, 38 \u010delad in voz za prevoz mo\u0161tva.<\/div>\n<div>Zaradi nesoglasij je bilo nekaj \u010dlanov izklju\u010denih in dru\u0161tva, odstopil pa je tudi predsednik Franc Vezjak. Funkcijo predsednika je za\u010dasno prevzel na\u010delnik Anton Medved, 1926 pa je bil ponovno izvoljen Karol Sima, ki pa je naslednje leto umrl. Za predsednika dru\u0161tva je bil izvoljen Josip Baumann, sin ustanovitelja dru\u0161tva. Novi predsednik je bil zavzet in sposoben gasilec ter organizator, \u017eal pa Slovencem v kraju ni bil naklonjen, kar se je posebej pokazalo ob za\u010detku druge svetovne vojne, leta 1941.<\/div>\n<div>Dru\u017eabno \u017eivljenje dru\u0161tva ima bogato tradicijo. V obdobju 1923\u20131937 spremljamo v zapisnikih poro\u010dila o poletnih veselicah s tombolo in silvestrovanju skoraj vsako leto. Vsaka prireditev je bila skrbno na\u010drtovana in izpeljana. Pred veselico so ponavadi izvedli \u0161e gasilsko vajo, nato sre\u010delov, \u0161aljivo po\u0161to, dr\u010do, kavarno, sla\u0161\u010di\u010darno, konfete in ples. Silvestrovanja in elitne plese so prirejali v\u00a0 hotelih Baumann in Machoritch. Gasilske veselice so bile vedno cenjene in dobro obiskane. Doma\u010di gasilci so v kraju vedno u\u017eivali velik ugled in spo\u0161tovanje.<\/div>\n<div>V obdobju Baumannovega predsedovanja je dru\u0161tvo vidno napredovalo in bele\u017eilo lepe uspehe. \u010clanstvo je postalo disciplinirano, modernizirala se je oprema. Dru\u0161tvo je kupilo prvo prenosno motorno brizgalno Rosenbauer v Linzu in avto Fiat za prevoz mo\u0161tva ter slavnostne uniforme za vse \u010dlane. Dohodki za gasilsko dejavnost so bili s strani dr\u017eave vedno skopi. Zato so morali gasilci s svojo iznajdljivostjo pritegniti druge vire od podpornih \u010dlanov, podjetnikov, botrinstev &#8230;<\/div>\n<div>4. septembra 1927 so ponosno in slovesno blagoslovili novo brizgalno. Gostje, gasilci in velika mno\u017eica ljudi so se zbrali na dvori\u0161\u010du hotela Baumann, vztrajali pa so vse do jutranjih ur. Botra nove brizgalne je bila ga. Kristina Sima. S to pridobitvijo je bilo \u00bbGasilno dru\u0161tvo Pekel\u00ab iz Polj\u010dan najmoderneje opremljeno gasilsko dru\u0161tvo v celotnem okro\u017eju.<\/div>\n<div>Slavnostna seja ob 40-letnici obstoja dru\u0161tva je bila 15. julija 1928 v hotelu g. Josipa Baumanna v Peklu. Udele\u017eili so se je pomembni gostje iz Maribora, Ptuja, Celja, Frama, Slovenskih Konjic. Posebno pozornost so v govorih namenili \u010dlanom ustanoviteljem in biv\u0161im na\u010delnikom dru\u0161tva. Popoldan so organizirali gasilsko vajo in parado, ki jo je prekinil po\u017ear v Spodnjih La\u017eah. Uspe\u0161na akcija se je zaklju\u010dila na zabavi do jutranje zore.<\/div>\n<div>Dru\u0161tvo se je dokon\u010dno motoriziralo z nakupom vozila Fiat leta 1930. Vozilo je nadomestilo gasilski voz s konjsko vprego in re\u0161ilo zadrege z zagotavljanjem konjske vprege, hkrati pa so bili gasilci prisiljeni opraviti \u0161oferski izpit. Istega leta je v Cerju do tal pogorela vini\u010darija, v njej pa se je zadu\u0161ila gluhonema deklica. To je edini zapis v kroniki za obdobja 1890-1938, ki omenja smrtno \u017ertev.<\/div>\n<div>3. decembra 1933 se dru\u0161tvo preimenuje v \u201cProstovoljno gasilsko \u010deto.\u201d Pripadnost organizaciji so pokazali z novimi uniformami in tako naredili \u0161e ve\u010dji vtis na javnih prireditvah.<\/div>\n<div>Ob svoji 50-letnici obstoja je dru\u0161tvo prejelo same pohvale. \u017dupni stare\u0161ina Klemen\u010di\u010d iz Maribora je izvr\u0161il pregled vseh \u010detnih knjig. Iz poro\u010dil je razvidno, da je dru\u0161tvo \u0161telo 160 podpornih \u010dlanov, 5 \u010dastnih in 23 rednih \u010dlanov. Ugotovljeno je bilo, da je dru\u0161tvo vedno in povsod svojemu bli\u017enjemu nudilo pomo\u010d.<\/div>\n<div>Tik pred drugo svetovno vojno leta 1940 je zajela gasilsko dru\u0161tvo ponovno velika notranja kriza. Predsednik Josip Baumann je nepri\u010dakovano odstopil od nadaljnega predsedstva, zato so ga izvolili za II. \u010dastnega predsednika. Predsednik postane Hans Ogorevc, poveljnik Anton Medved, tajnik Karl Pahor, blagajnik Andrej Mesari\u010d. Tvorita se po\u017earni ekipi za Polj\u010dane in Studenice. V letu 1940 izstopi iz dru\u0161tva blagajnik Adolf Baumann, nadomesti ga Andrej Mesari\u010d. V zadnjem zapisu v kroniki iz leta 1941 je dru\u0161tvo \u0161telo 24 aktivnih in 94 podpornih \u010dlanov.<\/div>\n<div>Ko se je za\u010dela druga svetovna vojna, so vodstvo ponovno prevzeli \u010dlani, ki so prej izstopili. Predsednika, poveljnika, tajnika in blagajnika so predali takratni nem\u0161ki oblasti, zaprli so jih v mariborske zapore. Obdol\u017eeni so bili, da so \u201cnem\u0161ko gasilsko dru\u0161tvo\u201d razbili, gasilski denar pa koristili za protinacisti\u010dno propagando. V \u010dasu okupacije je vodil dru\u0161tvo Josip Baumann, ostale funkcije pa njegovi somi\u0161ljeniki. Uspe\u0161no so izvedli poziv za vstop v \u010dlanstvo, ki je \u0161telo 50 aktivnih \u010dlanov, podvr\u017eenih strogi disciplini.<\/div>\n<div>Po kon\u010dani vojni so z delom za\u010deli znova. Prva organizatorja gasilstva v kraju sta bila Anton Medved in Hinko Riegler. Na ob\u010dnem zboru 24. septembra 1948 je bil za predsednika izvoljen Andrej Mesari\u010d, za poveljnika pa Anton Medved mlaj\u0161i. Po vojni je bil ves razpolo\u017eljivi gasilski material pomankljiv, iztro\u0161en in zastarel. Po letu 1950 se je pri\u010delo dru\u0161tvo postopoma oskrbovati s potrebno osebno in ostalo gasilsko opremo, nabavili so nove delovne uniforme.<\/div>\n<div>Ob tihi 70. letnici obstoja dru\u0161tva dne 13. junija 1958 je dru\u0161tvo s pomo\u010djo okrajne gasilske zveze Maribor in ob znatni podpori ob\u010dine Polj\u010dane prevzelo novo avtocisterno znamke TAM Pionir. Ob\u010dina je za potrebe gasilcev dodelila stavbo v centru Polj\u010dan. Iz stare stanovanjske hi\u0161e so gasilci sami in z raznimi prostovoljnimi prispevki krajanov zgradili stolp, uredili gara\u017eo in drugo. Skupaj z AMD (Avto-moto dru\u0161tvom Boris Vinter) Polj\u010dane so do leta 1968 uredili dru\u0161tvene prostore.<\/div>\n<div>Dne 22. septembra 1968 je dru\u0161tvo slovesno proslavilo svojo 80. letnico obstoja. Na tem jubileju so na paradi in veliki gasilski vaji sodelovala vsa dru\u0161tva Ob\u010dinske gasilske zveze Slovenska Bistrica, dru\u0161tvo je razvilo svoj prapor in predalo v uporabo nanovo urejen gasilski dom. Dru\u0161tvo se je \u010dlansko okrepilo, v sestav GD Polj\u010dane se je vklju\u010dila tudi enota LIO Polj\u010dane.<\/div>\n<div>Od leta 1981 je dru\u0161tvo pobrateno z Dobrovoljnim vatrogasnim dru\u0161tvom iz Nove Kapele-Batrine. Prvi\u010d so se sre\u010dali leta 1979, ko so gasilci potovali v Beograd. V bli\u017eini Nove Kapele se jim je pokvaril kombi, kar je opazil predsednik tamkaj\u0161nega gasilskega dru\u0161tva in jim nudil pomo\u010d. Navezali so stike, ki jih vzdr\u017eujemo \u0161e danes.<\/div>\n<div>Po strokovnih ogledih in ocenah starega gasilskega doma je bilo sklenjeno, da je prenova nesmoterna, ker je dom dotrajan, prav tako pa ni mo\u017ena ve\u010dja \u0161iritev. Gasilci so se zaradi tega odlo\u010dili, da zgradijo novi gasilski dom. 12. junija 1982 je bil polo\u017een temeljni kamen. Gasilci so pri izgradnji pomagali s prostovoljnim delom, dru\u0161tvo pa je zbralo denar s prodajo lesa, ki so ga darovali ob\u010dani, starega gasilskega doma, prispevki ob\u010danov, delovnih organizacij in SIS-a (Samoupravni izvr\u0161ni svet za varstvo pred po\u017earom).<\/div>\n<div>11. junija 1983 je bil dom sve\u010dano predan v uporabo. Gasilci so z njim dobili ugodne mo\u017enosti za nadaljnje delo. Prireditev je popestrila parada gasilskih enot in tehnike ter veselica. V naslednjih letih se je uredila zelenica in okolica doma.<\/div>\n<div>Gasilci so spoznali, da je nujno potrebno kupiti novo gasilsko vozilo, saj je obmo\u010dje, ki ga GD pokriva, zelo veliko in se ob prisotnosti industrije \u0161e razvija. Dru\u0161tvo samo ni imelo sredstev, na druge vire pa tudi ni moglo ra\u010dunati. Na predlog predsednika in poveljnika so se odlo\u010dili, da bodo avto izdelali sami. Kupili so rabljen tovornjak in v letih 1987\u20131988 izdelali nov gasilski avtomobil.<\/div>\n<div>6. februarja 1988 je imelo dru\u0161tvo svoj 100-ti ob\u010dni zbor, na katerem so gasilci skupaj z gosti ocenili delo v preteklosti in si zadali nove naloge. \u017de pred ob\u010dnim zborom so ugotovili, da je \u0161tevilo \u010dlanov preseglo \u0161tevilo 100. V mesecu maju je bila formirana \u017eenska \u010dlanska ekipa.<\/div>\n<div>Leto 1990, je bilo leto sprememb v politiki in gospodarstvu, ki se je odra\u017ealo tudi v gasilstvu. Gasilska zveza Slovenije je dru\u0161tvu podelila zahvalo za po\u017ertvovalno re\u0161evanje ob poplavah novembra 1990, prav tako pa je dru\u0161tvo dobilo plaketo civilne za\u0161\u010dite od Republi\u0161kega \u0161taba za civilno za\u0161\u010dito, za izjemne dose\u017eke in prispevek pri za\u0161\u010diti in re\u0161evanju ljudi, materialnih in drugih dobrin.<\/div>\n<div>V za\u010detku devetdesetih letih se je dru\u0161tvo moderniziralo, poleg materialnih sredstev (alarmna naprava za TAM 5500, ro\u010dne radijske postaje s polnilci, 3 ro\u010dnike Turbomatic, komplet oblek za mladinsko desetino, delovne obleke za \u010dlane, izdelava 50 kompletov veseli\u010dnih miz, ra\u010dunalni\u0161ka oprema za potrebe administracije &#8230;) se je dru\u0161tvo obogatilo tudi z novim znanjem.<\/div>\n<div>Na 12. kongresu gasilcev Slovenije 1993 smo pregledali prehojeno pot in si zadali naloge za prihodnost. Dobili smo nov zakon o gasilstvu in varstvu pred po\u017eari. 11. februarja 1995 je bila podpisana izjava o povezanosti v Gasilsko zvezo Slovenska Bistrica, v skladu s sklepom o organiziranju gasilskih zvez sprejetem na izrednem kongresu Gasilske zveze Slovenije.<\/div>\n<div>Prva majska nedelja je posve\u010dena na\u0161emu patronu sv. Florjanu. Od leta 1994 nas spremlja podoba sv. Florjana v ni\u0161i na \u010delni strani na\u0161ega gasilskega doma.<\/div>\n<div>1996 smo se za\u010deli organizirati po novi zakonodaji. Z \u017eupanom smo podpisali pogodbo za upravljanje gasilske javne slu\u017ebe na na\u0161em podro\u010dju, ki opredeljuje dol\u017enosti obeh strani. V tem letu smo se posodobili z nabavo opreme in tehnike. Pla\u010dali smo nadgradnjo za vozilo TAM 190 T 15 in prodali kombi TAM 60 A 5. Sami smo zbrali denar za nakup vozila Peugeut Boxer TD (na MORS pridobili vse potrebno za brezcarinski uvoz vozila). Nekaj sredstev za dodatno opremo je prispevala Civilna za\u0161\u010dita. Kot vsako leto poprej, smo v mesecu po\u017earne varnosti &#8211; oktobru, izobesili propagandni material in se udele\u017eili takti\u010dnih vaj. V septembru smo krstili novo vozilo, TAM 190 T 15, in ga sve\u010dano predali svojemu namenu. S postavitvijo bo\u017ei\u010dnega drevesa je sovpadel tudi krst novega kombija (Peugeot boxer TD) v okviru dru\u0161tva.<\/div>\n<div>1. februarja 1997 je bil na ob\u010dnem zboru\u00a0 sprejet statut, vsebina je bila oblikovana \u017ee na predhodnih sejah upravnega odbora in obravnavana na \u010dlanskem sestanku. Podalj\u0161an je bil tudi mandat organom dru\u0161tva do kongresnega leta.<\/div>\n<div>Leto 1998 se je za\u010delo s pripravami na praznovanje 110. letnice delovanja dru\u0161tva. Proslava ob 110. letnici dru\u0161tva je bila 28. junija s sve\u010dano parado in razvitjem novega prapora.<\/div>\n<div>V letih 1999\u20132002 so gasilci sistemati\u010dno zbirali sredstva za nabavo nove gasilske in re\u0161evalne opreme; tako je bilo nabavljeno 6 kompletov izolirnih dihalnih aparatov, za\u0161\u010ditnih obutev, cevi in druga gasilska in re\u0161evalna oprema.<\/div>\n<div>V tem obdobju so gasilci posve\u010dali veliko pozornost izobra\u017eevanju in usposabljanju. Velika ve\u010dina operativnih gasilcev se je usposobila v ve\u010d specialnostih. Dru\u0161tvo je dobilo 6 novih \u010dastnikov, 4 vi\u0161je \u010dastnike, 4 in\u0161truktorje in 4 predavatelje.<\/div>\n<div>Na 113. ob\u010dnem zboru v letu 2003 so bili izvoljeni novi organi dru\u0161tva: predsednik je postal Mirko Slaten\u0161ek, poveljnik pa Du\u0161an Vi\u017eintin.<\/div>\n<div>V dru\u0161tvu so se za\u010dele priprave na nabavo novega gasilskega vozila. V letu 2004 smo akcijo tudi v celoti speljali, nabavili smo podvozje Renault in pri g. Pu\u0161niku naro\u010dili izdelavo nadgradnje\u00a0\u00a0\u00a0\u00a0\u00a0\u00a0\u00a0\u00a0\u00a0 GVC 16\/15. Avto smo pripeljali v gasilski dom pred 117. ob\u010dnim zborom 23. 1. 2005, ki je bil \u0161e posebej sve\u010dan, saj so \u010dlani pregledali aktivnosti v preteklem letu in potrdili, da je akcija nabave vozila zaklju\u010dena.<\/div>\n<div>Krst gasilskega vozila GVC 16\/15 je bil 7. avgusta 2005.<\/div>\n<div>V za\u010detku leta 2005 smo Polj\u010danski gasilci sklicali izredni ob\u010dni zbor, kjer je bil za poveljnika dru\u0161tva izvoljen Davorin Vo\u0161inek. Du\u0161an Vi\u017eintin je proceduralno odstopil, ker je bil izvoljen za poveljnika Gasilske zveze Slovenska Bistrica.<\/div>\n<\/div>\n<h2><img decoding=\"async\" src=\"https:\/\/poljcane.si\/wp-content\/uploads\/2020\/03\/GASILCI.png\" alt=\"Civilna za\u0161\u010dita in po\u017earna varnost - Ob\u010dina Polj\u010dane\" \/><\/h2>\n<h2>Dokumenti<\/h2>\n<p>Se \u017eelite pridru\u017eiti Prostovoljnemu gasilskemu dru\u0161tvu Polj\u010dane?<\/p>\n<p>Dodatne informacije najdete v gradivu na spodnjih povezavah:<\/p>\n<p><a href=\"https:\/\/ospoljcane.si\/nova\/wp-content\/uploads\/2020\/12\/PGDpristopna-izjava_vzorec.pdf\" target=\"_blank\" rel=\"noopener noreferrer\">Pristopna izjava<\/a><\/p>\n<p>&nbsp;<\/p>\n<p>&nbsp;<\/p>\n<\/div>\n","protected":false},"excerpt":{"rendered":"<p>Zgodovinski pregled razvoja Gasilskega dru\u0161tva Polj\u010dane &nbsp; Za\u010detki razvoja organiziranega gasilstva v Polj\u010danah segajo v obdobje, ko je skozi na\u0161e kraje v drugi polovici 19. &hellip; <\/p>\n","protected":false},"author":1,"featured_media":0,"parent":0,"menu_order":0,"comment_status":"closed","ping_status":"closed","template":"","meta":{"footnotes":""},"class_list":["post-1364","page","type-page","status-publish","hentry","image-hover-transition-effect","latest_post"],"yoast_head":"<!-- This site is optimized with the Yoast SEO plugin v27.4 - https:\/\/yoast.com\/product\/yoast-seo-wordpress\/ -->\n<title>Gasilsko dru\u0161tvo Polj\u010dane - Osnovna \u0161ola Kajetana Kovi\u010da Polj\u010dane<\/title>\n<meta name=\"robots\" content=\"index, follow, max-snippet:-1, max-image-preview:large, max-video-preview:-1\" \/>\n<link rel=\"canonical\" href=\"https:\/\/ospoljcane.si\/nova\/gasilci\/\" \/>\n<meta property=\"og:locale\" content=\"sl_SI\" \/>\n<meta property=\"og:type\" content=\"article\" \/>\n<meta property=\"og:title\" content=\"Gasilsko dru\u0161tvo Polj\u010dane - Osnovna \u0161ola Kajetana Kovi\u010da Polj\u010dane\" \/>\n<meta property=\"og:description\" content=\"Zgodovinski pregled razvoja Gasilskega dru\u0161tva Polj\u010dane &nbsp; Za\u010detki razvoja organiziranega gasilstva v Polj\u010danah segajo v obdobje, ko je skozi na\u0161e kraje v drugi polovici 19. &hellip;\" \/>\n<meta property=\"og:url\" content=\"https:\/\/ospoljcane.si\/nova\/gasilci\/\" \/>\n<meta property=\"og:site_name\" content=\"Osnovna \u0161ola Kajetana Kovi\u010da Polj\u010dane\" \/>\n<meta property=\"article:modified_time\" content=\"2021-11-04T19:33:16+00:00\" \/>\n<meta property=\"og:image\" content=\"https:\/\/poljcane.si\/wp-content\/uploads\/2020\/03\/GASILCI.png\" \/>\n<meta name=\"twitter:card\" content=\"summary_large_image\" \/>\n<meta name=\"twitter:label1\" content=\"Est. reading time\" \/>\n\t<meta name=\"twitter:data1\" content=\"10 minut\" \/>\n<script type=\"application\/ld+json\" class=\"yoast-schema-graph\">{\"@context\":\"https:\\\/\\\/schema.org\",\"@graph\":[{\"@type\":\"WebPage\",\"@id\":\"https:\\\/\\\/ospoljcane.si\\\/nova\\\/gasilci\\\/\",\"url\":\"https:\\\/\\\/ospoljcane.si\\\/nova\\\/gasilci\\\/\",\"name\":\"Gasilsko dru\u0161tvo Polj\u010dane - Osnovna \u0161ola Kajetana Kovi\u010da Polj\u010dane\",\"isPartOf\":{\"@id\":\"https:\\\/\\\/ospoljcane.si\\\/nova\\\/#website\"},\"primaryImageOfPage\":{\"@id\":\"https:\\\/\\\/ospoljcane.si\\\/nova\\\/gasilci\\\/#primaryimage\"},\"image\":{\"@id\":\"https:\\\/\\\/ospoljcane.si\\\/nova\\\/gasilci\\\/#primaryimage\"},\"thumbnailUrl\":\"https:\\\/\\\/poljcane.si\\\/wp-content\\\/uploads\\\/2020\\\/03\\\/GASILCI.png\",\"datePublished\":\"2020-12-29T08:53:25+00:00\",\"dateModified\":\"2021-11-04T19:33:16+00:00\",\"breadcrumb\":{\"@id\":\"https:\\\/\\\/ospoljcane.si\\\/nova\\\/gasilci\\\/#breadcrumb\"},\"inLanguage\":\"sl-SI\",\"potentialAction\":[{\"@type\":\"ReadAction\",\"target\":[\"https:\\\/\\\/ospoljcane.si\\\/nova\\\/gasilci\\\/\"]}]},{\"@type\":\"ImageObject\",\"inLanguage\":\"sl-SI\",\"@id\":\"https:\\\/\\\/ospoljcane.si\\\/nova\\\/gasilci\\\/#primaryimage\",\"url\":\"https:\\\/\\\/poljcane.si\\\/wp-content\\\/uploads\\\/2020\\\/03\\\/GASILCI.png\",\"contentUrl\":\"https:\\\/\\\/poljcane.si\\\/wp-content\\\/uploads\\\/2020\\\/03\\\/GASILCI.png\"},{\"@type\":\"BreadcrumbList\",\"@id\":\"https:\\\/\\\/ospoljcane.si\\\/nova\\\/gasilci\\\/#breadcrumb\",\"itemListElement\":[{\"@type\":\"ListItem\",\"position\":1,\"name\":\"Domov\",\"item\":\"https:\\\/\\\/ospoljcane.si\\\/nova\\\/\"},{\"@type\":\"ListItem\",\"position\":2,\"name\":\"Gasilsko dru\u0161tvo Polj\u010dane\"}]},{\"@type\":\"WebSite\",\"@id\":\"https:\\\/\\\/ospoljcane.si\\\/nova\\\/#website\",\"url\":\"https:\\\/\\\/ospoljcane.si\\\/nova\\\/\",\"name\":\"Osnovna \u0161ola Kajetana Kovi\u010da Polj\u010dane\",\"description\":\"\",\"publisher\":{\"@id\":\"https:\\\/\\\/ospoljcane.si\\\/nova\\\/#organization\"},\"potentialAction\":[{\"@type\":\"SearchAction\",\"target\":{\"@type\":\"EntryPoint\",\"urlTemplate\":\"https:\\\/\\\/ospoljcane.si\\\/nova\\\/?s={search_term_string}\"},\"query-input\":{\"@type\":\"PropertyValueSpecification\",\"valueRequired\":true,\"valueName\":\"search_term_string\"}}],\"inLanguage\":\"sl-SI\"},{\"@type\":\"Organization\",\"@id\":\"https:\\\/\\\/ospoljcane.si\\\/nova\\\/#organization\",\"name\":\"Osnovna \u0161ola Kajetana Kovi\u010da Polj\u010dane\",\"url\":\"https:\\\/\\\/ospoljcane.si\\\/nova\\\/\",\"logo\":{\"@type\":\"ImageObject\",\"inLanguage\":\"sl-SI\",\"@id\":\"https:\\\/\\\/ospoljcane.si\\\/nova\\\/#\\\/schema\\\/logo\\\/image\\\/\",\"url\":\"https:\\\/\\\/ospoljcane.si\\\/nova\\\/wp-content\\\/uploads\\\/2020\\\/12\\\/cropped-cropped-Logotip-sole-2016_3G-1-1.png\",\"contentUrl\":\"https:\\\/\\\/ospoljcane.si\\\/nova\\\/wp-content\\\/uploads\\\/2020\\\/12\\\/cropped-cropped-Logotip-sole-2016_3G-1-1.png\",\"width\":512,\"height\":512,\"caption\":\"Osnovna \u0161ola Kajetana Kovi\u010da Polj\u010dane\"},\"image\":{\"@id\":\"https:\\\/\\\/ospoljcane.si\\\/nova\\\/#\\\/schema\\\/logo\\\/image\\\/\"}}]}<\/script>\n<!-- \/ Yoast SEO plugin. -->","yoast_head_json":{"title":"Gasilsko dru\u0161tvo Polj\u010dane - Osnovna \u0161ola Kajetana Kovi\u010da Polj\u010dane","robots":{"index":"index","follow":"follow","max-snippet":"max-snippet:-1","max-image-preview":"max-image-preview:large","max-video-preview":"max-video-preview:-1"},"canonical":"https:\/\/ospoljcane.si\/nova\/gasilci\/","og_locale":"sl_SI","og_type":"article","og_title":"Gasilsko dru\u0161tvo Polj\u010dane - Osnovna \u0161ola Kajetana Kovi\u010da Polj\u010dane","og_description":"Zgodovinski pregled razvoja Gasilskega dru\u0161tva Polj\u010dane &nbsp; Za\u010detki razvoja organiziranega gasilstva v Polj\u010danah segajo v obdobje, ko je skozi na\u0161e kraje v drugi polovici 19. &hellip;","og_url":"https:\/\/ospoljcane.si\/nova\/gasilci\/","og_site_name":"Osnovna \u0161ola Kajetana Kovi\u010da Polj\u010dane","article_modified_time":"2021-11-04T19:33:16+00:00","og_image":[{"url":"https:\/\/poljcane.si\/wp-content\/uploads\/2020\/03\/GASILCI.png","type":"","width":"","height":""}],"twitter_card":"summary_large_image","twitter_misc":{"Est. reading time":"10 minut"},"schema":{"@context":"https:\/\/schema.org","@graph":[{"@type":"WebPage","@id":"https:\/\/ospoljcane.si\/nova\/gasilci\/","url":"https:\/\/ospoljcane.si\/nova\/gasilci\/","name":"Gasilsko dru\u0161tvo Polj\u010dane - Osnovna \u0161ola Kajetana Kovi\u010da Polj\u010dane","isPartOf":{"@id":"https:\/\/ospoljcane.si\/nova\/#website"},"primaryImageOfPage":{"@id":"https:\/\/ospoljcane.si\/nova\/gasilci\/#primaryimage"},"image":{"@id":"https:\/\/ospoljcane.si\/nova\/gasilci\/#primaryimage"},"thumbnailUrl":"https:\/\/poljcane.si\/wp-content\/uploads\/2020\/03\/GASILCI.png","datePublished":"2020-12-29T08:53:25+00:00","dateModified":"2021-11-04T19:33:16+00:00","breadcrumb":{"@id":"https:\/\/ospoljcane.si\/nova\/gasilci\/#breadcrumb"},"inLanguage":"sl-SI","potentialAction":[{"@type":"ReadAction","target":["https:\/\/ospoljcane.si\/nova\/gasilci\/"]}]},{"@type":"ImageObject","inLanguage":"sl-SI","@id":"https:\/\/ospoljcane.si\/nova\/gasilci\/#primaryimage","url":"https:\/\/poljcane.si\/wp-content\/uploads\/2020\/03\/GASILCI.png","contentUrl":"https:\/\/poljcane.si\/wp-content\/uploads\/2020\/03\/GASILCI.png"},{"@type":"BreadcrumbList","@id":"https:\/\/ospoljcane.si\/nova\/gasilci\/#breadcrumb","itemListElement":[{"@type":"ListItem","position":1,"name":"Domov","item":"https:\/\/ospoljcane.si\/nova\/"},{"@type":"ListItem","position":2,"name":"Gasilsko dru\u0161tvo Polj\u010dane"}]},{"@type":"WebSite","@id":"https:\/\/ospoljcane.si\/nova\/#website","url":"https:\/\/ospoljcane.si\/nova\/","name":"Osnovna \u0161ola Kajetana Kovi\u010da Polj\u010dane","description":"","publisher":{"@id":"https:\/\/ospoljcane.si\/nova\/#organization"},"potentialAction":[{"@type":"SearchAction","target":{"@type":"EntryPoint","urlTemplate":"https:\/\/ospoljcane.si\/nova\/?s={search_term_string}"},"query-input":{"@type":"PropertyValueSpecification","valueRequired":true,"valueName":"search_term_string"}}],"inLanguage":"sl-SI"},{"@type":"Organization","@id":"https:\/\/ospoljcane.si\/nova\/#organization","name":"Osnovna \u0161ola Kajetana Kovi\u010da Polj\u010dane","url":"https:\/\/ospoljcane.si\/nova\/","logo":{"@type":"ImageObject","inLanguage":"sl-SI","@id":"https:\/\/ospoljcane.si\/nova\/#\/schema\/logo\/image\/","url":"https:\/\/ospoljcane.si\/nova\/wp-content\/uploads\/2020\/12\/cropped-cropped-Logotip-sole-2016_3G-1-1.png","contentUrl":"https:\/\/ospoljcane.si\/nova\/wp-content\/uploads\/2020\/12\/cropped-cropped-Logotip-sole-2016_3G-1-1.png","width":512,"height":512,"caption":"Osnovna \u0161ola Kajetana Kovi\u010da Polj\u010dane"},"image":{"@id":"https:\/\/ospoljcane.si\/nova\/#\/schema\/logo\/image\/"}}]}},"_links":{"self":[{"href":"https:\/\/ospoljcane.si\/nova\/wp-json\/wp\/v2\/pages\/1364","targetHints":{"allow":["GET"]}}],"collection":[{"href":"https:\/\/ospoljcane.si\/nova\/wp-json\/wp\/v2\/pages"}],"about":[{"href":"https:\/\/ospoljcane.si\/nova\/wp-json\/wp\/v2\/types\/page"}],"author":[{"embeddable":true,"href":"https:\/\/ospoljcane.si\/nova\/wp-json\/wp\/v2\/users\/1"}],"replies":[{"embeddable":true,"href":"https:\/\/ospoljcane.si\/nova\/wp-json\/wp\/v2\/comments?post=1364"}],"version-history":[{"count":11,"href":"https:\/\/ospoljcane.si\/nova\/wp-json\/wp\/v2\/pages\/1364\/revisions"}],"predecessor-version":[{"id":7380,"href":"https:\/\/ospoljcane.si\/nova\/wp-json\/wp\/v2\/pages\/1364\/revisions\/7380"}],"wp:attachment":[{"href":"https:\/\/ospoljcane.si\/nova\/wp-json\/wp\/v2\/media?parent=1364"}],"curies":[{"name":"wp","href":"https:\/\/api.w.org\/{rel}","templated":true}]}}