{"id":1222,"date":"2020-12-28T13:14:06","date_gmt":"2020-12-28T12:14:06","guid":{"rendered":"http:\/\/ospoljcane.si\/nova\/?page_id=1222"},"modified":"2025-07-10T09:07:34","modified_gmt":"2025-07-10T07:07:34","slug":"ucbeniki-in-ostale-solske-potrebscine","status":"publish","type":"page","link":"https:\/\/ospoljcane.si\/nova\/ucbeniki-in-ostale-solske-potrebscine\/","title":{"rendered":"U\u010dbeniki in ostale \u0161olske potreb\u0161\u010dine"},"content":{"rendered":"\t\t<div data-elementor-type=\"wp-page\" data-elementor-id=\"1222\" class=\"elementor elementor-1222\" data-elementor-post-type=\"page\">\n\t\t\t\t\t\t<section class=\"elementor-section elementor-top-section elementor-element elementor-element-cfd91a5 elementor-section-boxed elementor-section-height-default elementor-section-height-default\" data-id=\"cfd91a5\" data-element_type=\"section\" data-e-type=\"section\">\n\t\t\t\t\t\t<div class=\"elementor-container elementor-column-gap-default\">\n\t\t\t\t\t<div class=\"elementor-column elementor-col-100 elementor-top-column elementor-element elementor-element-689c386\" data-id=\"689c386\" data-element_type=\"column\" data-e-type=\"column\">\n\t\t\t<div class=\"elementor-widget-wrap elementor-element-populated\">\n\t\t\t\t\t\t<div class=\"elementor-element elementor-element-76ea59a elementor-widget elementor-widget-text-editor\" data-id=\"76ea59a\" data-element_type=\"widget\" data-e-type=\"widget\" data-widget_type=\"text-editor.default\">\n\t\t\t\t<div class=\"elementor-widget-container\">\n\t\t\t\t\t\t\t\t\t<p><span style=\"color: #3366ff;\"><strong>1.\u00a0 NARO\u010cILNICO ZA U\u010cBENI\u0160KI SKLAD<\/strong><\/span> Osnovne \u0161ole Kajetana Kovi\u010da Polj\u010dane najdete <a href=\"https:\/\/ospoljcane.si\/nova\/wp-content\/uploads\/2022\/06\/NAROCILNICA.pdf\" target=\"_blank\" rel=\"noopener\"><strong><span style=\"color: #800080;\">tukaj.<\/span><\/strong><\/a> \u00a0<\/p><p><span style=\"color: #3366ff;\"><strong>2. SEZNAM VSEH U\u010cNIH GRADIV ZA U\u010cENCE V \u0160OLSKEM LETU 2025\/2026 <\/strong><span style=\"color: #000000;\">najdete<a href=\"https:\/\/ospoljcane.si\/nova\/wp-content\/uploads\/2025\/06\/Seznam-ucnih-gradiv-in-potrebscin.pdf\"><strong><span style=\"color: #800080;\"> tukaj<\/span><\/strong><\/a><\/span><\/span><\/p><p><span style=\"color: #3366ff;\"><strong>3.\u00a0 POVEZAVE DO SPLENIH KNJIGARN:<\/strong><\/span><\/p><ul><li>DZS: https:\/\/www.dzs.si\/katalog\/ucbeniki-in-delovni-zvezki\/osnovna-sola<\/li><li>GO2SCHOOL: <strong>go2school.com<\/strong><\/li><li>KOPIJA NOVA: <strong><a href=\"https:\/\/www.kopija-nova.si\/enostavno-narocanje\/?id_sole=23190010\">Kopija nova<\/a><\/strong><\/li><li>MLADINSKA KNJIGA: <strong><a href=\"https:\/\/emka.si\/pages\/solsko-leto\/osnovna-sola-kajetana-kovica-poljcane-osnovna-sola-splosni-program-1-razred-1254441?parenthandle=osnovna-sola-kajetana-kovica-poljcane&amp;program=Splo%C5%A1ni%20program\">Mladinska knjiga<\/a><\/strong><\/li><li>PRINTINK: <strong>PRINTINK Vse za \u0161olo<\/strong><\/li><\/ul>\t\t\t\t\t\t\t\t<\/div>\n\t\t\t\t<\/div>\n\t\t\t\t\t<\/div>\n\t\t<\/div>\n\t\t\t\t\t<\/div>\n\t\t<\/section>\n\t\t\t\t<\/div>\n\t\t","protected":false},"excerpt":{"rendered":"<p>1.\u00a0 NARO\u010cILNICO ZA U\u010cBENI\u0160KI SKLAD Osnovne \u0161ole Kajetana Kovi\u010da Polj\u010dane najdete tukaj. \u00a0 2. SEZNAM VSEH U\u010cNIH GRADIV ZA U\u010cENCE V \u0160OLSKEM LETU 2025\/2026 najdete &hellip; <\/p>\n","protected":false},"author":1,"featured_media":0,"parent":0,"menu_order":0,"comment_status":"closed","ping_status":"closed","template":"","meta":{"footnotes":""},"class_list":["post-1222","page","type-page","status-publish","hentry","image-hover-transition-effect","latest_post"],"yoast_head":"<!-- This site is optimized with the Yoast SEO plugin v27.4 - https:\/\/yoast.com\/product\/yoast-seo-wordpress\/ -->\n<title>U\u010dbeniki in ostale \u0161olske potreb\u0161\u010dine - Osnovna \u0161ola Kajetana Kovi\u010da Polj\u010dane<\/title>\n<meta name=\"robots\" content=\"index, follow, max-snippet:-1, max-image-preview:large, max-video-preview:-1\" \/>\n<link rel=\"canonical\" href=\"https:\/\/ospoljcane.si\/nova\/ucbeniki-in-ostale-solske-potrebscine\/\" \/>\n<meta property=\"og:locale\" content=\"sl_SI\" \/>\n<meta property=\"og:type\" content=\"article\" \/>\n<meta property=\"og:title\" content=\"U\u010dbeniki in ostale \u0161olske potreb\u0161\u010dine - Osnovna \u0161ola Kajetana Kovi\u010da Polj\u010dane\" \/>\n<meta property=\"og:description\" content=\"1.\u00a0 NARO\u010cILNICO ZA U\u010cBENI\u0160KI SKLAD Osnovne \u0161ole Kajetana Kovi\u010da Polj\u010dane najdete tukaj. \u00a0 2. SEZNAM VSEH U\u010cNIH GRADIV ZA U\u010cENCE V \u0160OLSKEM LETU 2025\/2026 najdete &hellip;\" \/>\n<meta property=\"og:url\" content=\"https:\/\/ospoljcane.si\/nova\/ucbeniki-in-ostale-solske-potrebscine\/\" \/>\n<meta property=\"og:site_name\" content=\"Osnovna \u0161ola Kajetana Kovi\u010da Polj\u010dane\" \/>\n<meta property=\"article:modified_time\" content=\"2025-07-10T07:07:34+00:00\" \/>\n<meta name=\"twitter:card\" content=\"summary_large_image\" \/>\n<meta name=\"twitter:label1\" content=\"Est. reading time\" \/>\n\t<meta name=\"twitter:data1\" content=\"1 minuta\" \/>\n<script type=\"application\/ld+json\" class=\"yoast-schema-graph\">{\"@context\":\"https:\\\/\\\/schema.org\",\"@graph\":[{\"@type\":\"WebPage\",\"@id\":\"https:\\\/\\\/ospoljcane.si\\\/nova\\\/ucbeniki-in-ostale-solske-potrebscine\\\/\",\"url\":\"https:\\\/\\\/ospoljcane.si\\\/nova\\\/ucbeniki-in-ostale-solske-potrebscine\\\/\",\"name\":\"U\u010dbeniki in ostale \u0161olske potreb\u0161\u010dine - Osnovna \u0161ola Kajetana Kovi\u010da Polj\u010dane\",\"isPartOf\":{\"@id\":\"https:\\\/\\\/ospoljcane.si\\\/nova\\\/#website\"},\"datePublished\":\"2020-12-28T12:14:06+00:00\",\"dateModified\":\"2025-07-10T07:07:34+00:00\",\"breadcrumb\":{\"@id\":\"https:\\\/\\\/ospoljcane.si\\\/nova\\\/ucbeniki-in-ostale-solske-potrebscine\\\/#breadcrumb\"},\"inLanguage\":\"sl-SI\",\"potentialAction\":[{\"@type\":\"ReadAction\",\"target\":[\"https:\\\/\\\/ospoljcane.si\\\/nova\\\/ucbeniki-in-ostale-solske-potrebscine\\\/\"]}]},{\"@type\":\"BreadcrumbList\",\"@id\":\"https:\\\/\\\/ospoljcane.si\\\/nova\\\/ucbeniki-in-ostale-solske-potrebscine\\\/#breadcrumb\",\"itemListElement\":[{\"@type\":\"ListItem\",\"position\":1,\"name\":\"Domov\",\"item\":\"https:\\\/\\\/ospoljcane.si\\\/nova\\\/\"},{\"@type\":\"ListItem\",\"position\":2,\"name\":\"U\u010dbeniki in ostale \u0161olske potreb\u0161\u010dine\"}]},{\"@type\":\"WebSite\",\"@id\":\"https:\\\/\\\/ospoljcane.si\\\/nova\\\/#website\",\"url\":\"https:\\\/\\\/ospoljcane.si\\\/nova\\\/\",\"name\":\"Osnovna \u0161ola Kajetana Kovi\u010da Polj\u010dane\",\"description\":\"\",\"publisher\":{\"@id\":\"https:\\\/\\\/ospoljcane.si\\\/nova\\\/#organization\"},\"potentialAction\":[{\"@type\":\"SearchAction\",\"target\":{\"@type\":\"EntryPoint\",\"urlTemplate\":\"https:\\\/\\\/ospoljcane.si\\\/nova\\\/?s={search_term_string}\"},\"query-input\":{\"@type\":\"PropertyValueSpecification\",\"valueRequired\":true,\"valueName\":\"search_term_string\"}}],\"inLanguage\":\"sl-SI\"},{\"@type\":\"Organization\",\"@id\":\"https:\\\/\\\/ospoljcane.si\\\/nova\\\/#organization\",\"name\":\"Osnovna \u0161ola Kajetana Kovi\u010da Polj\u010dane\",\"url\":\"https:\\\/\\\/ospoljcane.si\\\/nova\\\/\",\"logo\":{\"@type\":\"ImageObject\",\"inLanguage\":\"sl-SI\",\"@id\":\"https:\\\/\\\/ospoljcane.si\\\/nova\\\/#\\\/schema\\\/logo\\\/image\\\/\",\"url\":\"https:\\\/\\\/ospoljcane.si\\\/nova\\\/wp-content\\\/uploads\\\/2020\\\/12\\\/cropped-cropped-Logotip-sole-2016_3G-1-1.png\",\"contentUrl\":\"https:\\\/\\\/ospoljcane.si\\\/nova\\\/wp-content\\\/uploads\\\/2020\\\/12\\\/cropped-cropped-Logotip-sole-2016_3G-1-1.png\",\"width\":512,\"height\":512,\"caption\":\"Osnovna \u0161ola Kajetana Kovi\u010da Polj\u010dane\"},\"image\":{\"@id\":\"https:\\\/\\\/ospoljcane.si\\\/nova\\\/#\\\/schema\\\/logo\\\/image\\\/\"}}]}<\/script>\n<!-- \/ Yoast SEO plugin. -->","yoast_head_json":{"title":"U\u010dbeniki in ostale \u0161olske potreb\u0161\u010dine - Osnovna \u0161ola Kajetana Kovi\u010da Polj\u010dane","robots":{"index":"index","follow":"follow","max-snippet":"max-snippet:-1","max-image-preview":"max-image-preview:large","max-video-preview":"max-video-preview:-1"},"canonical":"https:\/\/ospoljcane.si\/nova\/ucbeniki-in-ostale-solske-potrebscine\/","og_locale":"sl_SI","og_type":"article","og_title":"U\u010dbeniki in ostale \u0161olske potreb\u0161\u010dine - Osnovna \u0161ola Kajetana Kovi\u010da Polj\u010dane","og_description":"1.\u00a0 NARO\u010cILNICO ZA U\u010cBENI\u0160KI SKLAD Osnovne \u0161ole Kajetana Kovi\u010da Polj\u010dane najdete tukaj. \u00a0 2. SEZNAM VSEH U\u010cNIH GRADIV ZA U\u010cENCE V \u0160OLSKEM LETU 2025\/2026 najdete &hellip;","og_url":"https:\/\/ospoljcane.si\/nova\/ucbeniki-in-ostale-solske-potrebscine\/","og_site_name":"Osnovna \u0161ola Kajetana Kovi\u010da Polj\u010dane","article_modified_time":"2025-07-10T07:07:34+00:00","twitter_card":"summary_large_image","twitter_misc":{"Est. reading time":"1 minuta"},"schema":{"@context":"https:\/\/schema.org","@graph":[{"@type":"WebPage","@id":"https:\/\/ospoljcane.si\/nova\/ucbeniki-in-ostale-solske-potrebscine\/","url":"https:\/\/ospoljcane.si\/nova\/ucbeniki-in-ostale-solske-potrebscine\/","name":"U\u010dbeniki in ostale \u0161olske potreb\u0161\u010dine - Osnovna \u0161ola Kajetana Kovi\u010da Polj\u010dane","isPartOf":{"@id":"https:\/\/ospoljcane.si\/nova\/#website"},"datePublished":"2020-12-28T12:14:06+00:00","dateModified":"2025-07-10T07:07:34+00:00","breadcrumb":{"@id":"https:\/\/ospoljcane.si\/nova\/ucbeniki-in-ostale-solske-potrebscine\/#breadcrumb"},"inLanguage":"sl-SI","potentialAction":[{"@type":"ReadAction","target":["https:\/\/ospoljcane.si\/nova\/ucbeniki-in-ostale-solske-potrebscine\/"]}]},{"@type":"BreadcrumbList","@id":"https:\/\/ospoljcane.si\/nova\/ucbeniki-in-ostale-solske-potrebscine\/#breadcrumb","itemListElement":[{"@type":"ListItem","position":1,"name":"Domov","item":"https:\/\/ospoljcane.si\/nova\/"},{"@type":"ListItem","position":2,"name":"U\u010dbeniki in ostale \u0161olske potreb\u0161\u010dine"}]},{"@type":"WebSite","@id":"https:\/\/ospoljcane.si\/nova\/#website","url":"https:\/\/ospoljcane.si\/nova\/","name":"Osnovna \u0161ola Kajetana Kovi\u010da Polj\u010dane","description":"","publisher":{"@id":"https:\/\/ospoljcane.si\/nova\/#organization"},"potentialAction":[{"@type":"SearchAction","target":{"@type":"EntryPoint","urlTemplate":"https:\/\/ospoljcane.si\/nova\/?s={search_term_string}"},"query-input":{"@type":"PropertyValueSpecification","valueRequired":true,"valueName":"search_term_string"}}],"inLanguage":"sl-SI"},{"@type":"Organization","@id":"https:\/\/ospoljcane.si\/nova\/#organization","name":"Osnovna \u0161ola Kajetana Kovi\u010da Polj\u010dane","url":"https:\/\/ospoljcane.si\/nova\/","logo":{"@type":"ImageObject","inLanguage":"sl-SI","@id":"https:\/\/ospoljcane.si\/nova\/#\/schema\/logo\/image\/","url":"https:\/\/ospoljcane.si\/nova\/wp-content\/uploads\/2020\/12\/cropped-cropped-Logotip-sole-2016_3G-1-1.png","contentUrl":"https:\/\/ospoljcane.si\/nova\/wp-content\/uploads\/2020\/12\/cropped-cropped-Logotip-sole-2016_3G-1-1.png","width":512,"height":512,"caption":"Osnovna \u0161ola Kajetana Kovi\u010da Polj\u010dane"},"image":{"@id":"https:\/\/ospoljcane.si\/nova\/#\/schema\/logo\/image\/"}}]}},"_links":{"self":[{"href":"https:\/\/ospoljcane.si\/nova\/wp-json\/wp\/v2\/pages\/1222","targetHints":{"allow":["GET"]}}],"collection":[{"href":"https:\/\/ospoljcane.si\/nova\/wp-json\/wp\/v2\/pages"}],"about":[{"href":"https:\/\/ospoljcane.si\/nova\/wp-json\/wp\/v2\/types\/page"}],"author":[{"embeddable":true,"href":"https:\/\/ospoljcane.si\/nova\/wp-json\/wp\/v2\/users\/1"}],"replies":[{"embeddable":true,"href":"https:\/\/ospoljcane.si\/nova\/wp-json\/wp\/v2\/comments?post=1222"}],"version-history":[{"count":67,"href":"https:\/\/ospoljcane.si\/nova\/wp-json\/wp\/v2\/pages\/1222\/revisions"}],"predecessor-version":[{"id":22240,"href":"https:\/\/ospoljcane.si\/nova\/wp-json\/wp\/v2\/pages\/1222\/revisions\/22240"}],"wp:attachment":[{"href":"https:\/\/ospoljcane.si\/nova\/wp-json\/wp\/v2\/media?parent=1222"}],"curies":[{"name":"wp","href":"https:\/\/api.w.org\/{rel}","templated":true}]}}