{"id":1219,"date":"2020-12-28T13:10:53","date_gmt":"2020-12-28T12:10:53","guid":{"rendered":"http:\/\/ospoljcane.si\/nova\/?page_id=1219"},"modified":"2021-05-18T10:08:29","modified_gmt":"2021-05-18T08:08:29","slug":"priporocila-in-obvestila-za-starse","status":"publish","type":"page","link":"https:\/\/ospoljcane.si\/nova\/priporocila-in-obvestila-za-starse\/","title":{"rendered":"Priporo\u010dila in obvestila za star\u0161e"},"content":{"rendered":"<ul>\n<li>Redno sodelujte z razrednikom va\u0161ega otroka.<\/li>\n<li>Redno obiskujte roditeljske sestanke, govorilne ure &#8230;<\/li>\n<li>Aktivno se vklju\u010dite v delo \u0161ole.<\/li>\n<li>Vsak dan posvetite nekaj \u010dasa svojemu otroku.<\/li>\n<li>Otroku postavite jasna pravila in meje ter bodite pri tem dosledni.<\/li>\n<li>Spremljajte otrokovo \u0161olsko delo, poskrbite, da bo redno opravljal doma\u010de naloge in imel urejene \u0161olske potreb\u0161\u010dine.<\/li>\n<li>Spodbujajte otroka k aktivnemu pre\u017eivljanju prostega \u010dasa.<\/li>\n<li>Bodite njegov vzgled.<\/li>\n<\/ul>\n<hr \/>\n<h2>Smernice pediatrov za uporabo naprav z zasloni pri otrocih<\/h2>\n<p>Skoraj odkar obstaja na\u0161a to\u010dka osve\u0161\u010danja o varni rabi interneta, se sre\u010dujemo z vpra\u0161anji, koliko uporabe ra\u010dunalnika, interneta je za otroke \u0161e priporo\u010dljivo. Dokon\u010dnega odgovora s strani stroke doslej ni bilo. Sedaj pa z veseljem sporo\u010damo, da smo tudi v Sloveniji dobili\u00a0<strong>smernice za uporabo naprav z zasloni pri otrocih in mladostnikih<\/strong>, ki jih je pripravilo\u00a0<strong>Zdru\u017eenje slovenskih pediatrov<\/strong>\u00a0in\u00a0<strong>Sekcija za primarno pediatrijo<\/strong>\u00a0v sodelovanju ter s \u0161irokim konsenzom in podporo\u00a0<strong>drugih relevantnih strokovnjakov in institucij<\/strong>, md drugim tudi\u00a0<strong>Zavoda za \u0161olstvo in Ministrstva za izobra\u017eevanje, znanost in \u0161port.\u00a0\u00a0<\/strong><\/p>\n<figure id=\"attachment_5498\" aria-describedby=\"caption-attachment-5498\" style=\"width: 300px\" class=\"wp-caption aligncenter\"><a href=\"https:\/\/ospoljcane.si\/nova\/wp-content\/uploads\/2021\/05\/ure_zaslonov_po_starosti_-_slika.png\"><img fetchpriority=\"high\" decoding=\"async\" class=\"wp-image-5498 size-medium\" src=\"https:\/\/ospoljcane.si\/nova\/wp-content\/uploads\/2021\/05\/ure_zaslonov_po_starosti_-_slika-300x273.png\" alt=\"\" width=\"300\" height=\"273\" srcset=\"https:\/\/ospoljcane.si\/nova\/wp-content\/uploads\/2021\/05\/ure_zaslonov_po_starosti_-_slika-300x273.png 300w, https:\/\/ospoljcane.si\/nova\/wp-content\/uploads\/2021\/05\/ure_zaslonov_po_starosti_-_slika-768x698.png 768w, https:\/\/ospoljcane.si\/nova\/wp-content\/uploads\/2021\/05\/ure_zaslonov_po_starosti_-_slika.png 1015w\" sizes=\"(max-width: 300px) 100vw, 300px\" \/><\/a><figcaption id=\"caption-attachment-5498\" class=\"wp-caption-text\">Priporo\u010dena dneva uporaba naprav z zasloni. Vir: https:\/\/safe.si\/starsi\/priporoceni-cas-uporabe-zaslonov-pri-otrocih<\/figcaption><\/figure>\n<p>Star\u0161evski nadzor v obliki razli\u010dnih tehni\u010dnih orodij za filtriranje spletnih vsebin ter orodja za \u010dasovni nadzor uporabe naprav in druga podobna orodja za nadzor in sledenje (npr. pametne ure) obljubljajo varnost otrok. Pa je res tako?<\/p>\n<p>Maja Vre\u010da in dr. Benjamin Lesjak\u00a0sta predstavila pasti in tveganja pri uporabi orodij star\u0161evskega nadzora, filtriranja in kako je z dejansko u\u010dinkovitostjo v praksi. Predavanje sta v veliki meri zasnovala na osnovi vpra\u0161anj, ki so jih star\u0161i postavili vnaprej, zato sta odgovorila na marsikatero prakti\u010dno vpra\u0161anje.<\/p>\n<p>\u010ce ste predavanje zamudili, vas vabimo k ogledu posnetka. Hkrati vas vabimo, da povezavo do posnetka spletnega predavanja posredujete tudi star\u0161em u\u010dencev va\u0161e \u0161ole.<\/p>\n<p>Predavanje si lahko ogledate <a href=\"https:\/\/safe.si\/video\/video-predavanja\/starsevski-nadzor-pri-uporabi-tehnologij-da-ali-ne\" target=\"_blank\" rel=\"noopener noreferrer\">tukaj<\/a>.<\/p>\n<h2>Priporo\u010dila<\/h2>\n<p><a href=\"https:\/\/online.pubhtml5.com\/agha\/giyr\/#p=22\" target=\"_blank\" rel=\"noopener noreferrer\">Priporo\u010dila za uporabo zaslonov v vrtcih<\/a><\/p>\n<p><a href=\"https:\/\/online.pubhtml5.com\/agha\/giyr\/#p=24\" target=\"_blank\" rel=\"noopener noreferrer\">\u00a0Priporo\u010dila za uporabo zaslonov v \u0161olah<\/a><\/p>\n<p><a href=\"https:\/\/online.pubhtml5.com\/agha\/giyr\/#p=26\" target=\"_blank\" rel=\"noopener noreferrer\">Priporo\u010dila za uporabo zaslonov pri pouku na daljavo<\/a><\/p>\n<p>&nbsp;<\/p>\n<p><em>Vir:<a href=\"https:\/\/safe.si\/\" target=\"_blank\" rel=\"noopener noreferrer\">https:\/\/safe.si\/<\/a><\/em><\/p>\n<p>&nbsp;<\/p>\n<p>&nbsp;<\/p>\n<p>&nbsp;<\/p>\n<p>&nbsp;<\/p>\n","protected":false},"excerpt":{"rendered":"<p>Redno sodelujte z razrednikom va\u0161ega otroka. Redno obiskujte roditeljske sestanke, govorilne ure &#8230; Aktivno se vklju\u010dite v delo \u0161ole. Vsak dan posvetite nekaj \u010dasa svojemu &hellip; <\/p>\n","protected":false},"author":1,"featured_media":0,"parent":0,"menu_order":0,"comment_status":"closed","ping_status":"closed","template":"","meta":{"footnotes":""},"class_list":["post-1219","page","type-page","status-publish","hentry","image-hover-transition-effect","latest_post"],"yoast_head":"<!-- This site is optimized with the Yoast SEO plugin v27.4 - https:\/\/yoast.com\/product\/yoast-seo-wordpress\/ -->\n<title>Priporo\u010dila in obvestila za star\u0161e - Osnovna \u0161ola Kajetana Kovi\u010da Polj\u010dane<\/title>\n<meta name=\"robots\" content=\"index, follow, max-snippet:-1, max-image-preview:large, max-video-preview:-1\" \/>\n<link rel=\"canonical\" href=\"https:\/\/ospoljcane.si\/nova\/priporocila-in-obvestila-za-starse\/\" \/>\n<meta property=\"og:locale\" content=\"sl_SI\" \/>\n<meta property=\"og:type\" content=\"article\" \/>\n<meta property=\"og:title\" content=\"Priporo\u010dila in obvestila za star\u0161e - Osnovna \u0161ola Kajetana Kovi\u010da Polj\u010dane\" \/>\n<meta property=\"og:description\" content=\"Redno sodelujte z razrednikom va\u0161ega otroka. Redno obiskujte roditeljske sestanke, govorilne ure &#8230; Aktivno se vklju\u010dite v delo \u0161ole. Vsak dan posvetite nekaj \u010dasa svojemu &hellip;\" \/>\n<meta property=\"og:url\" content=\"https:\/\/ospoljcane.si\/nova\/priporocila-in-obvestila-za-starse\/\" \/>\n<meta property=\"og:site_name\" content=\"Osnovna \u0161ola Kajetana Kovi\u010da Polj\u010dane\" \/>\n<meta property=\"article:modified_time\" content=\"2021-05-18T08:08:29+00:00\" \/>\n<meta property=\"og:image\" content=\"http:\/\/ospoljcane.si\/nova\/wp-content\/uploads\/2021\/05\/ure_zaslonov_po_starosti_-_slika-300x273.png\" \/>\n<meta name=\"twitter:card\" content=\"summary_large_image\" \/>\n<meta name=\"twitter:label1\" content=\"Est. reading time\" \/>\n\t<meta name=\"twitter:data1\" content=\"2 minuti\" \/>\n<script type=\"application\/ld+json\" class=\"yoast-schema-graph\">{\"@context\":\"https:\\\/\\\/schema.org\",\"@graph\":[{\"@type\":\"WebPage\",\"@id\":\"https:\\\/\\\/ospoljcane.si\\\/nova\\\/priporocila-in-obvestila-za-starse\\\/\",\"url\":\"https:\\\/\\\/ospoljcane.si\\\/nova\\\/priporocila-in-obvestila-za-starse\\\/\",\"name\":\"Priporo\u010dila in obvestila za star\u0161e - Osnovna \u0161ola Kajetana Kovi\u010da Polj\u010dane\",\"isPartOf\":{\"@id\":\"https:\\\/\\\/ospoljcane.si\\\/nova\\\/#website\"},\"primaryImageOfPage\":{\"@id\":\"https:\\\/\\\/ospoljcane.si\\\/nova\\\/priporocila-in-obvestila-za-starse\\\/#primaryimage\"},\"image\":{\"@id\":\"https:\\\/\\\/ospoljcane.si\\\/nova\\\/priporocila-in-obvestila-za-starse\\\/#primaryimage\"},\"thumbnailUrl\":\"http:\\\/\\\/ospoljcane.si\\\/nova\\\/wp-content\\\/uploads\\\/2021\\\/05\\\/ure_zaslonov_po_starosti_-_slika-300x273.png\",\"datePublished\":\"2020-12-28T12:10:53+00:00\",\"dateModified\":\"2021-05-18T08:08:29+00:00\",\"breadcrumb\":{\"@id\":\"https:\\\/\\\/ospoljcane.si\\\/nova\\\/priporocila-in-obvestila-za-starse\\\/#breadcrumb\"},\"inLanguage\":\"sl-SI\",\"potentialAction\":[{\"@type\":\"ReadAction\",\"target\":[\"https:\\\/\\\/ospoljcane.si\\\/nova\\\/priporocila-in-obvestila-za-starse\\\/\"]}]},{\"@type\":\"ImageObject\",\"inLanguage\":\"sl-SI\",\"@id\":\"https:\\\/\\\/ospoljcane.si\\\/nova\\\/priporocila-in-obvestila-za-starse\\\/#primaryimage\",\"url\":\"https:\\\/\\\/ospoljcane.si\\\/nova\\\/wp-content\\\/uploads\\\/2021\\\/05\\\/ure_zaslonov_po_starosti_-_slika.png\",\"contentUrl\":\"https:\\\/\\\/ospoljcane.si\\\/nova\\\/wp-content\\\/uploads\\\/2021\\\/05\\\/ure_zaslonov_po_starosti_-_slika.png\",\"width\":1015,\"height\":922},{\"@type\":\"BreadcrumbList\",\"@id\":\"https:\\\/\\\/ospoljcane.si\\\/nova\\\/priporocila-in-obvestila-za-starse\\\/#breadcrumb\",\"itemListElement\":[{\"@type\":\"ListItem\",\"position\":1,\"name\":\"Domov\",\"item\":\"https:\\\/\\\/ospoljcane.si\\\/nova\\\/\"},{\"@type\":\"ListItem\",\"position\":2,\"name\":\"Priporo\u010dila in obvestila za star\u0161e\"}]},{\"@type\":\"WebSite\",\"@id\":\"https:\\\/\\\/ospoljcane.si\\\/nova\\\/#website\",\"url\":\"https:\\\/\\\/ospoljcane.si\\\/nova\\\/\",\"name\":\"Osnovna \u0161ola Kajetana Kovi\u010da Polj\u010dane\",\"description\":\"\",\"publisher\":{\"@id\":\"https:\\\/\\\/ospoljcane.si\\\/nova\\\/#organization\"},\"potentialAction\":[{\"@type\":\"SearchAction\",\"target\":{\"@type\":\"EntryPoint\",\"urlTemplate\":\"https:\\\/\\\/ospoljcane.si\\\/nova\\\/?s={search_term_string}\"},\"query-input\":{\"@type\":\"PropertyValueSpecification\",\"valueRequired\":true,\"valueName\":\"search_term_string\"}}],\"inLanguage\":\"sl-SI\"},{\"@type\":\"Organization\",\"@id\":\"https:\\\/\\\/ospoljcane.si\\\/nova\\\/#organization\",\"name\":\"Osnovna \u0161ola Kajetana Kovi\u010da Polj\u010dane\",\"url\":\"https:\\\/\\\/ospoljcane.si\\\/nova\\\/\",\"logo\":{\"@type\":\"ImageObject\",\"inLanguage\":\"sl-SI\",\"@id\":\"https:\\\/\\\/ospoljcane.si\\\/nova\\\/#\\\/schema\\\/logo\\\/image\\\/\",\"url\":\"https:\\\/\\\/ospoljcane.si\\\/nova\\\/wp-content\\\/uploads\\\/2020\\\/12\\\/cropped-cropped-Logotip-sole-2016_3G-1-1.png\",\"contentUrl\":\"https:\\\/\\\/ospoljcane.si\\\/nova\\\/wp-content\\\/uploads\\\/2020\\\/12\\\/cropped-cropped-Logotip-sole-2016_3G-1-1.png\",\"width\":512,\"height\":512,\"caption\":\"Osnovna \u0161ola Kajetana Kovi\u010da Polj\u010dane\"},\"image\":{\"@id\":\"https:\\\/\\\/ospoljcane.si\\\/nova\\\/#\\\/schema\\\/logo\\\/image\\\/\"}}]}<\/script>\n<!-- \/ Yoast SEO plugin. -->","yoast_head_json":{"title":"Priporo\u010dila in obvestila za star\u0161e - Osnovna \u0161ola Kajetana Kovi\u010da Polj\u010dane","robots":{"index":"index","follow":"follow","max-snippet":"max-snippet:-1","max-image-preview":"max-image-preview:large","max-video-preview":"max-video-preview:-1"},"canonical":"https:\/\/ospoljcane.si\/nova\/priporocila-in-obvestila-za-starse\/","og_locale":"sl_SI","og_type":"article","og_title":"Priporo\u010dila in obvestila za star\u0161e - Osnovna \u0161ola Kajetana Kovi\u010da Polj\u010dane","og_description":"Redno sodelujte z razrednikom va\u0161ega otroka. Redno obiskujte roditeljske sestanke, govorilne ure &#8230; Aktivno se vklju\u010dite v delo \u0161ole. Vsak dan posvetite nekaj \u010dasa svojemu &hellip;","og_url":"https:\/\/ospoljcane.si\/nova\/priporocila-in-obvestila-za-starse\/","og_site_name":"Osnovna \u0161ola Kajetana Kovi\u010da Polj\u010dane","article_modified_time":"2021-05-18T08:08:29+00:00","og_image":[{"url":"http:\/\/ospoljcane.si\/nova\/wp-content\/uploads\/2021\/05\/ure_zaslonov_po_starosti_-_slika-300x273.png","type":"","width":"","height":""}],"twitter_card":"summary_large_image","twitter_misc":{"Est. reading time":"2 minuti"},"schema":{"@context":"https:\/\/schema.org","@graph":[{"@type":"WebPage","@id":"https:\/\/ospoljcane.si\/nova\/priporocila-in-obvestila-za-starse\/","url":"https:\/\/ospoljcane.si\/nova\/priporocila-in-obvestila-za-starse\/","name":"Priporo\u010dila in obvestila za star\u0161e - Osnovna \u0161ola Kajetana Kovi\u010da Polj\u010dane","isPartOf":{"@id":"https:\/\/ospoljcane.si\/nova\/#website"},"primaryImageOfPage":{"@id":"https:\/\/ospoljcane.si\/nova\/priporocila-in-obvestila-za-starse\/#primaryimage"},"image":{"@id":"https:\/\/ospoljcane.si\/nova\/priporocila-in-obvestila-za-starse\/#primaryimage"},"thumbnailUrl":"http:\/\/ospoljcane.si\/nova\/wp-content\/uploads\/2021\/05\/ure_zaslonov_po_starosti_-_slika-300x273.png","datePublished":"2020-12-28T12:10:53+00:00","dateModified":"2021-05-18T08:08:29+00:00","breadcrumb":{"@id":"https:\/\/ospoljcane.si\/nova\/priporocila-in-obvestila-za-starse\/#breadcrumb"},"inLanguage":"sl-SI","potentialAction":[{"@type":"ReadAction","target":["https:\/\/ospoljcane.si\/nova\/priporocila-in-obvestila-za-starse\/"]}]},{"@type":"ImageObject","inLanguage":"sl-SI","@id":"https:\/\/ospoljcane.si\/nova\/priporocila-in-obvestila-za-starse\/#primaryimage","url":"https:\/\/ospoljcane.si\/nova\/wp-content\/uploads\/2021\/05\/ure_zaslonov_po_starosti_-_slika.png","contentUrl":"https:\/\/ospoljcane.si\/nova\/wp-content\/uploads\/2021\/05\/ure_zaslonov_po_starosti_-_slika.png","width":1015,"height":922},{"@type":"BreadcrumbList","@id":"https:\/\/ospoljcane.si\/nova\/priporocila-in-obvestila-za-starse\/#breadcrumb","itemListElement":[{"@type":"ListItem","position":1,"name":"Domov","item":"https:\/\/ospoljcane.si\/nova\/"},{"@type":"ListItem","position":2,"name":"Priporo\u010dila in obvestila za star\u0161e"}]},{"@type":"WebSite","@id":"https:\/\/ospoljcane.si\/nova\/#website","url":"https:\/\/ospoljcane.si\/nova\/","name":"Osnovna \u0161ola Kajetana Kovi\u010da Polj\u010dane","description":"","publisher":{"@id":"https:\/\/ospoljcane.si\/nova\/#organization"},"potentialAction":[{"@type":"SearchAction","target":{"@type":"EntryPoint","urlTemplate":"https:\/\/ospoljcane.si\/nova\/?s={search_term_string}"},"query-input":{"@type":"PropertyValueSpecification","valueRequired":true,"valueName":"search_term_string"}}],"inLanguage":"sl-SI"},{"@type":"Organization","@id":"https:\/\/ospoljcane.si\/nova\/#organization","name":"Osnovna \u0161ola Kajetana Kovi\u010da Polj\u010dane","url":"https:\/\/ospoljcane.si\/nova\/","logo":{"@type":"ImageObject","inLanguage":"sl-SI","@id":"https:\/\/ospoljcane.si\/nova\/#\/schema\/logo\/image\/","url":"https:\/\/ospoljcane.si\/nova\/wp-content\/uploads\/2020\/12\/cropped-cropped-Logotip-sole-2016_3G-1-1.png","contentUrl":"https:\/\/ospoljcane.si\/nova\/wp-content\/uploads\/2020\/12\/cropped-cropped-Logotip-sole-2016_3G-1-1.png","width":512,"height":512,"caption":"Osnovna \u0161ola Kajetana Kovi\u010da Polj\u010dane"},"image":{"@id":"https:\/\/ospoljcane.si\/nova\/#\/schema\/logo\/image\/"}}]}},"_links":{"self":[{"href":"https:\/\/ospoljcane.si\/nova\/wp-json\/wp\/v2\/pages\/1219","targetHints":{"allow":["GET"]}}],"collection":[{"href":"https:\/\/ospoljcane.si\/nova\/wp-json\/wp\/v2\/pages"}],"about":[{"href":"https:\/\/ospoljcane.si\/nova\/wp-json\/wp\/v2\/types\/page"}],"author":[{"embeddable":true,"href":"https:\/\/ospoljcane.si\/nova\/wp-json\/wp\/v2\/users\/1"}],"replies":[{"embeddable":true,"href":"https:\/\/ospoljcane.si\/nova\/wp-json\/wp\/v2\/comments?post=1219"}],"version-history":[{"count":3,"href":"https:\/\/ospoljcane.si\/nova\/wp-json\/wp\/v2\/pages\/1219\/revisions"}],"predecessor-version":[{"id":5504,"href":"https:\/\/ospoljcane.si\/nova\/wp-json\/wp\/v2\/pages\/1219\/revisions\/5504"}],"wp:attachment":[{"href":"https:\/\/ospoljcane.si\/nova\/wp-json\/wp\/v2\/media?parent=1219"}],"curies":[{"name":"wp","href":"https:\/\/api.w.org\/{rel}","templated":true}]}}