{"id":1216,"date":"2020-12-28T11:47:44","date_gmt":"2020-12-28T10:47:44","guid":{"rendered":"http:\/\/ospoljcane.si\/nova\/?page_id=1216"},"modified":"2025-09-12T12:33:23","modified_gmt":"2025-09-12T10:33:23","slug":"govorilne-ure","status":"publish","type":"page","link":"https:\/\/ospoljcane.si\/nova\/govorilne-ure\/","title":{"rendered":"Govorilne ure"},"content":{"rendered":"\t\t<div data-elementor-type=\"wp-page\" data-elementor-id=\"1216\" class=\"elementor elementor-1216\" data-elementor-post-type=\"page\">\n\t\t\t\t\t\t<section class=\"elementor-section elementor-top-section elementor-element elementor-element-7a313bc5 elementor-section-boxed elementor-section-height-default elementor-section-height-default\" data-id=\"7a313bc5\" data-element_type=\"section\" data-e-type=\"section\">\n\t\t\t\t\t\t<div class=\"elementor-container elementor-column-gap-default\">\n\t\t\t\t\t<div class=\"elementor-column elementor-col-100 elementor-top-column elementor-element elementor-element-36c372c0\" data-id=\"36c372c0\" data-element_type=\"column\" data-e-type=\"column\">\n\t\t\t<div class=\"elementor-widget-wrap elementor-element-populated\">\n\t\t\t\t\t\t<div class=\"elementor-element elementor-element-6949aa90 elementor-widget__width-initial elementor-widget elementor-widget-text-editor\" data-id=\"6949aa90\" data-element_type=\"widget\" data-e-type=\"widget\" data-widget_type=\"text-editor.default\">\n\t\t\t\t<div class=\"elementor-widget-container\">\n\t\t\t\t\t\t\t\t\t<p><strong>Govorilno uro<\/strong> skli\u010de razrednik praviloma <strong>vsak drugi\u00a0delovni torek<\/strong> v mesecu v popoldanskem \u010dasu s pri\u010detkom<strong>\u00a0ob 17. uri. <\/strong><\/p><p>Razrednik informira star\u0161e o u\u010dnem uspehu in vedenju posameznih u\u010dencev. S star\u0161i se pogovori o ukrepih za izbolj\u0161anje u\u010dno-vzgojnih uspehov ter drugih zadevah, pomembnih za razumevanje u\u010den\u010deve situacije. Na govorilno uro je lahko povabljen tudi u\u010denec-ka.<\/p><p>Govorilnim uram lahko prisostvuje poleg razrednika tudi sorazrednik ali u\u010ditelj, ki u\u010di v oddelku.<\/p><p>Glede na vsebino se lahko ura sre\u010danja spremeni. O tem razredniki star\u0161e pisno obvestijo.<\/p><p>Govorilno uro skli\u010de razrednik praviloma <strong><b>vsak drugi delovni torek<\/b><\/strong>\u00a0v mesecu obi\u010dajno ob 17. uri. Glede na vsebino se lahko ura sre\u010danja spremeni. O tem razredniki star\u0161e pisno obvestijo.<\/p><p><strong><em>Govorilne ure in roditeljski sestanki za star\u0161e bodo potekali glede na epidemiolo\u0161ke razmere \u00a0v mati\u010dnih u\u010dilnicah oddelkov ali na daljavo.<\/em><\/strong><\/p><p data-ccp-border-between=\"0px none #000000\" data-ccp-padding-between=\"0px\"><span style=\"color: #008000;\"><strong>V \u0161olskem letu 2025\/26 so predvideni datumi govorilnih ur:\u00a0<\/strong><\/span><\/p><table width=\"396\"><thead><tr><td width=\"37\"><p>\u00a0<\/p><\/td><td width=\"161\"><p>Priimek in ime u\u010ditelja\u00a0<\/p><\/td><td width=\"198\"><p>*Govorilne ure: dan, \u010das\u00a0<\/p><\/td><\/tr><\/thead><tbody><tr><td width=\"37\"><p>1.<\/p><\/td><td width=\"161\"><p>Born\u0161ek Polona\u00a0<\/p><\/td><td width=\"198\"><p>po predhodnem dogovoru\u00a0<\/p><\/td><\/tr><tr><td width=\"37\"><p>2.<\/p><\/td><td width=\"161\"><p>Cigler Plo\u0161injak Jelka\u00a0<\/p><\/td><td width=\"198\"><p>petek, 9.45\u201310.05\u00a0<\/p><\/td><\/tr><tr><td width=\"37\"><p>3.<\/p><\/td><td width=\"161\"><p>Dragi\u010d Rok\u00a0<\/p><\/td><td width=\"198\"><p>ponedeljek, 10.25\u201310.45\u00a0\u00a0<\/p><\/td><\/tr><tr><td width=\"37\"><p>4.<\/p><\/td><td width=\"161\"><p>Drofenik Lorber Erna\u00a0<\/p><\/td><td width=\"198\"><p>ponedeljek, 12.10-12.55\u00a0<\/p><\/td><\/tr><tr><td width=\"37\"><p>5.<\/p><\/td><td width=\"161\"><p>Golob Leonida\u00a0<\/p><\/td><td width=\"198\"><p>petek, 10.30\u201310.50\u00a0<\/p><\/td><\/tr><tr><td width=\"37\"><p>6.<\/p><\/td><td width=\"161\"><p>Hojnik Lora\u00a0<\/p><\/td><td width=\"198\"><p>ponedeljek, 11:15\u201311:35\u00a0<\/p><\/td><\/tr><tr><td width=\"37\"><p>7.<\/p><\/td><td width=\"161\"><p>Jelnikar Kristina\u00a0<\/p><\/td><td width=\"198\"><p>po predhodnem dogovoru\u00a0<\/p><\/td><\/tr><tr><td width=\"37\"><p>8.<\/p><\/td><td width=\"161\"><p>Juhart Tanja\u00a0<\/p><\/td><td width=\"198\"><p>ponedeljek, 12.05\u201312.25\u00a0<\/p><\/td><\/tr><tr><td width=\"37\"><p>9.<\/p><\/td><td width=\"161\"><p>Konec Nu\u0161ka\u00a0<\/p><\/td><td width=\"198\"><p>torek, 8.15\u20139.35\u00a0<\/p><\/td><\/tr><tr><td width=\"37\"><p>10.<\/p><\/td><td width=\"161\"><p>Kotnik Renata\u00a0<\/p><\/td><td width=\"198\"><p>ponedeljek, 12.05 &#8211; 12.50\u00a0<\/p><\/td><\/tr><tr><td width=\"37\"><p>11.<\/p><\/td><td width=\"161\"><p>Kra\u010dun Suzana\u00a0<\/p><\/td><td width=\"198\"><p>petek, 12.05 &#8211;\u00a0\u00a0<\/p><\/td><\/tr><tr><td width=\"37\"><p>12.<\/p><\/td><td width=\"161\"><p>Krajnc Danijela\u00a0<\/p><\/td><td width=\"198\"><p>torek, 9.20\u20139.40\u00a0<\/p><\/td><\/tr><tr><td width=\"37\"><p>13.<\/p><\/td><td width=\"161\"><p>Krajnc Darja\u00a0<\/p><\/td><td width=\"198\"><p>\u010detrtek, 11.20\u201311.40\u00a0<\/p><\/td><\/tr><tr><td width=\"37\"><p>14.<\/p><\/td><td width=\"161\"><p>Kralj Sabina\u00a0\u00a0<\/p><\/td><td width=\"198\"><p>po predhodnem dogovoru\u00a0<\/p><\/td><\/tr><tr><td width=\"37\"><p>15.<\/p><\/td><td width=\"161\"><p>Leskovar Irena\u202f\u00a0<\/p><\/td><td width=\"198\"><p>po dogovoru\u00a0<\/p><\/td><\/tr><tr><td width=\"37\"><p>16.<\/p><\/td><td width=\"161\"><p>Leskovar Ranko\u00a0<\/p><\/td><td width=\"198\"><p>torek, 9.20\u201310.05\u00a0<\/p><\/td><\/tr><tr><td width=\"37\"><p>17.<\/p><\/td><td width=\"161\"><p>Le\u0161nik Manja\u00a0<\/p><\/td><td width=\"198\"><p>torek, 12.05 &#8211; 12.50\u00a0<\/p><\/td><\/tr><tr><td width=\"37\"><p>18.<\/p><\/td><td width=\"161\"><p>Motaln Mojca\u00a0<\/p><\/td><td width=\"198\"><p>po predhodnem dogovoru\u00a0<\/p><\/td><\/tr><tr><td width=\"37\"><p>19.<\/p><\/td><td width=\"161\"><p>Mravlje Francka\u00a0<\/p><\/td><td width=\"198\"><p>po predhodnem dogovoru\u00a0<\/p><\/td><\/tr><tr><td width=\"37\"><p>20.<\/p><\/td><td width=\"161\"><p>Oder Barbara\u00a0<\/p><\/td><td width=\"198\"><p>ponedeljek, 11.15\u201311.35\u00a0<\/p><\/td><\/tr><tr><td width=\"37\"><p>21.<\/p><\/td><td width=\"161\"><p>Pegan Milena\u00a0<\/p><\/td><td width=\"198\"><p>ponedeljek, 9. 20\u20139. 40\u00a0<\/p><\/td><\/tr><tr><td width=\"37\"><p>22.<\/p><\/td><td width=\"161\"><p>Podjaver\u0161ek Zdenka\u00a0<\/p><\/td><td width=\"198\"><p>petek, 9.45\u201310.05\u00a0<\/p><\/td><\/tr><tr><td width=\"37\"><p>23.<\/p><\/td><td width=\"161\"><p>Primo\u017ei\u010d Sara Vanesa\u00a0<\/p><\/td><td width=\"198\"><p>po predhodnem dogovoru\u00a0<\/p><\/td><\/tr><tr><td width=\"37\"><p>24.<\/p><\/td><td width=\"161\"><p>Robnik Tina\u00a0<\/p><\/td><td width=\"198\"><p>sreda, 9.20 \u2013 9.40\u00a0<\/p><\/td><\/tr><tr><td width=\"37\"><p>25.<\/p><\/td><td width=\"161\"><p>Saboli\u010d Goran\u00a0<\/p><\/td><td width=\"198\"><p>petek , 10.25\u201310.45\u00a0<\/p><\/td><\/tr><tr><td width=\"37\"><p>26.<\/p><\/td><td width=\"161\"><p>Savski Tadeja\u00a0<\/p><\/td><td width=\"198\"><p>Ponedeljek, 7.25\u20138.10\u00a0<\/p><\/td><\/tr><tr><td width=\"37\"><p>27.<\/p><\/td><td width=\"161\"><p>Sekirnik Nina\u00a0<\/p><\/td><td width=\"198\"><p>stalna naloga\u00a0<\/p><\/td><\/tr><tr><td width=\"37\"><p>28.<\/p><\/td><td width=\"161\"><p>Simoni\u010d Tina\u00a0<\/p><\/td><td width=\"198\"><p>petek, 8.15 \u2013 8.40\u00a0<\/p><\/td><\/tr><tr><td width=\"37\"><p>29.<\/p><\/td><td width=\"161\"><p>Sitar Benjamin\u00a0<\/p><\/td><td width=\"198\"><p>ponedeljek, 10.25-10.45\u00a0<\/p><\/td><\/tr><tr><td width=\"37\"><p>30.<\/p><\/td><td width=\"161\"><p>Skerbi\u0161 Mateja\u00a0<\/p><\/td><td width=\"198\"><p>torek, 11.40-12.00\u00a0<\/p><\/td><\/tr><tr><td width=\"37\"><p>31.<\/p><\/td><td width=\"161\"><p>\u0160eligo Nina\u00a0<\/p><\/td><td width=\"198\"><p>\u00a0po predhodnem dogovoru<\/p><\/td><\/tr><tr><td width=\"37\"><p>32.<\/p><\/td><td width=\"161\"><p>\u0160tauber Jo\u017eica\u00a0<\/p><\/td><td width=\"198\"><p>sreda, 10.25 &#8211; 10.45\u00a0<\/p><\/td><\/tr><tr><td width=\"37\"><p>33.<\/p><\/td><td width=\"161\"><p>Ternov\u0161ek Irena\u00a0<\/p><\/td><td width=\"198\"><p>petek, 10.30\u201310.50\u00a0<\/p><\/td><\/tr><tr><td width=\"37\"><p>34.<\/p><\/td><td width=\"161\"><p>Ulaga Ula\u00a0<\/p><\/td><td width=\"198\"><p>ponedeljek, 12.05-12.50\u00a0<\/p><\/td><\/tr><tr><td width=\"37\"><p>35.<\/p><\/td><td width=\"161\"><p>Vantur Valerija\u00a0<\/p><\/td><td width=\"198\"><p>ponedeljek, 11.20\u201311.40\u00a0<\/p><\/td><\/tr><tr><td width=\"37\"><p>36.<\/p><\/td><td width=\"161\"><p>Vo\u0161inek Suzana\u00a0<\/p><\/td><td width=\"198\"><p>sreda, 11.20-11.40\u00a0<\/p><\/td><\/tr><tr><td width=\"37\"><p>37.<\/p><\/td><td width=\"161\"><p>Vuk Suzana\u00a0<\/p><\/td><td width=\"198\"><p>\u010detrtek, 12.05-12.25\u00a0<\/p><\/td><\/tr><tr><td width=\"37\"><p>38.<\/p><\/td><td width=\"161\"><p>Zidari\u010d Nejc\u00a0<\/p><\/td><td width=\"198\"><p>\u010detrtek, 11.15\u201311.45\u00a0<\/p><\/td><\/tr><\/tbody><\/table>\t\t\t\t\t\t\t\t<\/div>\n\t\t\t\t<\/div>\n\t\t\t\t\t<\/div>\n\t\t<\/div>\n\t\t\t\t\t<\/div>\n\t\t<\/section>\n\t\t\t\t<\/div>\n\t\t","protected":false},"excerpt":{"rendered":"<p>Govorilno uro skli\u010de razrednik praviloma vsak drugi\u00a0delovni torek v mesecu v popoldanskem \u010dasu s pri\u010detkom\u00a0ob 17. uri. Razrednik informira star\u0161e o u\u010dnem uspehu in vedenju &hellip; <\/p>\n","protected":false},"author":1,"featured_media":0,"parent":0,"menu_order":0,"comment_status":"closed","ping_status":"closed","template":"","meta":{"footnotes":""},"class_list":["post-1216","page","type-page","status-publish","hentry","image-hover-transition-effect","latest_post"],"yoast_head":"<!-- This site is optimized with the Yoast SEO plugin v27.4 - https:\/\/yoast.com\/product\/yoast-seo-wordpress\/ -->\n<title>Govorilne ure - Osnovna \u0161ola Kajetana Kovi\u010da Polj\u010dane<\/title>\n<meta name=\"robots\" content=\"index, follow, max-snippet:-1, max-image-preview:large, max-video-preview:-1\" \/>\n<link rel=\"canonical\" href=\"https:\/\/ospoljcane.si\/nova\/govorilne-ure\/\" \/>\n<meta property=\"og:locale\" content=\"sl_SI\" \/>\n<meta property=\"og:type\" content=\"article\" \/>\n<meta property=\"og:title\" content=\"Govorilne ure - Osnovna \u0161ola Kajetana Kovi\u010da Polj\u010dane\" \/>\n<meta property=\"og:description\" content=\"Govorilno uro skli\u010de razrednik praviloma vsak drugi\u00a0delovni torek v mesecu v popoldanskem \u010dasu s pri\u010detkom\u00a0ob 17. uri. Razrednik informira star\u0161e o u\u010dnem uspehu in vedenju &hellip;\" \/>\n<meta property=\"og:url\" content=\"https:\/\/ospoljcane.si\/nova\/govorilne-ure\/\" \/>\n<meta property=\"og:site_name\" content=\"Osnovna \u0161ola Kajetana Kovi\u010da Polj\u010dane\" \/>\n<meta property=\"article:modified_time\" content=\"2025-09-12T10:33:23+00:00\" \/>\n<meta name=\"twitter:card\" content=\"summary_large_image\" \/>\n<meta name=\"twitter:label1\" content=\"Est. reading time\" \/>\n\t<meta name=\"twitter:data1\" content=\"2 minuti\" \/>\n<script type=\"application\/ld+json\" class=\"yoast-schema-graph\">{\"@context\":\"https:\\\/\\\/schema.org\",\"@graph\":[{\"@type\":\"WebPage\",\"@id\":\"https:\\\/\\\/ospoljcane.si\\\/nova\\\/govorilne-ure\\\/\",\"url\":\"https:\\\/\\\/ospoljcane.si\\\/nova\\\/govorilne-ure\\\/\",\"name\":\"Govorilne ure - Osnovna \u0161ola Kajetana Kovi\u010da Polj\u010dane\",\"isPartOf\":{\"@id\":\"https:\\\/\\\/ospoljcane.si\\\/nova\\\/#website\"},\"datePublished\":\"2020-12-28T10:47:44+00:00\",\"dateModified\":\"2025-09-12T10:33:23+00:00\",\"breadcrumb\":{\"@id\":\"https:\\\/\\\/ospoljcane.si\\\/nova\\\/govorilne-ure\\\/#breadcrumb\"},\"inLanguage\":\"sl-SI\",\"potentialAction\":[{\"@type\":\"ReadAction\",\"target\":[\"https:\\\/\\\/ospoljcane.si\\\/nova\\\/govorilne-ure\\\/\"]}]},{\"@type\":\"BreadcrumbList\",\"@id\":\"https:\\\/\\\/ospoljcane.si\\\/nova\\\/govorilne-ure\\\/#breadcrumb\",\"itemListElement\":[{\"@type\":\"ListItem\",\"position\":1,\"name\":\"Domov\",\"item\":\"https:\\\/\\\/ospoljcane.si\\\/nova\\\/\"},{\"@type\":\"ListItem\",\"position\":2,\"name\":\"Govorilne ure\"}]},{\"@type\":\"WebSite\",\"@id\":\"https:\\\/\\\/ospoljcane.si\\\/nova\\\/#website\",\"url\":\"https:\\\/\\\/ospoljcane.si\\\/nova\\\/\",\"name\":\"Osnovna \u0161ola Kajetana Kovi\u010da Polj\u010dane\",\"description\":\"\",\"publisher\":{\"@id\":\"https:\\\/\\\/ospoljcane.si\\\/nova\\\/#organization\"},\"potentialAction\":[{\"@type\":\"SearchAction\",\"target\":{\"@type\":\"EntryPoint\",\"urlTemplate\":\"https:\\\/\\\/ospoljcane.si\\\/nova\\\/?s={search_term_string}\"},\"query-input\":{\"@type\":\"PropertyValueSpecification\",\"valueRequired\":true,\"valueName\":\"search_term_string\"}}],\"inLanguage\":\"sl-SI\"},{\"@type\":\"Organization\",\"@id\":\"https:\\\/\\\/ospoljcane.si\\\/nova\\\/#organization\",\"name\":\"Osnovna \u0161ola Kajetana Kovi\u010da Polj\u010dane\",\"url\":\"https:\\\/\\\/ospoljcane.si\\\/nova\\\/\",\"logo\":{\"@type\":\"ImageObject\",\"inLanguage\":\"sl-SI\",\"@id\":\"https:\\\/\\\/ospoljcane.si\\\/nova\\\/#\\\/schema\\\/logo\\\/image\\\/\",\"url\":\"https:\\\/\\\/ospoljcane.si\\\/nova\\\/wp-content\\\/uploads\\\/2020\\\/12\\\/cropped-cropped-Logotip-sole-2016_3G-1-1.png\",\"contentUrl\":\"https:\\\/\\\/ospoljcane.si\\\/nova\\\/wp-content\\\/uploads\\\/2020\\\/12\\\/cropped-cropped-Logotip-sole-2016_3G-1-1.png\",\"width\":512,\"height\":512,\"caption\":\"Osnovna \u0161ola Kajetana Kovi\u010da Polj\u010dane\"},\"image\":{\"@id\":\"https:\\\/\\\/ospoljcane.si\\\/nova\\\/#\\\/schema\\\/logo\\\/image\\\/\"}}]}<\/script>\n<!-- \/ Yoast SEO plugin. -->","yoast_head_json":{"title":"Govorilne ure - Osnovna \u0161ola Kajetana Kovi\u010da Polj\u010dane","robots":{"index":"index","follow":"follow","max-snippet":"max-snippet:-1","max-image-preview":"max-image-preview:large","max-video-preview":"max-video-preview:-1"},"canonical":"https:\/\/ospoljcane.si\/nova\/govorilne-ure\/","og_locale":"sl_SI","og_type":"article","og_title":"Govorilne ure - Osnovna \u0161ola Kajetana Kovi\u010da Polj\u010dane","og_description":"Govorilno uro skli\u010de razrednik praviloma vsak drugi\u00a0delovni torek v mesecu v popoldanskem \u010dasu s pri\u010detkom\u00a0ob 17. uri. Razrednik informira star\u0161e o u\u010dnem uspehu in vedenju &hellip;","og_url":"https:\/\/ospoljcane.si\/nova\/govorilne-ure\/","og_site_name":"Osnovna \u0161ola Kajetana Kovi\u010da Polj\u010dane","article_modified_time":"2025-09-12T10:33:23+00:00","twitter_card":"summary_large_image","twitter_misc":{"Est. reading time":"2 minuti"},"schema":{"@context":"https:\/\/schema.org","@graph":[{"@type":"WebPage","@id":"https:\/\/ospoljcane.si\/nova\/govorilne-ure\/","url":"https:\/\/ospoljcane.si\/nova\/govorilne-ure\/","name":"Govorilne ure - Osnovna \u0161ola Kajetana Kovi\u010da Polj\u010dane","isPartOf":{"@id":"https:\/\/ospoljcane.si\/nova\/#website"},"datePublished":"2020-12-28T10:47:44+00:00","dateModified":"2025-09-12T10:33:23+00:00","breadcrumb":{"@id":"https:\/\/ospoljcane.si\/nova\/govorilne-ure\/#breadcrumb"},"inLanguage":"sl-SI","potentialAction":[{"@type":"ReadAction","target":["https:\/\/ospoljcane.si\/nova\/govorilne-ure\/"]}]},{"@type":"BreadcrumbList","@id":"https:\/\/ospoljcane.si\/nova\/govorilne-ure\/#breadcrumb","itemListElement":[{"@type":"ListItem","position":1,"name":"Domov","item":"https:\/\/ospoljcane.si\/nova\/"},{"@type":"ListItem","position":2,"name":"Govorilne ure"}]},{"@type":"WebSite","@id":"https:\/\/ospoljcane.si\/nova\/#website","url":"https:\/\/ospoljcane.si\/nova\/","name":"Osnovna \u0161ola Kajetana Kovi\u010da Polj\u010dane","description":"","publisher":{"@id":"https:\/\/ospoljcane.si\/nova\/#organization"},"potentialAction":[{"@type":"SearchAction","target":{"@type":"EntryPoint","urlTemplate":"https:\/\/ospoljcane.si\/nova\/?s={search_term_string}"},"query-input":{"@type":"PropertyValueSpecification","valueRequired":true,"valueName":"search_term_string"}}],"inLanguage":"sl-SI"},{"@type":"Organization","@id":"https:\/\/ospoljcane.si\/nova\/#organization","name":"Osnovna \u0161ola Kajetana Kovi\u010da Polj\u010dane","url":"https:\/\/ospoljcane.si\/nova\/","logo":{"@type":"ImageObject","inLanguage":"sl-SI","@id":"https:\/\/ospoljcane.si\/nova\/#\/schema\/logo\/image\/","url":"https:\/\/ospoljcane.si\/nova\/wp-content\/uploads\/2020\/12\/cropped-cropped-Logotip-sole-2016_3G-1-1.png","contentUrl":"https:\/\/ospoljcane.si\/nova\/wp-content\/uploads\/2020\/12\/cropped-cropped-Logotip-sole-2016_3G-1-1.png","width":512,"height":512,"caption":"Osnovna \u0161ola Kajetana Kovi\u010da Polj\u010dane"},"image":{"@id":"https:\/\/ospoljcane.si\/nova\/#\/schema\/logo\/image\/"}}]}},"_links":{"self":[{"href":"https:\/\/ospoljcane.si\/nova\/wp-json\/wp\/v2\/pages\/1216","targetHints":{"allow":["GET"]}}],"collection":[{"href":"https:\/\/ospoljcane.si\/nova\/wp-json\/wp\/v2\/pages"}],"about":[{"href":"https:\/\/ospoljcane.si\/nova\/wp-json\/wp\/v2\/types\/page"}],"author":[{"embeddable":true,"href":"https:\/\/ospoljcane.si\/nova\/wp-json\/wp\/v2\/users\/1"}],"replies":[{"embeddable":true,"href":"https:\/\/ospoljcane.si\/nova\/wp-json\/wp\/v2\/comments?post=1216"}],"version-history":[{"count":69,"href":"https:\/\/ospoljcane.si\/nova\/wp-json\/wp\/v2\/pages\/1216\/revisions"}],"predecessor-version":[{"id":22440,"href":"https:\/\/ospoljcane.si\/nova\/wp-json\/wp\/v2\/pages\/1216\/revisions\/22440"}],"wp:attachment":[{"href":"https:\/\/ospoljcane.si\/nova\/wp-json\/wp\/v2\/media?parent=1216"}],"curies":[{"name":"wp","href":"https:\/\/api.w.org\/{rel}","templated":true}]}}