{"id":1208,"date":"2020-12-28T08:34:27","date_gmt":"2020-12-28T07:34:27","guid":{"rendered":"http:\/\/ospoljcane.si\/nova\/?page_id=1208"},"modified":"2021-02-25T20:11:08","modified_gmt":"2021-02-25T19:11:08","slug":"sodelovanje-s-starsi","status":"publish","type":"page","link":"https:\/\/ospoljcane.si\/nova\/sodelovanje-s-starsi\/","title":{"rendered":"Sodelovanje s star\u0161i"},"content":{"rendered":"<div class=\"ospoljcane-post-inner ospoljcane-article\">\n<div class=\"ospoljcane-postcontent\">\n<div class=\"ospoljcane-article\">\n<div>Vzgoja in izobra\u017eevanje otrok in mladine sta storitveni dejavnosti. Doseganje ciljev in do\u017eivljanje zadovoljstva\u00a0 sta odvisna od kakovosti medsebojnih odnosov in nivoja medsebojnega sodelovanja vseh vklju\u010denih v proces vzgoje in izobra\u017eevanja.<\/div>\n<div>Prav zato si \u017eelimo, da bi z razli\u010dnimi oblikami dru\u017eenja dosegli soglasje v skrbi za otroke oz. u\u010dence.<\/div>\n<\/div>\n<\/div>\n<\/div>\n<div><\/div>\n<div><\/div>\n<div class=\"ospoljcane-post-inner ospoljcane-article\">\n<div class=\"ospoljcane-postcontent\">\n<div class=\"ospoljcane-article\">\n<div>Imamo skupni cilj. Prizadevamo si, da bi bili na\u0161i otroci sre\u010dni, ustvarjalni, kriti\u010dni in samostojni. \u0160e posebej pa si \u017eelimo, da bi se znali uspe\u0161no spopadati z izzivi vsakdanjega \u017eivljenja.<\/div>\n<div>Ta cilj bomo veliko la\u017eje dosegli, \u010de bomo v procesu izobra\u017eevanja in odra\u0161\u010danja na\u0161ih otrok sodelovali. Sodelovanje je potrebno predvsem zato, da najdemo skupne poti, na\u010dine in postopke vodenja otrok\/u\u010dencev na poti pridobivanja vse ve\u010dje samostojnosti in sprejemanja ve\u010dje odgovornosti za lastne odlo\u010ditve in ravnanja.<\/div>\n<div>Prav zato smo v viziji razvoja \u0161ole zapisali, da bomo skozi raznolike oblike sodelovanja skupaj z vami iskali odgovore na razli\u010dna vzgojno-izobra\u017eevalna vpra\u0161anja.<\/div>\n<div><\/div>\n<h2><strong>OBLIKE SODELOVANJA S STAR\u0160I<\/strong><\/h2>\n<\/div>\n<div><\/div>\n<div class=\"ospoljcane-article\">\n<div><strong>RAZREDNI RODITELJSKI SESTANKI<\/strong> so namenjeni obravnavi vpra\u0161anj v zvezi z vzgojo in izobra\u017eevanjem na nivoju razredne skupnosti; seznanjanju star\u0161ev z u\u010dnimi na\u010drti, s predmetnikom, \u0161olskim koledarjem, letnim delovnim na\u010drtom \u0161ole, s hi\u0161nim redom in z\u00a0 razli\u010dnimi zakonskimi predpisi.<\/div>\n<div><\/div>\n<div><strong>MESE\u010cNE GOVORILNE URE<\/strong> so namenjene individualnemu seznanjanju star\u0161ev o delu, napredovanju, vedenju, po\u010dutju, zadovoljstvu njihovega otroka v \u0161oli.<\/div>\n<div><\/div>\n<div><strong>DOPOLDANSKE GOVORILNE URE<\/strong> so namenjene star\u0161em, ki so zadr\u017eani v \u010dasu popoldanskih govorilnih ur oz. se \u017eelijo z u\u010diteljem pogovoriti o dolo\u010deni aktualni temi. Star\u0161i se s posameznim u\u010diteljem vnaprej dogovorijo za\u00a0 pogovor.<\/div>\n<div><\/div>\n<div><strong>PREDAVANJA ZA STAR\u0160E<\/strong>\u00a0 so namenjena razli\u010dnim skupinam star\u0161ev (predstavitev \u0161olanja in postopka vpisa otrok v \u0161olo, predstavitev obveznih izbirnih predmetov, nivojskega pouka, preverjanja znanja z nacionalnimi preizkusi\u00a0 znanja ob koncu drugega in tretjega triletja, poklicna orientacija in predavanja, ki jih izvajajo zunanji predavatelji glede razli\u010dnih aktualnih vpra\u0161anj).<\/div>\n<div><\/div>\n<div><strong>DELAVNICE ZA STAR\u0160E<\/strong> so namenjene skupnemu ustvarjanju in do\u017eivljanju star\u0161ev in otrok, npr. izdelovanje novoletnih okraskov.<\/div>\n<div><\/div>\n<div><strong>DAN ODPRTIH VRAT<\/strong>\u00a0omogo\u010da star\u0161em neposreden vpogled v otrokov \u0161olski vsakdan.<\/div>\n<div><\/div>\n<div><strong>DRU\u017dABNA SRE\u010cANJA<\/strong> so namenjena poglabljanju odnosov med star\u0161i in otroki ter u\u010denci in u\u010ditelji. Potekajo lahko na pobudo u\u010diteljev, u\u010dencev ali star\u0161ev. Omogo\u010dajo medsebojno spoznavanje na neformalen, spro\u0161\u010den na\u010din.<\/div>\n<div><\/div>\n<div><strong>ANKETIRANJE<\/strong> omogo\u010da pridobivanje informacij o tem, kaj star\u0161i \u017eelijo, pri\u010dakujejo, predlagajo ali pogre\u0161ajo v odnosu do \u0161ole. Star\u0161em ta oblika sodelovanja omogo\u010da izra\u017eanje tudi tistih mnenj, ki jih sicer ne \u017eelijo izraziti.<\/div>\n<div><\/div>\n<div><strong>PISNA OBVESTILA <\/strong>so namenjena informiranju star\u0161ev o razli\u010dnih dejavnostih, dogodkih, posebnostih na \u0161oli (v razredni skupnosti).<\/div>\n<div><\/div>\n<div><strong>INDIVIDUALNO SVETOVANJE STAR\u0160EM<\/strong>\u00a0 je namenjeno iskanju najprimernej\u0161ih re\u0161itev za obravnavane u\u010dence na vzgojnem, razvojnem\u00a0 ali\u00a0 u\u010dnem podro\u010dju.<\/div>\n<div><\/div>\n<div><strong>SKUPINSKI POGOVORI S STAR\u0160I<\/strong> so namenjeni razre\u0161evanju aktualnih vzgojnih, razvojnih ali u\u010dnih vpra\u0161anj. Vezani so lahko na razredno skupnost ali na skupino u\u010dencev iz razli\u010dnih razredov.<\/div>\n<div><\/div>\n<div><strong>OKROGLA MIZA<\/strong> je namenjena skupnemu seznanjanju in razmi\u0161ljanju o razli\u010dnih aktualnih temah, ki se nana\u0161ajo na vzgojo in izobra\u017eevanje mladih.<\/div>\n<div><\/div>\n<div><strong>SVET STAR\u0160EV<\/strong> obravnava vsa aktualna vpra\u0161anja glede vsebine, izvedbe in realizacije letnega delovnega na\u010drta \u0161ole, obravnava vpra\u0161anja, ki se nana\u0161ajo na posamezne razredne skupnosti, triletja ali \u0161olo kot celoto, vodstvu \u0161ole posreduje razli\u010dna mnenja, \u017eelje in predloge star\u0161ev \u2026<\/div>\n<div><\/div>\n<div><strong>SPLETNA STRAN<\/strong> je namenjena\u00a0 informiranju star\u0161ev o organizaciji \u0161olskega dela, aktualnem dogajanju na \u0161oli,\u00a0 prihodnjih dejavnostih in o mo\u017enostih sodelovanja.<\/div>\n<\/div>\n<\/div>\n<div class=\"cleared\"><\/div>\n<\/div>\n<div class=\"cleared\"><\/div>\n","protected":false},"excerpt":{"rendered":"<p>Vzgoja in izobra\u017eevanje otrok in mladine sta storitveni dejavnosti. Doseganje ciljev in do\u017eivljanje zadovoljstva\u00a0 sta odvisna od kakovosti medsebojnih odnosov in nivoja medsebojnega sodelovanja vseh &hellip; <\/p>\n","protected":false},"author":1,"featured_media":0,"parent":0,"menu_order":0,"comment_status":"closed","ping_status":"closed","template":"","meta":{"footnotes":""},"class_list":["post-1208","page","type-page","status-publish","hentry","image-hover-transition-effect","latest_post"],"yoast_head":"<!-- This site is optimized with the Yoast SEO plugin v27.4 - https:\/\/yoast.com\/product\/yoast-seo-wordpress\/ -->\n<title>Sodelovanje s star\u0161i - Osnovna \u0161ola Kajetana Kovi\u010da Polj\u010dane<\/title>\n<meta name=\"robots\" content=\"index, follow, max-snippet:-1, max-image-preview:large, max-video-preview:-1\" \/>\n<link rel=\"canonical\" href=\"https:\/\/ospoljcane.si\/nova\/sodelovanje-s-starsi\/\" \/>\n<meta property=\"og:locale\" content=\"sl_SI\" \/>\n<meta property=\"og:type\" content=\"article\" \/>\n<meta property=\"og:title\" content=\"Sodelovanje s star\u0161i - Osnovna \u0161ola Kajetana Kovi\u010da Polj\u010dane\" \/>\n<meta property=\"og:description\" content=\"Vzgoja in izobra\u017eevanje otrok in mladine sta storitveni dejavnosti. Doseganje ciljev in do\u017eivljanje zadovoljstva\u00a0 sta odvisna od kakovosti medsebojnih odnosov in nivoja medsebojnega sodelovanja vseh &hellip;\" \/>\n<meta property=\"og:url\" content=\"https:\/\/ospoljcane.si\/nova\/sodelovanje-s-starsi\/\" \/>\n<meta property=\"og:site_name\" content=\"Osnovna \u0161ola Kajetana Kovi\u010da Polj\u010dane\" \/>\n<meta property=\"article:modified_time\" content=\"2021-02-25T19:11:08+00:00\" \/>\n<meta name=\"twitter:card\" content=\"summary_large_image\" \/>\n<meta name=\"twitter:label1\" content=\"Est. reading time\" \/>\n\t<meta name=\"twitter:data1\" content=\"3 minute\" \/>\n<script type=\"application\/ld+json\" class=\"yoast-schema-graph\">{\"@context\":\"https:\\\/\\\/schema.org\",\"@graph\":[{\"@type\":\"WebPage\",\"@id\":\"https:\\\/\\\/ospoljcane.si\\\/nova\\\/sodelovanje-s-starsi\\\/\",\"url\":\"https:\\\/\\\/ospoljcane.si\\\/nova\\\/sodelovanje-s-starsi\\\/\",\"name\":\"Sodelovanje s star\u0161i - Osnovna \u0161ola Kajetana Kovi\u010da Polj\u010dane\",\"isPartOf\":{\"@id\":\"https:\\\/\\\/ospoljcane.si\\\/nova\\\/#website\"},\"datePublished\":\"2020-12-28T07:34:27+00:00\",\"dateModified\":\"2021-02-25T19:11:08+00:00\",\"breadcrumb\":{\"@id\":\"https:\\\/\\\/ospoljcane.si\\\/nova\\\/sodelovanje-s-starsi\\\/#breadcrumb\"},\"inLanguage\":\"sl-SI\",\"potentialAction\":[{\"@type\":\"ReadAction\",\"target\":[\"https:\\\/\\\/ospoljcane.si\\\/nova\\\/sodelovanje-s-starsi\\\/\"]}]},{\"@type\":\"BreadcrumbList\",\"@id\":\"https:\\\/\\\/ospoljcane.si\\\/nova\\\/sodelovanje-s-starsi\\\/#breadcrumb\",\"itemListElement\":[{\"@type\":\"ListItem\",\"position\":1,\"name\":\"Domov\",\"item\":\"https:\\\/\\\/ospoljcane.si\\\/nova\\\/\"},{\"@type\":\"ListItem\",\"position\":2,\"name\":\"Sodelovanje s star\u0161i\"}]},{\"@type\":\"WebSite\",\"@id\":\"https:\\\/\\\/ospoljcane.si\\\/nova\\\/#website\",\"url\":\"https:\\\/\\\/ospoljcane.si\\\/nova\\\/\",\"name\":\"Osnovna \u0161ola Kajetana Kovi\u010da Polj\u010dane\",\"description\":\"\",\"publisher\":{\"@id\":\"https:\\\/\\\/ospoljcane.si\\\/nova\\\/#organization\"},\"potentialAction\":[{\"@type\":\"SearchAction\",\"target\":{\"@type\":\"EntryPoint\",\"urlTemplate\":\"https:\\\/\\\/ospoljcane.si\\\/nova\\\/?s={search_term_string}\"},\"query-input\":{\"@type\":\"PropertyValueSpecification\",\"valueRequired\":true,\"valueName\":\"search_term_string\"}}],\"inLanguage\":\"sl-SI\"},{\"@type\":\"Organization\",\"@id\":\"https:\\\/\\\/ospoljcane.si\\\/nova\\\/#organization\",\"name\":\"Osnovna \u0161ola Kajetana Kovi\u010da Polj\u010dane\",\"url\":\"https:\\\/\\\/ospoljcane.si\\\/nova\\\/\",\"logo\":{\"@type\":\"ImageObject\",\"inLanguage\":\"sl-SI\",\"@id\":\"https:\\\/\\\/ospoljcane.si\\\/nova\\\/#\\\/schema\\\/logo\\\/image\\\/\",\"url\":\"https:\\\/\\\/ospoljcane.si\\\/nova\\\/wp-content\\\/uploads\\\/2020\\\/12\\\/cropped-cropped-Logotip-sole-2016_3G-1-1.png\",\"contentUrl\":\"https:\\\/\\\/ospoljcane.si\\\/nova\\\/wp-content\\\/uploads\\\/2020\\\/12\\\/cropped-cropped-Logotip-sole-2016_3G-1-1.png\",\"width\":512,\"height\":512,\"caption\":\"Osnovna \u0161ola Kajetana Kovi\u010da Polj\u010dane\"},\"image\":{\"@id\":\"https:\\\/\\\/ospoljcane.si\\\/nova\\\/#\\\/schema\\\/logo\\\/image\\\/\"}}]}<\/script>\n<!-- \/ Yoast SEO plugin. -->","yoast_head_json":{"title":"Sodelovanje s star\u0161i - Osnovna \u0161ola Kajetana Kovi\u010da Polj\u010dane","robots":{"index":"index","follow":"follow","max-snippet":"max-snippet:-1","max-image-preview":"max-image-preview:large","max-video-preview":"max-video-preview:-1"},"canonical":"https:\/\/ospoljcane.si\/nova\/sodelovanje-s-starsi\/","og_locale":"sl_SI","og_type":"article","og_title":"Sodelovanje s star\u0161i - Osnovna \u0161ola Kajetana Kovi\u010da Polj\u010dane","og_description":"Vzgoja in izobra\u017eevanje otrok in mladine sta storitveni dejavnosti. Doseganje ciljev in do\u017eivljanje zadovoljstva\u00a0 sta odvisna od kakovosti medsebojnih odnosov in nivoja medsebojnega sodelovanja vseh &hellip;","og_url":"https:\/\/ospoljcane.si\/nova\/sodelovanje-s-starsi\/","og_site_name":"Osnovna \u0161ola Kajetana Kovi\u010da Polj\u010dane","article_modified_time":"2021-02-25T19:11:08+00:00","twitter_card":"summary_large_image","twitter_misc":{"Est. reading time":"3 minute"},"schema":{"@context":"https:\/\/schema.org","@graph":[{"@type":"WebPage","@id":"https:\/\/ospoljcane.si\/nova\/sodelovanje-s-starsi\/","url":"https:\/\/ospoljcane.si\/nova\/sodelovanje-s-starsi\/","name":"Sodelovanje s star\u0161i - Osnovna \u0161ola Kajetana Kovi\u010da Polj\u010dane","isPartOf":{"@id":"https:\/\/ospoljcane.si\/nova\/#website"},"datePublished":"2020-12-28T07:34:27+00:00","dateModified":"2021-02-25T19:11:08+00:00","breadcrumb":{"@id":"https:\/\/ospoljcane.si\/nova\/sodelovanje-s-starsi\/#breadcrumb"},"inLanguage":"sl-SI","potentialAction":[{"@type":"ReadAction","target":["https:\/\/ospoljcane.si\/nova\/sodelovanje-s-starsi\/"]}]},{"@type":"BreadcrumbList","@id":"https:\/\/ospoljcane.si\/nova\/sodelovanje-s-starsi\/#breadcrumb","itemListElement":[{"@type":"ListItem","position":1,"name":"Domov","item":"https:\/\/ospoljcane.si\/nova\/"},{"@type":"ListItem","position":2,"name":"Sodelovanje s star\u0161i"}]},{"@type":"WebSite","@id":"https:\/\/ospoljcane.si\/nova\/#website","url":"https:\/\/ospoljcane.si\/nova\/","name":"Osnovna \u0161ola Kajetana Kovi\u010da Polj\u010dane","description":"","publisher":{"@id":"https:\/\/ospoljcane.si\/nova\/#organization"},"potentialAction":[{"@type":"SearchAction","target":{"@type":"EntryPoint","urlTemplate":"https:\/\/ospoljcane.si\/nova\/?s={search_term_string}"},"query-input":{"@type":"PropertyValueSpecification","valueRequired":true,"valueName":"search_term_string"}}],"inLanguage":"sl-SI"},{"@type":"Organization","@id":"https:\/\/ospoljcane.si\/nova\/#organization","name":"Osnovna \u0161ola Kajetana Kovi\u010da Polj\u010dane","url":"https:\/\/ospoljcane.si\/nova\/","logo":{"@type":"ImageObject","inLanguage":"sl-SI","@id":"https:\/\/ospoljcane.si\/nova\/#\/schema\/logo\/image\/","url":"https:\/\/ospoljcane.si\/nova\/wp-content\/uploads\/2020\/12\/cropped-cropped-Logotip-sole-2016_3G-1-1.png","contentUrl":"https:\/\/ospoljcane.si\/nova\/wp-content\/uploads\/2020\/12\/cropped-cropped-Logotip-sole-2016_3G-1-1.png","width":512,"height":512,"caption":"Osnovna \u0161ola Kajetana Kovi\u010da Polj\u010dane"},"image":{"@id":"https:\/\/ospoljcane.si\/nova\/#\/schema\/logo\/image\/"}}]}},"_links":{"self":[{"href":"https:\/\/ospoljcane.si\/nova\/wp-json\/wp\/v2\/pages\/1208","targetHints":{"allow":["GET"]}}],"collection":[{"href":"https:\/\/ospoljcane.si\/nova\/wp-json\/wp\/v2\/pages"}],"about":[{"href":"https:\/\/ospoljcane.si\/nova\/wp-json\/wp\/v2\/types\/page"}],"author":[{"embeddable":true,"href":"https:\/\/ospoljcane.si\/nova\/wp-json\/wp\/v2\/users\/1"}],"replies":[{"embeddable":true,"href":"https:\/\/ospoljcane.si\/nova\/wp-json\/wp\/v2\/comments?post=1208"}],"version-history":[{"count":6,"href":"https:\/\/ospoljcane.si\/nova\/wp-json\/wp\/v2\/pages\/1208\/revisions"}],"predecessor-version":[{"id":4440,"href":"https:\/\/ospoljcane.si\/nova\/wp-json\/wp\/v2\/pages\/1208\/revisions\/4440"}],"wp:attachment":[{"href":"https:\/\/ospoljcane.si\/nova\/wp-json\/wp\/v2\/media?parent=1208"}],"curies":[{"name":"wp","href":"https:\/\/api.w.org\/{rel}","templated":true}]}}