{"id":11654,"date":"2022-11-06T18:04:01","date_gmt":"2022-11-06T17:04:01","guid":{"rendered":"http:\/\/ospoljcane.si\/nova\/?page_id=11654"},"modified":"2022-11-06T18:07:19","modified_gmt":"2022-11-06T17:07:19","slug":"zbiralne-akcije-odpadnega-papirja","status":"publish","type":"page","link":"https:\/\/ospoljcane.si\/nova\/zbiralne-akcije-odpadnega-papirja\/","title":{"rendered":"Zbiralne akcije odpadnega papirja"},"content":{"rendered":"\t\t<div data-elementor-type=\"wp-page\" data-elementor-id=\"11654\" class=\"elementor elementor-11654\" data-elementor-post-type=\"page\">\n\t\t\t\t\t\t<section class=\"elementor-section elementor-top-section elementor-element elementor-element-e79cd2f elementor-section-boxed elementor-section-height-default elementor-section-height-default\" data-id=\"e79cd2f\" data-element_type=\"section\" data-e-type=\"section\">\n\t\t\t\t\t\t<div class=\"elementor-container elementor-column-gap-default\">\n\t\t\t\t\t<div class=\"elementor-column elementor-col-100 elementor-top-column elementor-element elementor-element-0c1eb7b\" data-id=\"0c1eb7b\" data-element_type=\"column\" data-e-type=\"column\">\n\t\t\t<div class=\"elementor-widget-wrap elementor-element-populated\">\n\t\t\t\t\t\t<div class=\"elementor-element elementor-element-684bb50 elementor-widget elementor-widget-text-editor\" data-id=\"684bb50\" data-element_type=\"widget\" data-e-type=\"widget\" data-widget_type=\"text-editor.default\">\n\t\t\t\t<div class=\"elementor-widget-container\">\n\t\t\t\t\t\t\t\t\t<p><strong>Jesenska akcija zbiranja odpadnega papirja\u00a0<\/strong> \u00a0<span style=\"color: var( --e-global-color-text ); font-family: var( --e-global-typography-text-font-family ), Sans-serif; font-weight: var( --e-global-typography-text-font-weight );\">(17. 10. \u2013 26. 10. 2022)<\/span><\/p><p>V mesecu oktobru je na \u0161oli potekala zbiralna akcija starega papirja, na kateri so se na\u0161i u\u010denci in u\u010denke odli\u010dno izkazali. Skupno smo zbrali 4366,45 kg odpadnega papirja.<\/p><p>Ekipa u\u010dencev 8. in 9. razreda in hi\u0161nik gospod Vinc Javornik so prevzemali star odpadni od star\u0161ev, ga\u00a0 stehtali in odlo\u017eili v zabojnik.<\/p><p>Oddelki so v zbiranju odpadnega papirja tudi tekmovali, zato je prav, da razglasimo\u00a0 zmagovalce. Najve\u010d papirja so ob pomo\u010di star\u0161ev zbrali u\u010denci\u00a0 1. b razreda. Zbrali so 919 kg papirja in si prislu\u017eili ogled Botani\u010dnega vrta v Pivoli pri Mariboru. Obiskali ga bodo spomladi. Drugo mesto so si prislu\u017eili u\u010denci 3. b s 688, 5 kg zbranega papirja. U\u010denci 6. b so zbrali 542, 4 kg in zasedli 3. mesto.<\/p>\t\t\t\t\t\t\t\t<\/div>\n\t\t\t\t<\/div>\n\t\t\t\t\t<\/div>\n\t\t<\/div>\n\t\t\t\t\t<\/div>\n\t\t<\/section>\n\t\t\t\t<section class=\"elementor-section elementor-top-section elementor-element elementor-element-dc952b7 elementor-section-boxed elementor-section-height-default elementor-section-height-default\" data-id=\"dc952b7\" data-element_type=\"section\" data-e-type=\"section\">\n\t\t\t\t\t\t<div class=\"elementor-container elementor-column-gap-default\">\n\t\t\t\t\t<div class=\"elementor-column elementor-col-100 elementor-top-column elementor-element elementor-element-e104d4a\" data-id=\"e104d4a\" data-element_type=\"column\" data-e-type=\"column\">\n\t\t\t<div class=\"elementor-widget-wrap elementor-element-populated\">\n\t\t\t\t\t\t<div class=\"elementor-element elementor-element-0ee37a6 elementor-widget elementor-widget-image\" data-id=\"0ee37a6\" data-element_type=\"widget\" data-e-type=\"widget\" data-widget_type=\"image.default\">\n\t\t\t\t<div class=\"elementor-widget-container\">\n\t\t\t\t\t\t\t\t\t\t\t\t\t\t\t<img fetchpriority=\"high\" decoding=\"async\" width=\"300\" height=\"187\" src=\"https:\/\/ospoljcane.si\/nova\/wp-content\/uploads\/2022\/11\/Posnetek-zaslona-2022-11-06-175946-300x187.png\" class=\"attachment-medium size-medium wp-image-11649\" alt=\"\" srcset=\"https:\/\/ospoljcane.si\/nova\/wp-content\/uploads\/2022\/11\/Posnetek-zaslona-2022-11-06-175946-300x187.png 300w, https:\/\/ospoljcane.si\/nova\/wp-content\/uploads\/2022\/11\/Posnetek-zaslona-2022-11-06-175946.png 682w\" sizes=\"(max-width: 300px) 100vw, 300px\" \/>\t\t\t\t\t\t\t\t\t\t\t\t\t\t\t<\/div>\n\t\t\t\t<\/div>\n\t\t\t\t\t<\/div>\n\t\t<\/div>\n\t\t\t\t\t<\/div>\n\t\t<\/section>\n\t\t\t\t<section class=\"elementor-section elementor-top-section elementor-element elementor-element-5f6fa1a elementor-section-boxed elementor-section-height-default elementor-section-height-default\" data-id=\"5f6fa1a\" data-element_type=\"section\" data-e-type=\"section\">\n\t\t\t\t\t\t<div class=\"elementor-container elementor-column-gap-default\">\n\t\t\t\t\t<div class=\"elementor-column elementor-col-100 elementor-top-column elementor-element elementor-element-5219bea\" data-id=\"5219bea\" data-element_type=\"column\" data-e-type=\"column\">\n\t\t\t<div class=\"elementor-widget-wrap elementor-element-populated\">\n\t\t\t\t\t\t<div class=\"elementor-element elementor-element-9774213 elementor-widget elementor-widget-text-editor\" data-id=\"9774213\" data-element_type=\"widget\" data-e-type=\"widget\" data-widget_type=\"text-editor.default\">\n\t\t\t\t<div class=\"elementor-widget-container\">\n\t\t\t\t\t\t\t\t\t<p><strong>&nbsp; &nbsp; &nbsp; &nbsp; &nbsp; &nbsp; &nbsp; &nbsp; &nbsp; &nbsp; &nbsp; &nbsp; &nbsp; &nbsp; &nbsp; &nbsp; &nbsp; &nbsp; &nbsp; &nbsp; &nbsp; &nbsp; &nbsp; &nbsp; &nbsp; &nbsp; &nbsp; &nbsp; &nbsp; &nbsp; &nbsp; &nbsp; &nbsp; &nbsp; &nbsp; &nbsp; &nbsp; &nbsp; &nbsp; &nbsp; &nbsp; &nbsp; &nbsp; &nbsp; &nbsp; &nbsp; \u010cESTITAMO!<\/strong><\/p>\n<p>Zahvaljujemo se vsem u\u010dencem, ki so pomagali pri tehtanju in zbiranju odpadnega papirja. Z va\u0161o pomo\u010djo smo delo la\u017eje in hitreje opravili. Zahvaljujemo se tudi vsem star\u0161em in krajanom, ki so papir pripravili za oddajo in ga dostavili do \u0161ole.&nbsp;<\/p>\n<p>Novo akcijo zbiranja starega papirja bomo izpeljali spomladi, zato vas \u017ee sedaj nagovarjamo, da \u010dez zimo pridno zbirate papir.<\/p>\n<p>O porabi zbranega denarja se bodo odlo\u010dili u\u010denci.<\/p>\n<p><\/p>\n<p>Hvala vsem, ki ste prispevali odpadni papir. Opravili ste dobro delo in prispevali k razbremenitvi okolja.<\/p>\t\t\t\t\t\t\t\t<\/div>\n\t\t\t\t<\/div>\n\t\t\t\t\t<\/div>\n\t\t<\/div>\n\t\t\t\t\t<\/div>\n\t\t<\/section>\n\t\t\t\t<\/div>\n\t\t","protected":false},"excerpt":{"rendered":"<p>Jesenska akcija zbiranja odpadnega papirja\u00a0 \u00a0(17. 10. \u2013 26. 10. 2022) V mesecu oktobru je na \u0161oli potekala zbiralna akcija starega papirja, na kateri so &hellip; <\/p>\n","protected":false},"author":6,"featured_media":0,"parent":0,"menu_order":0,"comment_status":"closed","ping_status":"closed","template":"","meta":{"footnotes":""},"class_list":["post-11654","page","type-page","status-publish","hentry","image-hover-transition-effect","latest_post"],"yoast_head":"<!-- This site is optimized with the Yoast SEO plugin v27.4 - https:\/\/yoast.com\/product\/yoast-seo-wordpress\/ -->\n<title>Zbiralne akcije odpadnega papirja - Osnovna \u0161ola Kajetana Kovi\u010da Polj\u010dane<\/title>\n<meta name=\"robots\" content=\"index, follow, max-snippet:-1, max-image-preview:large, max-video-preview:-1\" \/>\n<link rel=\"canonical\" href=\"https:\/\/ospoljcane.si\/nova\/zbiralne-akcije-odpadnega-papirja\/\" \/>\n<meta property=\"og:locale\" content=\"sl_SI\" \/>\n<meta property=\"og:type\" content=\"article\" \/>\n<meta property=\"og:title\" content=\"Zbiralne akcije odpadnega papirja - Osnovna \u0161ola Kajetana Kovi\u010da Polj\u010dane\" \/>\n<meta property=\"og:description\" content=\"Jesenska akcija zbiranja odpadnega papirja\u00a0 \u00a0(17. 10. \u2013 26. 10. 2022) V mesecu oktobru je na \u0161oli potekala zbiralna akcija starega papirja, na kateri so &hellip;\" \/>\n<meta property=\"og:url\" content=\"https:\/\/ospoljcane.si\/nova\/zbiralne-akcije-odpadnega-papirja\/\" \/>\n<meta property=\"og:site_name\" content=\"Osnovna \u0161ola Kajetana Kovi\u010da Polj\u010dane\" \/>\n<meta property=\"article:modified_time\" content=\"2022-11-06T17:07:19+00:00\" \/>\n<meta property=\"og:image\" content=\"http:\/\/ospoljcane.si\/nova\/wp-content\/uploads\/2022\/11\/Posnetek-zaslona-2022-11-06-175946-300x187.png\" \/>\n<meta name=\"twitter:card\" content=\"summary_large_image\" \/>\n<meta name=\"twitter:label1\" content=\"Est. reading time\" \/>\n\t<meta name=\"twitter:data1\" content=\"2 minuti\" \/>\n<script type=\"application\/ld+json\" class=\"yoast-schema-graph\">{\"@context\":\"https:\\\/\\\/schema.org\",\"@graph\":[{\"@type\":\"WebPage\",\"@id\":\"https:\\\/\\\/ospoljcane.si\\\/nova\\\/zbiralne-akcije-odpadnega-papirja\\\/\",\"url\":\"https:\\\/\\\/ospoljcane.si\\\/nova\\\/zbiralne-akcije-odpadnega-papirja\\\/\",\"name\":\"Zbiralne akcije odpadnega papirja - Osnovna \u0161ola Kajetana Kovi\u010da Polj\u010dane\",\"isPartOf\":{\"@id\":\"https:\\\/\\\/ospoljcane.si\\\/nova\\\/#website\"},\"primaryImageOfPage\":{\"@id\":\"https:\\\/\\\/ospoljcane.si\\\/nova\\\/zbiralne-akcije-odpadnega-papirja\\\/#primaryimage\"},\"image\":{\"@id\":\"https:\\\/\\\/ospoljcane.si\\\/nova\\\/zbiralne-akcije-odpadnega-papirja\\\/#primaryimage\"},\"thumbnailUrl\":\"http:\\\/\\\/ospoljcane.si\\\/nova\\\/wp-content\\\/uploads\\\/2022\\\/11\\\/Posnetek-zaslona-2022-11-06-175946-300x187.png\",\"datePublished\":\"2022-11-06T17:04:01+00:00\",\"dateModified\":\"2022-11-06T17:07:19+00:00\",\"breadcrumb\":{\"@id\":\"https:\\\/\\\/ospoljcane.si\\\/nova\\\/zbiralne-akcije-odpadnega-papirja\\\/#breadcrumb\"},\"inLanguage\":\"sl-SI\",\"potentialAction\":[{\"@type\":\"ReadAction\",\"target\":[\"https:\\\/\\\/ospoljcane.si\\\/nova\\\/zbiralne-akcije-odpadnega-papirja\\\/\"]}]},{\"@type\":\"ImageObject\",\"inLanguage\":\"sl-SI\",\"@id\":\"https:\\\/\\\/ospoljcane.si\\\/nova\\\/zbiralne-akcije-odpadnega-papirja\\\/#primaryimage\",\"url\":\"https:\\\/\\\/ospoljcane.si\\\/nova\\\/wp-content\\\/uploads\\\/2022\\\/11\\\/Posnetek-zaslona-2022-11-06-175946.png\",\"contentUrl\":\"https:\\\/\\\/ospoljcane.si\\\/nova\\\/wp-content\\\/uploads\\\/2022\\\/11\\\/Posnetek-zaslona-2022-11-06-175946.png\",\"width\":682,\"height\":426},{\"@type\":\"BreadcrumbList\",\"@id\":\"https:\\\/\\\/ospoljcane.si\\\/nova\\\/zbiralne-akcije-odpadnega-papirja\\\/#breadcrumb\",\"itemListElement\":[{\"@type\":\"ListItem\",\"position\":1,\"name\":\"Domov\",\"item\":\"https:\\\/\\\/ospoljcane.si\\\/nova\\\/\"},{\"@type\":\"ListItem\",\"position\":2,\"name\":\"Zbiralne akcije odpadnega papirja\"}]},{\"@type\":\"WebSite\",\"@id\":\"https:\\\/\\\/ospoljcane.si\\\/nova\\\/#website\",\"url\":\"https:\\\/\\\/ospoljcane.si\\\/nova\\\/\",\"name\":\"Osnovna \u0161ola Kajetana Kovi\u010da Polj\u010dane\",\"description\":\"\",\"publisher\":{\"@id\":\"https:\\\/\\\/ospoljcane.si\\\/nova\\\/#organization\"},\"potentialAction\":[{\"@type\":\"SearchAction\",\"target\":{\"@type\":\"EntryPoint\",\"urlTemplate\":\"https:\\\/\\\/ospoljcane.si\\\/nova\\\/?s={search_term_string}\"},\"query-input\":{\"@type\":\"PropertyValueSpecification\",\"valueRequired\":true,\"valueName\":\"search_term_string\"}}],\"inLanguage\":\"sl-SI\"},{\"@type\":\"Organization\",\"@id\":\"https:\\\/\\\/ospoljcane.si\\\/nova\\\/#organization\",\"name\":\"Osnovna \u0161ola Kajetana Kovi\u010da Polj\u010dane\",\"url\":\"https:\\\/\\\/ospoljcane.si\\\/nova\\\/\",\"logo\":{\"@type\":\"ImageObject\",\"inLanguage\":\"sl-SI\",\"@id\":\"https:\\\/\\\/ospoljcane.si\\\/nova\\\/#\\\/schema\\\/logo\\\/image\\\/\",\"url\":\"https:\\\/\\\/ospoljcane.si\\\/nova\\\/wp-content\\\/uploads\\\/2020\\\/12\\\/cropped-cropped-Logotip-sole-2016_3G-1-1.png\",\"contentUrl\":\"https:\\\/\\\/ospoljcane.si\\\/nova\\\/wp-content\\\/uploads\\\/2020\\\/12\\\/cropped-cropped-Logotip-sole-2016_3G-1-1.png\",\"width\":512,\"height\":512,\"caption\":\"Osnovna \u0161ola Kajetana Kovi\u010da Polj\u010dane\"},\"image\":{\"@id\":\"https:\\\/\\\/ospoljcane.si\\\/nova\\\/#\\\/schema\\\/logo\\\/image\\\/\"}}]}<\/script>\n<!-- \/ Yoast SEO plugin. -->","yoast_head_json":{"title":"Zbiralne akcije odpadnega papirja - Osnovna \u0161ola Kajetana Kovi\u010da Polj\u010dane","robots":{"index":"index","follow":"follow","max-snippet":"max-snippet:-1","max-image-preview":"max-image-preview:large","max-video-preview":"max-video-preview:-1"},"canonical":"https:\/\/ospoljcane.si\/nova\/zbiralne-akcije-odpadnega-papirja\/","og_locale":"sl_SI","og_type":"article","og_title":"Zbiralne akcije odpadnega papirja - Osnovna \u0161ola Kajetana Kovi\u010da Polj\u010dane","og_description":"Jesenska akcija zbiranja odpadnega papirja\u00a0 \u00a0(17. 10. \u2013 26. 10. 2022) V mesecu oktobru je na \u0161oli potekala zbiralna akcija starega papirja, na kateri so &hellip;","og_url":"https:\/\/ospoljcane.si\/nova\/zbiralne-akcije-odpadnega-papirja\/","og_site_name":"Osnovna \u0161ola Kajetana Kovi\u010da Polj\u010dane","article_modified_time":"2022-11-06T17:07:19+00:00","og_image":[{"url":"http:\/\/ospoljcane.si\/nova\/wp-content\/uploads\/2022\/11\/Posnetek-zaslona-2022-11-06-175946-300x187.png","type":"","width":"","height":""}],"twitter_card":"summary_large_image","twitter_misc":{"Est. reading time":"2 minuti"},"schema":{"@context":"https:\/\/schema.org","@graph":[{"@type":"WebPage","@id":"https:\/\/ospoljcane.si\/nova\/zbiralne-akcije-odpadnega-papirja\/","url":"https:\/\/ospoljcane.si\/nova\/zbiralne-akcije-odpadnega-papirja\/","name":"Zbiralne akcije odpadnega papirja - Osnovna \u0161ola Kajetana Kovi\u010da Polj\u010dane","isPartOf":{"@id":"https:\/\/ospoljcane.si\/nova\/#website"},"primaryImageOfPage":{"@id":"https:\/\/ospoljcane.si\/nova\/zbiralne-akcije-odpadnega-papirja\/#primaryimage"},"image":{"@id":"https:\/\/ospoljcane.si\/nova\/zbiralne-akcije-odpadnega-papirja\/#primaryimage"},"thumbnailUrl":"http:\/\/ospoljcane.si\/nova\/wp-content\/uploads\/2022\/11\/Posnetek-zaslona-2022-11-06-175946-300x187.png","datePublished":"2022-11-06T17:04:01+00:00","dateModified":"2022-11-06T17:07:19+00:00","breadcrumb":{"@id":"https:\/\/ospoljcane.si\/nova\/zbiralne-akcije-odpadnega-papirja\/#breadcrumb"},"inLanguage":"sl-SI","potentialAction":[{"@type":"ReadAction","target":["https:\/\/ospoljcane.si\/nova\/zbiralne-akcije-odpadnega-papirja\/"]}]},{"@type":"ImageObject","inLanguage":"sl-SI","@id":"https:\/\/ospoljcane.si\/nova\/zbiralne-akcije-odpadnega-papirja\/#primaryimage","url":"https:\/\/ospoljcane.si\/nova\/wp-content\/uploads\/2022\/11\/Posnetek-zaslona-2022-11-06-175946.png","contentUrl":"https:\/\/ospoljcane.si\/nova\/wp-content\/uploads\/2022\/11\/Posnetek-zaslona-2022-11-06-175946.png","width":682,"height":426},{"@type":"BreadcrumbList","@id":"https:\/\/ospoljcane.si\/nova\/zbiralne-akcije-odpadnega-papirja\/#breadcrumb","itemListElement":[{"@type":"ListItem","position":1,"name":"Domov","item":"https:\/\/ospoljcane.si\/nova\/"},{"@type":"ListItem","position":2,"name":"Zbiralne akcije odpadnega papirja"}]},{"@type":"WebSite","@id":"https:\/\/ospoljcane.si\/nova\/#website","url":"https:\/\/ospoljcane.si\/nova\/","name":"Osnovna \u0161ola Kajetana Kovi\u010da Polj\u010dane","description":"","publisher":{"@id":"https:\/\/ospoljcane.si\/nova\/#organization"},"potentialAction":[{"@type":"SearchAction","target":{"@type":"EntryPoint","urlTemplate":"https:\/\/ospoljcane.si\/nova\/?s={search_term_string}"},"query-input":{"@type":"PropertyValueSpecification","valueRequired":true,"valueName":"search_term_string"}}],"inLanguage":"sl-SI"},{"@type":"Organization","@id":"https:\/\/ospoljcane.si\/nova\/#organization","name":"Osnovna \u0161ola Kajetana Kovi\u010da Polj\u010dane","url":"https:\/\/ospoljcane.si\/nova\/","logo":{"@type":"ImageObject","inLanguage":"sl-SI","@id":"https:\/\/ospoljcane.si\/nova\/#\/schema\/logo\/image\/","url":"https:\/\/ospoljcane.si\/nova\/wp-content\/uploads\/2020\/12\/cropped-cropped-Logotip-sole-2016_3G-1-1.png","contentUrl":"https:\/\/ospoljcane.si\/nova\/wp-content\/uploads\/2020\/12\/cropped-cropped-Logotip-sole-2016_3G-1-1.png","width":512,"height":512,"caption":"Osnovna \u0161ola Kajetana Kovi\u010da Polj\u010dane"},"image":{"@id":"https:\/\/ospoljcane.si\/nova\/#\/schema\/logo\/image\/"}}]}},"_links":{"self":[{"href":"https:\/\/ospoljcane.si\/nova\/wp-json\/wp\/v2\/pages\/11654","targetHints":{"allow":["GET"]}}],"collection":[{"href":"https:\/\/ospoljcane.si\/nova\/wp-json\/wp\/v2\/pages"}],"about":[{"href":"https:\/\/ospoljcane.si\/nova\/wp-json\/wp\/v2\/types\/page"}],"author":[{"embeddable":true,"href":"https:\/\/ospoljcane.si\/nova\/wp-json\/wp\/v2\/users\/6"}],"replies":[{"embeddable":true,"href":"https:\/\/ospoljcane.si\/nova\/wp-json\/wp\/v2\/comments?post=11654"}],"version-history":[{"count":3,"href":"https:\/\/ospoljcane.si\/nova\/wp-json\/wp\/v2\/pages\/11654\/revisions"}],"predecessor-version":[{"id":11657,"href":"https:\/\/ospoljcane.si\/nova\/wp-json\/wp\/v2\/pages\/11654\/revisions\/11657"}],"wp:attachment":[{"href":"https:\/\/ospoljcane.si\/nova\/wp-json\/wp\/v2\/media?parent=11654"}],"curies":[{"name":"wp","href":"https:\/\/api.w.org\/{rel}","templated":true}]}}