{"id":11298,"date":"2022-10-25T18:55:05","date_gmt":"2022-10-25T16:55:05","guid":{"rendered":"http:\/\/ospoljcane.si\/nova\/?page_id=11298"},"modified":"2022-10-28T08:53:59","modified_gmt":"2022-10-28T06:53:59","slug":"vilnius-antakalnis-progymnasium","status":"publish","type":"page","link":"https:\/\/ospoljcane.si\/nova\/vilnius-antakalnis-progymnasium\/","title":{"rendered":"Vilnius Antakalnis Progymnasium, Vilnius, Lietuva"},"content":{"rendered":"\t\t<div data-elementor-type=\"wp-page\" data-elementor-id=\"11298\" class=\"elementor elementor-11298\" data-elementor-post-type=\"page\">\n\t\t\t\t\t\t<section class=\"elementor-section elementor-top-section elementor-element elementor-element-d9073c4 elementor-section-boxed elementor-section-height-default elementor-section-height-default\" data-id=\"d9073c4\" data-element_type=\"section\" data-e-type=\"section\">\n\t\t\t\t\t\t<div class=\"elementor-container elementor-column-gap-default\">\n\t\t\t\t\t<div class=\"elementor-column elementor-col-50 elementor-top-column elementor-element elementor-element-5a82b72\" data-id=\"5a82b72\" data-element_type=\"column\" data-e-type=\"column\">\n\t\t\t<div class=\"elementor-widget-wrap elementor-element-populated\">\n\t\t\t\t\t\t<div class=\"elementor-element elementor-element-9ce485c elementor-widget elementor-widget-text-editor\" data-id=\"9ce485c\" data-element_type=\"widget\" data-e-type=\"widget\" data-widget_type=\"text-editor.default\">\n\t\t\t\t<div class=\"elementor-widget-container\">\n\t\t\t\t\t\t\t\t\t<p><strong>Birdhouses for 40\u00a0bird&#8217;s day<\/strong><\/p><p>In Lithuania, the 10th of March is called 40 birds&#8217; day. It is because about 40 different\u00a0species of birds that live in Lithuania\u00a0fly to foreign lands every winter and then come back to their homeland every\u00a0spring. This school year in Vilnius Antakalnis progymnasium is announced to be\u00a0the year of the birds\u00a0<\/p><p>School students had an opportunity to participate in a project initiated by our school principal Tomas Jank\u016bnas and build a birdhouse. All collected birdhouses were taken to the Antaviliai forest nearby the school and hung up in trees for birds to live in. New home for birds &#8211; one step closer\u00a0to saving our forests&#8217; biological diversity<\/p><p>\u00a0 \u00a0 \u00a0 \u00a0 \u00a0 \u00a0 \u00a0 \u00a0 \u00a0 \u00a0 \u00a0 \u00a0 \u00a0 \u00a0 \u00a0 \u00a0 \u00a0 \u00a0 \u00a0 \u00a0 \u00a0 \u00a0 \u00a0 \u00a0 \u00a0 \u00a0 \u00a0 \u00a0 \u00a0 \u00a0 \u00a0 \u00a0 \u00a0 \u00a0 \u00a0 \u00a0 \u00a0 \u00a0 \u00a0 Rimgail\u0117 \u0160e\u0161tokait\u0117<\/p>\t\t\t\t\t\t\t\t<\/div>\n\t\t\t\t<\/div>\n\t\t\t\t\t<\/div>\n\t\t<\/div>\n\t\t\t\t<div class=\"elementor-column elementor-col-50 elementor-top-column elementor-element elementor-element-25117b4\" data-id=\"25117b4\" data-element_type=\"column\" data-e-type=\"column\">\n\t\t\t<div class=\"elementor-widget-wrap elementor-element-populated\">\n\t\t\t\t\t\t<div class=\"elementor-element elementor-element-6f583e8 elementor-widget elementor-widget-gallery\" data-id=\"6f583e8\" data-element_type=\"widget\" data-e-type=\"widget\" data-settings=\"{&quot;columns&quot;:2,&quot;lazyload&quot;:&quot;yes&quot;,&quot;gallery_layout&quot;:&quot;grid&quot;,&quot;columns_tablet&quot;:2,&quot;columns_mobile&quot;:1,&quot;gap&quot;:{&quot;unit&quot;:&quot;px&quot;,&quot;size&quot;:10,&quot;sizes&quot;:[]},&quot;gap_tablet&quot;:{&quot;unit&quot;:&quot;px&quot;,&quot;size&quot;:10,&quot;sizes&quot;:[]},&quot;gap_mobile&quot;:{&quot;unit&quot;:&quot;px&quot;,&quot;size&quot;:10,&quot;sizes&quot;:[]},&quot;link_to&quot;:&quot;file&quot;,&quot;aspect_ratio&quot;:&quot;3:2&quot;,&quot;overlay_background&quot;:&quot;yes&quot;,&quot;content_hover_animation&quot;:&quot;fade-in&quot;}\" data-widget_type=\"gallery.default\">\n\t\t\t\t<div class=\"elementor-widget-container\">\n\t\t\t\t\t\t\t<div class=\"elementor-gallery__container\">\n\t\t\t\t\t\t\t<a class=\"e-gallery-item elementor-gallery-item elementor-animated-content\" href=\"https:\/\/ospoljcane.si\/nova\/wp-content\/uploads\/2022\/10\/bba917d7f_opt-rotated.jpg\" data-elementor-open-lightbox=\"yes\" data-elementor-lightbox-slideshow=\"6f583e8\" data-e-action-hash=\"#elementor-action%3Aaction%3Dlightbox%26settings%3DeyJpZCI6MTEzMTAsInVybCI6Imh0dHBzOlwvXC9vc3BvbGpjYW5lLnNpXC9ub3ZhXC93cC1jb250ZW50XC91cGxvYWRzXC8yMDIyXC8xMFwvYmJhOTE3ZDdmX29wdC1yb3RhdGVkLmpwZyIsInNsaWRlc2hvdyI6IjZmNTgzZTgifQ%3D%3D\">\n\t\t\t\t\t<div class=\"e-gallery-image elementor-gallery-item__image\" data-thumbnail=\"https:\/\/ospoljcane.si\/nova\/wp-content\/uploads\/2022\/10\/bba917d7f_opt-225x300.jpg\" data-width=\"225\" data-height=\"300\" aria-label=\"\" role=\"img\" ><\/div>\n\t\t\t\t\t\t\t\t\t\t\t<div class=\"elementor-gallery-item__overlay\"><\/div>\n\t\t\t\t\t\t\t\t\t\t\t\t\t\t<\/a>\n\t\t\t\t\t\t\t<a class=\"e-gallery-item elementor-gallery-item elementor-animated-content\" href=\"https:\/\/ospoljcane.si\/nova\/wp-content\/uploads\/2022\/10\/b664cf4ff_opt.jpg\" data-elementor-open-lightbox=\"yes\" data-elementor-lightbox-slideshow=\"6f583e8\" data-e-action-hash=\"#elementor-action%3Aaction%3Dlightbox%26settings%3DeyJpZCI6MTEzMDksInVybCI6Imh0dHBzOlwvXC9vc3BvbGpjYW5lLnNpXC9ub3ZhXC93cC1jb250ZW50XC91cGxvYWRzXC8yMDIyXC8xMFwvYjY2NGNmNGZmX29wdC5qcGciLCJzbGlkZXNob3ciOiI2ZjU4M2U4In0%3D\">\n\t\t\t\t\t<div class=\"e-gallery-image elementor-gallery-item__image\" data-thumbnail=\"https:\/\/ospoljcane.si\/nova\/wp-content\/uploads\/2022\/10\/b664cf4ff_opt-225x300.jpg\" data-width=\"225\" data-height=\"300\" aria-label=\"\" role=\"img\" ><\/div>\n\t\t\t\t\t\t\t\t\t\t\t<div class=\"elementor-gallery-item__overlay\"><\/div>\n\t\t\t\t\t\t\t\t\t\t\t\t\t\t<\/a>\n\t\t\t\t\t\t\t<a class=\"e-gallery-item elementor-gallery-item elementor-animated-content\" href=\"https:\/\/ospoljcane.si\/nova\/wp-content\/uploads\/2022\/10\/ba825fb3f_opt.jpg\" data-elementor-open-lightbox=\"yes\" data-elementor-lightbox-slideshow=\"6f583e8\" data-e-action-hash=\"#elementor-action%3Aaction%3Dlightbox%26settings%3DeyJpZCI6MTEzMDgsInVybCI6Imh0dHBzOlwvXC9vc3BvbGpjYW5lLnNpXC9ub3ZhXC93cC1jb250ZW50XC91cGxvYWRzXC8yMDIyXC8xMFwvYmE4MjVmYjNmX29wdC5qcGciLCJzbGlkZXNob3ciOiI2ZjU4M2U4In0%3D\">\n\t\t\t\t\t<div class=\"e-gallery-image elementor-gallery-item__image\" data-thumbnail=\"https:\/\/ospoljcane.si\/nova\/wp-content\/uploads\/2022\/10\/ba825fb3f_opt-300x225.jpg\" data-width=\"300\" data-height=\"225\" aria-label=\"\" role=\"img\" ><\/div>\n\t\t\t\t\t\t\t\t\t\t\t<div class=\"elementor-gallery-item__overlay\"><\/div>\n\t\t\t\t\t\t\t\t\t\t\t\t\t\t<\/a>\n\t\t\t\t\t\t\t<a class=\"e-gallery-item elementor-gallery-item elementor-animated-content\" href=\"https:\/\/ospoljcane.si\/nova\/wp-content\/uploads\/2022\/10\/bc957263f_opt.jpg\" data-elementor-open-lightbox=\"yes\" data-elementor-lightbox-slideshow=\"6f583e8\" data-e-action-hash=\"#elementor-action%3Aaction%3Dlightbox%26settings%3DeyJpZCI6MTEzMDcsInVybCI6Imh0dHBzOlwvXC9vc3BvbGpjYW5lLnNpXC9ub3ZhXC93cC1jb250ZW50XC91cGxvYWRzXC8yMDIyXC8xMFwvYmM5NTcyNjNmX29wdC5qcGciLCJzbGlkZXNob3ciOiI2ZjU4M2U4In0%3D\">\n\t\t\t\t\t<div class=\"e-gallery-image elementor-gallery-item__image\" data-thumbnail=\"https:\/\/ospoljcane.si\/nova\/wp-content\/uploads\/2022\/10\/bc957263f_opt-300x300.jpg\" data-width=\"300\" data-height=\"300\" aria-label=\"\" role=\"img\" ><\/div>\n\t\t\t\t\t\t\t\t\t\t\t<div class=\"elementor-gallery-item__overlay\"><\/div>\n\t\t\t\t\t\t\t\t\t\t\t\t\t\t<\/a>\n\t\t\t\t\t<\/div>\n\t\t\t\t\t<\/div>\n\t\t\t\t<\/div>\n\t\t\t\t\t<\/div>\n\t\t<\/div>\n\t\t\t\t\t<\/div>\n\t\t<\/section>\n\t\t\t\t<section class=\"elementor-section elementor-top-section elementor-element elementor-element-336a97c elementor-section-boxed elementor-section-height-default elementor-section-height-default\" data-id=\"336a97c\" data-element_type=\"section\" data-e-type=\"section\">\n\t\t\t\t\t\t<div class=\"elementor-container elementor-column-gap-default\">\n\t\t\t\t\t<div class=\"elementor-column elementor-col-50 elementor-top-column elementor-element elementor-element-2f321aa\" data-id=\"2f321aa\" data-element_type=\"column\" data-e-type=\"column\">\n\t\t\t<div class=\"elementor-widget-wrap elementor-element-populated\">\n\t\t\t\t\t\t<div class=\"elementor-element elementor-element-8b0ec74 elementor-widget elementor-widget-gallery\" data-id=\"8b0ec74\" data-element_type=\"widget\" data-e-type=\"widget\" data-settings=\"{&quot;columns&quot;:2,&quot;lazyload&quot;:&quot;yes&quot;,&quot;gallery_layout&quot;:&quot;grid&quot;,&quot;columns_tablet&quot;:2,&quot;columns_mobile&quot;:1,&quot;gap&quot;:{&quot;unit&quot;:&quot;px&quot;,&quot;size&quot;:10,&quot;sizes&quot;:[]},&quot;gap_tablet&quot;:{&quot;unit&quot;:&quot;px&quot;,&quot;size&quot;:10,&quot;sizes&quot;:[]},&quot;gap_mobile&quot;:{&quot;unit&quot;:&quot;px&quot;,&quot;size&quot;:10,&quot;sizes&quot;:[]},&quot;link_to&quot;:&quot;file&quot;,&quot;aspect_ratio&quot;:&quot;3:2&quot;,&quot;overlay_background&quot;:&quot;yes&quot;,&quot;content_hover_animation&quot;:&quot;fade-in&quot;}\" data-widget_type=\"gallery.default\">\n\t\t\t\t<div class=\"elementor-widget-container\">\n\t\t\t\t\t\t\t<div class=\"elementor-gallery__container\">\n\t\t\t\t\t\t\t<a class=\"e-gallery-item elementor-gallery-item elementor-animated-content\" href=\"https:\/\/ospoljcane.si\/nova\/wp-content\/uploads\/2022\/10\/c3a54f16a_opt.jpg\" data-elementor-open-lightbox=\"yes\" data-elementor-lightbox-slideshow=\"8b0ec74\" data-e-action-hash=\"#elementor-action%3Aaction%3Dlightbox%26settings%3DeyJpZCI6MTEzNjgsInVybCI6Imh0dHBzOlwvXC9vc3BvbGpjYW5lLnNpXC9ub3ZhXC93cC1jb250ZW50XC91cGxvYWRzXC8yMDIyXC8xMFwvYzNhNTRmMTZhX29wdC5qcGciLCJzbGlkZXNob3ciOiI4YjBlYzc0In0%3D\">\n\t\t\t\t\t<div class=\"e-gallery-image elementor-gallery-item__image\" data-thumbnail=\"https:\/\/ospoljcane.si\/nova\/wp-content\/uploads\/2022\/10\/c3a54f16a_opt-300x220.jpg\" data-width=\"300\" data-height=\"220\" aria-label=\"\" role=\"img\" ><\/div>\n\t\t\t\t\t\t\t\t\t\t\t<div class=\"elementor-gallery-item__overlay\"><\/div>\n\t\t\t\t\t\t\t\t\t\t\t\t\t\t<\/a>\n\t\t\t\t\t\t\t<a class=\"e-gallery-item elementor-gallery-item elementor-animated-content\" href=\"https:\/\/ospoljcane.si\/nova\/wp-content\/uploads\/2022\/10\/c39cb9daa_opt.jpg\" data-elementor-open-lightbox=\"yes\" data-elementor-lightbox-slideshow=\"8b0ec74\" data-e-action-hash=\"#elementor-action%3Aaction%3Dlightbox%26settings%3DeyJpZCI6MTEzNjcsInVybCI6Imh0dHBzOlwvXC9vc3BvbGpjYW5lLnNpXC9ub3ZhXC93cC1jb250ZW50XC91cGxvYWRzXC8yMDIyXC8xMFwvYzM5Y2I5ZGFhX29wdC5qcGciLCJzbGlkZXNob3ciOiI4YjBlYzc0In0%3D\">\n\t\t\t\t\t<div class=\"e-gallery-image elementor-gallery-item__image\" data-thumbnail=\"https:\/\/ospoljcane.si\/nova\/wp-content\/uploads\/2022\/10\/c39cb9daa_opt-300x217.jpg\" data-width=\"300\" data-height=\"217\" aria-label=\"\" role=\"img\" ><\/div>\n\t\t\t\t\t\t\t\t\t\t\t<div class=\"elementor-gallery-item__overlay\"><\/div>\n\t\t\t\t\t\t\t\t\t\t\t\t\t\t<\/a>\n\t\t\t\t\t\t\t<a class=\"e-gallery-item elementor-gallery-item elementor-animated-content\" href=\"https:\/\/ospoljcane.si\/nova\/wp-content\/uploads\/2022\/10\/c6b955e2a_opt.jpg\" data-elementor-open-lightbox=\"yes\" data-elementor-lightbox-slideshow=\"8b0ec74\" data-e-action-hash=\"#elementor-action%3Aaction%3Dlightbox%26settings%3DeyJpZCI6MTEzNjYsInVybCI6Imh0dHBzOlwvXC9vc3BvbGpjYW5lLnNpXC9ub3ZhXC93cC1jb250ZW50XC91cGxvYWRzXC8yMDIyXC8xMFwvYzZiOTU1ZTJhX29wdC5qcGciLCJzbGlkZXNob3ciOiI4YjBlYzc0In0%3D\">\n\t\t\t\t\t<div class=\"e-gallery-image elementor-gallery-item__image\" data-thumbnail=\"https:\/\/ospoljcane.si\/nova\/wp-content\/uploads\/2022\/10\/c6b955e2a_opt-300x191.jpg\" data-width=\"300\" data-height=\"191\" aria-label=\"\" role=\"img\" ><\/div>\n\t\t\t\t\t\t\t\t\t\t\t<div class=\"elementor-gallery-item__overlay\"><\/div>\n\t\t\t\t\t\t\t\t\t\t\t\t\t\t<\/a>\n\t\t\t\t\t<\/div>\n\t\t\t\t\t<\/div>\n\t\t\t\t<\/div>\n\t\t\t\t\t<\/div>\n\t\t<\/div>\n\t\t\t\t<div class=\"elementor-column elementor-col-50 elementor-top-column elementor-element elementor-element-0a81ee2\" data-id=\"0a81ee2\" data-element_type=\"column\" data-e-type=\"column\">\n\t\t\t<div class=\"elementor-widget-wrap elementor-element-populated\">\n\t\t\t\t\t\t<div class=\"elementor-element elementor-element-22f3960 elementor-widget elementor-widget-text-editor\" data-id=\"22f3960\" data-element_type=\"widget\" data-e-type=\"widget\" data-widget_type=\"text-editor.default\">\n\t\t\t\t<div class=\"elementor-widget-container\">\n\t\t\t\t\t\t\t\t\t<p><strong>Vilnius Antakalnis progymnasium loves our planet Earth!\u00a0<\/strong><\/p><p>It is very important to look after our planet Earth, talk about pollution problems and search for solutions. Our fourth-grade students tried to illustrate how they see our planet. Maybe you see the Earth similar?<\/p><p>\u00a0 \u00a0 \u00a0 \u00a0 \u00a0 \u00a0 \u00a0 \u00a0 \u00a0 \u00a0 \u00a0 \u00a0 \u00a0 \u00a0 \u00a0 \u00a0 \u00a0 \u00a0 \u00a0 \u00a0 \u00a0 \u00a0 \u00a0 \u00a0 \u00a0 \u00a0 \u00a0 \u00a0 \u00a0 \u00a0 \u00a0 \u00a0 Rimgail\u0117 \u0160e\u0161tokait\u0117<\/p>\t\t\t\t\t\t\t\t<\/div>\n\t\t\t\t<\/div>\n\t\t\t\t\t<\/div>\n\t\t<\/div>\n\t\t\t\t\t<\/div>\n\t\t<\/section>\n\t\t\t\t<section class=\"elementor-section elementor-top-section elementor-element elementor-element-fd4e7e4 elementor-section-boxed elementor-section-height-default elementor-section-height-default\" data-id=\"fd4e7e4\" data-element_type=\"section\" data-e-type=\"section\">\n\t\t\t\t\t\t<div class=\"elementor-container elementor-column-gap-default\">\n\t\t\t\t\t<div class=\"elementor-column elementor-col-50 elementor-top-column elementor-element elementor-element-12b0d19\" data-id=\"12b0d19\" data-element_type=\"column\" data-e-type=\"column\">\n\t\t\t<div class=\"elementor-widget-wrap elementor-element-populated\">\n\t\t\t\t\t\t<div class=\"elementor-element elementor-element-2e4112f elementor-widget elementor-widget-text-editor\" data-id=\"2e4112f\" data-element_type=\"widget\" data-e-type=\"widget\" data-widget_type=\"text-editor.default\">\n\t\t\t\t<div class=\"elementor-widget-container\">\n\t\t\t\t\t\t\t\t\t<p>Vilnius Antakalnis progymnasium loves sustainable society!<\/p>\n<p>Christmas is a time of kindness and sharing joy with others. Here in Lithuania, we not only love to share but also take&nbsp;care of our planet!<\/p>\n<p>Before the Christmas holidays, students of Vilnius Antakalnis progymnasium participated in a project called &#8220;Book&#8217;s Christmas&#8221;. Students could look through their bookshelves at home, find some books they don&#8217;t need anymore and bring them to the school library&nbsp;rather than throwing them away.&nbsp;Now the school has 25 new books to offer for young readers!&nbsp;<\/p>\n<p>Sharing and no paper waste &#8211; that is the great way to take care of our planet.<\/p>\n<p>&nbsp; &nbsp; &nbsp; &nbsp; &nbsp; &nbsp; &nbsp; &nbsp; &nbsp; &nbsp; &nbsp; &nbsp; &nbsp; &nbsp; &nbsp; &nbsp; &nbsp; &nbsp; &nbsp; &nbsp; &nbsp; &nbsp; &nbsp; &nbsp; &nbsp; &nbsp; &nbsp; &nbsp; &nbsp; &nbsp; &nbsp; &nbsp; &nbsp; &nbsp; &nbsp; &nbsp; &nbsp; &nbsp; &nbsp; &nbsp; &nbsp; &nbsp; &nbsp; &nbsp; &nbsp; &nbsp; Rimgail\u0117 \u0160e\u0161tokait\u0117<\/p>\t\t\t\t\t\t\t\t<\/div>\n\t\t\t\t<\/div>\n\t\t\t\t<div class=\"elementor-element elementor-element-88113d7 elementor-widget elementor-widget-text-editor\" data-id=\"88113d7\" data-element_type=\"widget\" data-e-type=\"widget\" data-widget_type=\"text-editor.default\">\n\t\t\t\t<div class=\"elementor-widget-container\">\n\t\t\t\t\t\t\t\t\t<p>\u00a0<\/p><p>\u00a0<\/p>\t\t\t\t\t\t\t\t<\/div>\n\t\t\t\t<\/div>\n\t\t\t\t\t<\/div>\n\t\t<\/div>\n\t\t\t\t<div class=\"elementor-column elementor-col-50 elementor-top-column elementor-element elementor-element-42009b5\" data-id=\"42009b5\" data-element_type=\"column\" data-e-type=\"column\">\n\t\t\t<div class=\"elementor-widget-wrap elementor-element-populated\">\n\t\t\t\t\t\t<div class=\"elementor-element elementor-element-a95f8d8 elementor-widget elementor-widget-image\" data-id=\"a95f8d8\" data-element_type=\"widget\" data-e-type=\"widget\" data-widget_type=\"image.default\">\n\t\t\t\t<div class=\"elementor-widget-container\">\n\t\t\t\t\t\t\t\t\t\t\t\t\t\t\t<img decoding=\"async\" width=\"300\" height=\"160\" src=\"https:\/\/ospoljcane.si\/nova\/wp-content\/uploads\/2022\/10\/b76d38abe_opt-300x160.jpg\" class=\"attachment-medium size-medium wp-image-11470\" alt=\"\" srcset=\"https:\/\/ospoljcane.si\/nova\/wp-content\/uploads\/2022\/10\/b76d38abe_opt-300x160.jpg 300w, https:\/\/ospoljcane.si\/nova\/wp-content\/uploads\/2022\/10\/b76d38abe_opt.jpg 752w\" sizes=\"(max-width: 300px) 100vw, 300px\" \/>\t\t\t\t\t\t\t\t\t\t\t\t\t\t\t<\/div>\n\t\t\t\t<\/div>\n\t\t\t\t\t<\/div>\n\t\t<\/div>\n\t\t\t\t\t<\/div>\n\t\t<\/section>\n\t\t\t\t<\/div>\n\t\t","protected":false},"excerpt":{"rendered":"<p>Birdhouses for 40\u00a0bird&#8217;s day In Lithuania, the 10th of March is called 40 birds&#8217; day. It is because about 40 different\u00a0species of birds that live &hellip; <\/p>\n","protected":false},"author":6,"featured_media":0,"parent":0,"menu_order":0,"comment_status":"closed","ping_status":"closed","template":"","meta":{"footnotes":""},"class_list":["post-11298","page","type-page","status-publish","hentry","image-hover-transition-effect","latest_post"],"yoast_head":"<!-- This site is optimized with the Yoast SEO plugin v27.4 - https:\/\/yoast.com\/product\/yoast-seo-wordpress\/ -->\n<title>Vilnius Antakalnis Progymnasium, Vilnius, Lietuva - Osnovna \u0161ola Kajetana Kovi\u010da Polj\u010dane<\/title>\n<meta name=\"robots\" content=\"index, follow, max-snippet:-1, max-image-preview:large, max-video-preview:-1\" \/>\n<link rel=\"canonical\" href=\"https:\/\/ospoljcane.si\/nova\/vilnius-antakalnis-progymnasium\/\" \/>\n<meta property=\"og:locale\" content=\"sl_SI\" \/>\n<meta property=\"og:type\" content=\"article\" \/>\n<meta property=\"og:title\" content=\"Vilnius Antakalnis Progymnasium, Vilnius, Lietuva - Osnovna \u0161ola Kajetana Kovi\u010da Polj\u010dane\" \/>\n<meta property=\"og:description\" content=\"Birdhouses for 40\u00a0bird&#8217;s day In Lithuania, the 10th of March is called 40 birds&#8217; day. It is because about 40 different\u00a0species of birds that live &hellip;\" \/>\n<meta property=\"og:url\" content=\"https:\/\/ospoljcane.si\/nova\/vilnius-antakalnis-progymnasium\/\" \/>\n<meta property=\"og:site_name\" content=\"Osnovna \u0161ola Kajetana Kovi\u010da Polj\u010dane\" \/>\n<meta property=\"article:modified_time\" content=\"2022-10-28T06:53:59+00:00\" \/>\n<meta property=\"og:image\" content=\"http:\/\/ospoljcane.si\/nova\/wp-content\/uploads\/2022\/10\/b76d38abe_opt-300x160.jpg\" \/>\n<meta name=\"twitter:card\" content=\"summary_large_image\" \/>\n<meta name=\"twitter:label1\" content=\"Est. reading time\" \/>\n\t<meta name=\"twitter:data1\" content=\"2 minuti\" \/>\n<script type=\"application\/ld+json\" class=\"yoast-schema-graph\">{\"@context\":\"https:\\\/\\\/schema.org\",\"@graph\":[{\"@type\":\"WebPage\",\"@id\":\"https:\\\/\\\/ospoljcane.si\\\/nova\\\/vilnius-antakalnis-progymnasium\\\/\",\"url\":\"https:\\\/\\\/ospoljcane.si\\\/nova\\\/vilnius-antakalnis-progymnasium\\\/\",\"name\":\"Vilnius Antakalnis Progymnasium, Vilnius, Lietuva - Osnovna \u0161ola Kajetana Kovi\u010da Polj\u010dane\",\"isPartOf\":{\"@id\":\"https:\\\/\\\/ospoljcane.si\\\/nova\\\/#website\"},\"primaryImageOfPage\":{\"@id\":\"https:\\\/\\\/ospoljcane.si\\\/nova\\\/vilnius-antakalnis-progymnasium\\\/#primaryimage\"},\"image\":{\"@id\":\"https:\\\/\\\/ospoljcane.si\\\/nova\\\/vilnius-antakalnis-progymnasium\\\/#primaryimage\"},\"thumbnailUrl\":\"http:\\\/\\\/ospoljcane.si\\\/nova\\\/wp-content\\\/uploads\\\/2022\\\/10\\\/b76d38abe_opt-300x160.jpg\",\"datePublished\":\"2022-10-25T16:55:05+00:00\",\"dateModified\":\"2022-10-28T06:53:59+00:00\",\"breadcrumb\":{\"@id\":\"https:\\\/\\\/ospoljcane.si\\\/nova\\\/vilnius-antakalnis-progymnasium\\\/#breadcrumb\"},\"inLanguage\":\"sl-SI\",\"potentialAction\":[{\"@type\":\"ReadAction\",\"target\":[\"https:\\\/\\\/ospoljcane.si\\\/nova\\\/vilnius-antakalnis-progymnasium\\\/\"]}]},{\"@type\":\"ImageObject\",\"inLanguage\":\"sl-SI\",\"@id\":\"https:\\\/\\\/ospoljcane.si\\\/nova\\\/vilnius-antakalnis-progymnasium\\\/#primaryimage\",\"url\":\"https:\\\/\\\/ospoljcane.si\\\/nova\\\/wp-content\\\/uploads\\\/2022\\\/10\\\/b76d38abe_opt.jpg\",\"contentUrl\":\"https:\\\/\\\/ospoljcane.si\\\/nova\\\/wp-content\\\/uploads\\\/2022\\\/10\\\/b76d38abe_opt.jpg\",\"width\":752,\"height\":400},{\"@type\":\"BreadcrumbList\",\"@id\":\"https:\\\/\\\/ospoljcane.si\\\/nova\\\/vilnius-antakalnis-progymnasium\\\/#breadcrumb\",\"itemListElement\":[{\"@type\":\"ListItem\",\"position\":1,\"name\":\"Domov\",\"item\":\"https:\\\/\\\/ospoljcane.si\\\/nova\\\/\"},{\"@type\":\"ListItem\",\"position\":2,\"name\":\"Vilnius Antakalnis Progymnasium, Vilnius, Lietuva\"}]},{\"@type\":\"WebSite\",\"@id\":\"https:\\\/\\\/ospoljcane.si\\\/nova\\\/#website\",\"url\":\"https:\\\/\\\/ospoljcane.si\\\/nova\\\/\",\"name\":\"Osnovna \u0161ola Kajetana Kovi\u010da Polj\u010dane\",\"description\":\"\",\"publisher\":{\"@id\":\"https:\\\/\\\/ospoljcane.si\\\/nova\\\/#organization\"},\"potentialAction\":[{\"@type\":\"SearchAction\",\"target\":{\"@type\":\"EntryPoint\",\"urlTemplate\":\"https:\\\/\\\/ospoljcane.si\\\/nova\\\/?s={search_term_string}\"},\"query-input\":{\"@type\":\"PropertyValueSpecification\",\"valueRequired\":true,\"valueName\":\"search_term_string\"}}],\"inLanguage\":\"sl-SI\"},{\"@type\":\"Organization\",\"@id\":\"https:\\\/\\\/ospoljcane.si\\\/nova\\\/#organization\",\"name\":\"Osnovna \u0161ola Kajetana Kovi\u010da Polj\u010dane\",\"url\":\"https:\\\/\\\/ospoljcane.si\\\/nova\\\/\",\"logo\":{\"@type\":\"ImageObject\",\"inLanguage\":\"sl-SI\",\"@id\":\"https:\\\/\\\/ospoljcane.si\\\/nova\\\/#\\\/schema\\\/logo\\\/image\\\/\",\"url\":\"https:\\\/\\\/ospoljcane.si\\\/nova\\\/wp-content\\\/uploads\\\/2020\\\/12\\\/cropped-cropped-Logotip-sole-2016_3G-1-1.png\",\"contentUrl\":\"https:\\\/\\\/ospoljcane.si\\\/nova\\\/wp-content\\\/uploads\\\/2020\\\/12\\\/cropped-cropped-Logotip-sole-2016_3G-1-1.png\",\"width\":512,\"height\":512,\"caption\":\"Osnovna \u0161ola Kajetana Kovi\u010da Polj\u010dane\"},\"image\":{\"@id\":\"https:\\\/\\\/ospoljcane.si\\\/nova\\\/#\\\/schema\\\/logo\\\/image\\\/\"}}]}<\/script>\n<!-- \/ Yoast SEO plugin. -->","yoast_head_json":{"title":"Vilnius Antakalnis Progymnasium, Vilnius, Lietuva - Osnovna \u0161ola Kajetana Kovi\u010da Polj\u010dane","robots":{"index":"index","follow":"follow","max-snippet":"max-snippet:-1","max-image-preview":"max-image-preview:large","max-video-preview":"max-video-preview:-1"},"canonical":"https:\/\/ospoljcane.si\/nova\/vilnius-antakalnis-progymnasium\/","og_locale":"sl_SI","og_type":"article","og_title":"Vilnius Antakalnis Progymnasium, Vilnius, Lietuva - Osnovna \u0161ola Kajetana Kovi\u010da Polj\u010dane","og_description":"Birdhouses for 40\u00a0bird&#8217;s day In Lithuania, the 10th of March is called 40 birds&#8217; day. It is because about 40 different\u00a0species of birds that live &hellip;","og_url":"https:\/\/ospoljcane.si\/nova\/vilnius-antakalnis-progymnasium\/","og_site_name":"Osnovna \u0161ola Kajetana Kovi\u010da Polj\u010dane","article_modified_time":"2022-10-28T06:53:59+00:00","og_image":[{"url":"http:\/\/ospoljcane.si\/nova\/wp-content\/uploads\/2022\/10\/b76d38abe_opt-300x160.jpg","type":"","width":"","height":""}],"twitter_card":"summary_large_image","twitter_misc":{"Est. reading time":"2 minuti"},"schema":{"@context":"https:\/\/schema.org","@graph":[{"@type":"WebPage","@id":"https:\/\/ospoljcane.si\/nova\/vilnius-antakalnis-progymnasium\/","url":"https:\/\/ospoljcane.si\/nova\/vilnius-antakalnis-progymnasium\/","name":"Vilnius Antakalnis Progymnasium, Vilnius, Lietuva - Osnovna \u0161ola Kajetana Kovi\u010da Polj\u010dane","isPartOf":{"@id":"https:\/\/ospoljcane.si\/nova\/#website"},"primaryImageOfPage":{"@id":"https:\/\/ospoljcane.si\/nova\/vilnius-antakalnis-progymnasium\/#primaryimage"},"image":{"@id":"https:\/\/ospoljcane.si\/nova\/vilnius-antakalnis-progymnasium\/#primaryimage"},"thumbnailUrl":"http:\/\/ospoljcane.si\/nova\/wp-content\/uploads\/2022\/10\/b76d38abe_opt-300x160.jpg","datePublished":"2022-10-25T16:55:05+00:00","dateModified":"2022-10-28T06:53:59+00:00","breadcrumb":{"@id":"https:\/\/ospoljcane.si\/nova\/vilnius-antakalnis-progymnasium\/#breadcrumb"},"inLanguage":"sl-SI","potentialAction":[{"@type":"ReadAction","target":["https:\/\/ospoljcane.si\/nova\/vilnius-antakalnis-progymnasium\/"]}]},{"@type":"ImageObject","inLanguage":"sl-SI","@id":"https:\/\/ospoljcane.si\/nova\/vilnius-antakalnis-progymnasium\/#primaryimage","url":"https:\/\/ospoljcane.si\/nova\/wp-content\/uploads\/2022\/10\/b76d38abe_opt.jpg","contentUrl":"https:\/\/ospoljcane.si\/nova\/wp-content\/uploads\/2022\/10\/b76d38abe_opt.jpg","width":752,"height":400},{"@type":"BreadcrumbList","@id":"https:\/\/ospoljcane.si\/nova\/vilnius-antakalnis-progymnasium\/#breadcrumb","itemListElement":[{"@type":"ListItem","position":1,"name":"Domov","item":"https:\/\/ospoljcane.si\/nova\/"},{"@type":"ListItem","position":2,"name":"Vilnius Antakalnis Progymnasium, Vilnius, Lietuva"}]},{"@type":"WebSite","@id":"https:\/\/ospoljcane.si\/nova\/#website","url":"https:\/\/ospoljcane.si\/nova\/","name":"Osnovna \u0161ola Kajetana Kovi\u010da Polj\u010dane","description":"","publisher":{"@id":"https:\/\/ospoljcane.si\/nova\/#organization"},"potentialAction":[{"@type":"SearchAction","target":{"@type":"EntryPoint","urlTemplate":"https:\/\/ospoljcane.si\/nova\/?s={search_term_string}"},"query-input":{"@type":"PropertyValueSpecification","valueRequired":true,"valueName":"search_term_string"}}],"inLanguage":"sl-SI"},{"@type":"Organization","@id":"https:\/\/ospoljcane.si\/nova\/#organization","name":"Osnovna \u0161ola Kajetana Kovi\u010da Polj\u010dane","url":"https:\/\/ospoljcane.si\/nova\/","logo":{"@type":"ImageObject","inLanguage":"sl-SI","@id":"https:\/\/ospoljcane.si\/nova\/#\/schema\/logo\/image\/","url":"https:\/\/ospoljcane.si\/nova\/wp-content\/uploads\/2020\/12\/cropped-cropped-Logotip-sole-2016_3G-1-1.png","contentUrl":"https:\/\/ospoljcane.si\/nova\/wp-content\/uploads\/2020\/12\/cropped-cropped-Logotip-sole-2016_3G-1-1.png","width":512,"height":512,"caption":"Osnovna \u0161ola Kajetana Kovi\u010da Polj\u010dane"},"image":{"@id":"https:\/\/ospoljcane.si\/nova\/#\/schema\/logo\/image\/"}}]}},"_links":{"self":[{"href":"https:\/\/ospoljcane.si\/nova\/wp-json\/wp\/v2\/pages\/11298","targetHints":{"allow":["GET"]}}],"collection":[{"href":"https:\/\/ospoljcane.si\/nova\/wp-json\/wp\/v2\/pages"}],"about":[{"href":"https:\/\/ospoljcane.si\/nova\/wp-json\/wp\/v2\/types\/page"}],"author":[{"embeddable":true,"href":"https:\/\/ospoljcane.si\/nova\/wp-json\/wp\/v2\/users\/6"}],"replies":[{"embeddable":true,"href":"https:\/\/ospoljcane.si\/nova\/wp-json\/wp\/v2\/comments?post=11298"}],"version-history":[{"count":13,"href":"https:\/\/ospoljcane.si\/nova\/wp-json\/wp\/v2\/pages\/11298\/revisions"}],"predecessor-version":[{"id":11613,"href":"https:\/\/ospoljcane.si\/nova\/wp-json\/wp\/v2\/pages\/11298\/revisions\/11613"}],"wp:attachment":[{"href":"https:\/\/ospoljcane.si\/nova\/wp-json\/wp\/v2\/media?parent=11298"}],"curies":[{"name":"wp","href":"https:\/\/api.w.org\/{rel}","templated":true}]}}