{"id":10057,"date":"2022-06-26T09:52:52","date_gmt":"2022-06-26T07:52:52","guid":{"rendered":"http:\/\/ospoljcane.si\/nova\/?page_id=10057"},"modified":"2025-08-25T08:26:20","modified_gmt":"2025-08-25T06:26:20","slug":"shema-solskega-sadja-in-zelenjave","status":"publish","type":"page","link":"https:\/\/ospoljcane.si\/nova\/shema-solskega-sadja-in-zelenjave\/","title":{"rendered":"Shema \u0161olskega sadja in zelenjave"},"content":{"rendered":"\t\t<div data-elementor-type=\"wp-page\" data-elementor-id=\"10057\" class=\"elementor elementor-10057\" data-elementor-post-type=\"page\">\n\t\t\t\t\t\t<section class=\"elementor-section elementor-top-section elementor-element elementor-element-f2b4b61 elementor-section-boxed elementor-section-height-default elementor-section-height-default\" data-id=\"f2b4b61\" data-element_type=\"section\" data-e-type=\"section\">\n\t\t\t\t\t\t<div class=\"elementor-container elementor-column-gap-default\">\n\t\t\t\t\t<div class=\"elementor-column elementor-col-100 elementor-top-column elementor-element elementor-element-dd6c81f\" data-id=\"dd6c81f\" data-element_type=\"column\" data-e-type=\"column\">\n\t\t\t<div class=\"elementor-widget-wrap elementor-element-populated\">\n\t\t\t\t\t\t<div class=\"elementor-element elementor-element-53ff82f elementor-widget elementor-widget-image\" data-id=\"53ff82f\" data-element_type=\"widget\" data-e-type=\"widget\" data-widget_type=\"image.default\">\n\t\t\t\t<div class=\"elementor-widget-container\">\n\t\t\t\t\t\t\t\t\t\t\t\t\t\t\t<img fetchpriority=\"high\" decoding=\"async\" width=\"853\" height=\"281\" src=\"https:\/\/ospoljcane.si\/nova\/wp-content\/uploads\/2022\/06\/Solska-shema-sadja-in-zelenjave.png\" class=\"attachment-large size-large wp-image-10058\" alt=\"\" srcset=\"https:\/\/ospoljcane.si\/nova\/wp-content\/uploads\/2022\/06\/Solska-shema-sadja-in-zelenjave.png 853w, https:\/\/ospoljcane.si\/nova\/wp-content\/uploads\/2022\/06\/Solska-shema-sadja-in-zelenjave-300x99.png 300w, https:\/\/ospoljcane.si\/nova\/wp-content\/uploads\/2022\/06\/Solska-shema-sadja-in-zelenjave-768x253.png 768w\" sizes=\"(max-width: 853px) 100vw, 853px\" \/>\t\t\t\t\t\t\t\t\t\t\t\t\t\t\t<\/div>\n\t\t\t\t<\/div>\n\t\t\t\t\t<\/div>\n\t\t<\/div>\n\t\t\t\t\t<\/div>\n\t\t<\/section>\n\t\t\t\t<section class=\"elementor-section elementor-top-section elementor-element elementor-element-3dbc616 elementor-section-boxed elementor-section-height-default elementor-section-height-default\" data-id=\"3dbc616\" data-element_type=\"section\" data-e-type=\"section\">\n\t\t\t\t\t\t<div class=\"elementor-container elementor-column-gap-default\">\n\t\t\t\t\t<div class=\"elementor-column elementor-col-100 elementor-top-column elementor-element elementor-element-66cdcd6\" data-id=\"66cdcd6\" data-element_type=\"column\" data-e-type=\"column\">\n\t\t\t<div class=\"elementor-widget-wrap elementor-element-populated\">\n\t\t\t\t\t\t<div class=\"elementor-element elementor-element-0e6c3ea elementor-widget elementor-widget-text-editor\" data-id=\"0e6c3ea\" data-element_type=\"widget\" data-e-type=\"widget\" data-widget_type=\"text-editor.default\">\n\t\t\t\t<div class=\"elementor-widget-container\">\n\t\t\t\t\t\t\t\t\t<p style=\"text-align: left;\">Na\u0161a \u0161ola \u017ee vrsto let sodeluje v evropski \u00bbshemi \u0161olskega sadja in zelenjave\u00ab (S\u0160SZ) s<br \/>finan\u010dno podporo Evropske unije.<br \/>Vsi zaposleni na \u0161oli se trudimo otrokom nuditi zdravo \u0161olsko okolje, kar tudi vklju\u010duje<br \/>spodbujanje vzorcev zdravega na\u010dina prehranjevanja. Veliko raziskav nakazuje na to, da prebivalci Slovenije ne zau\u017eijemo priporo\u010denih koli\u010din<br \/>sadja in zelenjave, ki so za zdravje bogat vir vitaminov in mineralov, kar pogosto postaja<br \/>dejavnik tveganja pri pojavu \u0161tevilnih kroni\u010dnih obolenj in prezgodnje smrti.<br \/>Tako sadje kot zelenjava vklju\u010dujeta visok dele\u017e vode, prehranskih vlaknin in drugih za\u0161\u010ditnih<br \/>snovi (vitamini in minerali), ki pomembno vplivajo na zdravje. V prehrani sta za\u017eelena sadje in zelenjava, pridelana pri lokalnih pridelovalcih, ki prideluje hrano na naravi, \u010dloveku in okolju prijazne na\u010dine. \u0160tudije namre\u010d ka\u017eejo, da lokalno pridelano sadje in zelenjava vsebujeta ve\u010dje koli\u010dine hranljivih snovi v primerjavi z \u017eivili, ki so bila skladi\u0161\u010dena in<br \/>transportirana dalj\u0161i \u010das. Pri teh \u017eivilih se namre\u010d bistveno zmanj\u0161a njihova hranilna, biolo\u0161ka<br \/>vrednost ter kakovost. Evropska komisija je po obse\u017eni \u0161tudiji ugotovila, da je S\u0160SZ eden od ukrepov, ki bi lahko<br \/>dolgoro\u010dno pripomogel k ve\u010dji porabi sadja in zelenjave. V ta namen Evropska unija dr\u017eavam \u010dlanicam namenja dolo\u010deno finan\u010dno pomo\u010d za brezpla\u010dno razdeljevanje sve\u017eega sadja in zelenjave u\u010dencem.<br \/>O koristnosti u\u017eivanja sadja in zelenjave se u\u010denci u\u010dijo tudi pri rednem pouku ali drugih<br \/>dejavnostih \u0161ole skozi celotno devetletno izobra\u017eevanje. Preko spletne strani \u0161ole in oglasne deske v avli \u0161ole vsako leto obvestimo star\u0161e in u\u010dence o pri\u010detku razdeljevanja sadja.<\/p><p style=\"text-align: left;\">V \u0161olskem letu 2024\/2025 smo razdelil:<\/p><table><tbody><tr><td width=\"301\"><p>Sadje<\/p><\/td><td width=\"301\"><p>Koli\u010dina v kilogramih<\/p><\/td><\/tr><tr><td width=\"301\"><p>Lubenice<\/p><\/td><td width=\"301\">102<\/td><\/tr><tr><td width=\"301\"><p>Mandarine<\/p><\/td><td width=\"301\">237,6<\/td><\/tr><tr><td width=\"301\"><p>Jabolka<\/p><\/td><td width=\"301\">243<\/td><\/tr><tr><td width=\"301\"><p>Le\u0161niki<\/p><\/td><td width=\"301\"><p>12<\/p><\/td><\/tr><tr><td width=\"301\"><p>Jagode<\/p><\/td><td width=\"301\"><p>90<\/p><\/td><\/tr><tr><td width=\"301\"><p>\u010ce\u0161nje<\/p><\/td><td width=\"301\"><p>46,7<\/p><\/td><\/tr><tr><td width=\"301\"><p>Borovnice<\/p><\/td><td width=\"301\"><p>20<\/p><\/td><\/tr><tr><td width=\"301\"><p><strong>SKUPAJ<br \/><\/strong><\/p><\/td><td width=\"301\"><strong>751,30<\/strong><\/td><\/tr><\/tbody><\/table>\t\t\t\t\t\t\t\t<\/div>\n\t\t\t\t<\/div>\n\t\t\t\t\t<\/div>\n\t\t<\/div>\n\t\t\t\t\t<\/div>\n\t\t<\/section>\n\t\t\t\t<\/div>\n\t\t","protected":false},"excerpt":{"rendered":"<p>Na\u0161a \u0161ola \u017ee vrsto let sodeluje v evropski \u00bbshemi \u0161olskega sadja in zelenjave\u00ab (S\u0160SZ) sfinan\u010dno podporo Evropske unije.Vsi zaposleni na \u0161oli se trudimo otrokom nuditi &hellip; <\/p>\n","protected":false},"author":1,"featured_media":0,"parent":0,"menu_order":0,"comment_status":"closed","ping_status":"closed","template":"","meta":{"footnotes":""},"class_list":["post-10057","page","type-page","status-publish","hentry","image-hover-transition-effect","latest_post"],"yoast_head":"<!-- This site is optimized with the Yoast SEO plugin v27.4 - https:\/\/yoast.com\/product\/yoast-seo-wordpress\/ -->\n<title>Shema \u0161olskega sadja in zelenjave - Osnovna \u0161ola Kajetana Kovi\u010da Polj\u010dane<\/title>\n<meta name=\"robots\" content=\"index, follow, max-snippet:-1, max-image-preview:large, max-video-preview:-1\" \/>\n<link rel=\"canonical\" href=\"https:\/\/ospoljcane.si\/nova\/shema-solskega-sadja-in-zelenjave\/\" \/>\n<meta property=\"og:locale\" content=\"sl_SI\" \/>\n<meta property=\"og:type\" content=\"article\" \/>\n<meta property=\"og:title\" content=\"Shema \u0161olskega sadja in zelenjave - Osnovna \u0161ola Kajetana Kovi\u010da Polj\u010dane\" \/>\n<meta property=\"og:description\" content=\"Na\u0161a \u0161ola \u017ee vrsto let sodeluje v evropski \u00bbshemi \u0161olskega sadja in zelenjave\u00ab (S\u0160SZ) sfinan\u010dno podporo Evropske unije.Vsi zaposleni na \u0161oli se trudimo otrokom nuditi &hellip;\" \/>\n<meta property=\"og:url\" content=\"https:\/\/ospoljcane.si\/nova\/shema-solskega-sadja-in-zelenjave\/\" \/>\n<meta property=\"og:site_name\" content=\"Osnovna \u0161ola Kajetana Kovi\u010da Polj\u010dane\" \/>\n<meta property=\"article:modified_time\" content=\"2025-08-25T06:26:20+00:00\" \/>\n<meta property=\"og:image\" content=\"https:\/\/ospoljcane.si\/nova\/wp-content\/uploads\/2022\/06\/Solska-shema-sadja-in-zelenjave.png\" \/>\n\t<meta property=\"og:image:width\" content=\"853\" \/>\n\t<meta property=\"og:image:height\" content=\"281\" \/>\n\t<meta property=\"og:image:type\" content=\"image\/png\" \/>\n<meta name=\"twitter:card\" content=\"summary_large_image\" \/>\n<meta name=\"twitter:label1\" content=\"Est. reading time\" \/>\n\t<meta name=\"twitter:data1\" content=\"2 minuti\" \/>\n<script type=\"application\/ld+json\" class=\"yoast-schema-graph\">{\"@context\":\"https:\\\/\\\/schema.org\",\"@graph\":[{\"@type\":\"WebPage\",\"@id\":\"https:\\\/\\\/ospoljcane.si\\\/nova\\\/shema-solskega-sadja-in-zelenjave\\\/\",\"url\":\"https:\\\/\\\/ospoljcane.si\\\/nova\\\/shema-solskega-sadja-in-zelenjave\\\/\",\"name\":\"Shema \u0161olskega sadja in zelenjave - Osnovna \u0161ola Kajetana Kovi\u010da Polj\u010dane\",\"isPartOf\":{\"@id\":\"https:\\\/\\\/ospoljcane.si\\\/nova\\\/#website\"},\"primaryImageOfPage\":{\"@id\":\"https:\\\/\\\/ospoljcane.si\\\/nova\\\/shema-solskega-sadja-in-zelenjave\\\/#primaryimage\"},\"image\":{\"@id\":\"https:\\\/\\\/ospoljcane.si\\\/nova\\\/shema-solskega-sadja-in-zelenjave\\\/#primaryimage\"},\"thumbnailUrl\":\"https:\\\/\\\/ospoljcane.si\\\/nova\\\/wp-content\\\/uploads\\\/2022\\\/06\\\/Solska-shema-sadja-in-zelenjave.png\",\"datePublished\":\"2022-06-26T07:52:52+00:00\",\"dateModified\":\"2025-08-25T06:26:20+00:00\",\"breadcrumb\":{\"@id\":\"https:\\\/\\\/ospoljcane.si\\\/nova\\\/shema-solskega-sadja-in-zelenjave\\\/#breadcrumb\"},\"inLanguage\":\"sl-SI\",\"potentialAction\":[{\"@type\":\"ReadAction\",\"target\":[\"https:\\\/\\\/ospoljcane.si\\\/nova\\\/shema-solskega-sadja-in-zelenjave\\\/\"]}]},{\"@type\":\"ImageObject\",\"inLanguage\":\"sl-SI\",\"@id\":\"https:\\\/\\\/ospoljcane.si\\\/nova\\\/shema-solskega-sadja-in-zelenjave\\\/#primaryimage\",\"url\":\"https:\\\/\\\/ospoljcane.si\\\/nova\\\/wp-content\\\/uploads\\\/2022\\\/06\\\/Solska-shema-sadja-in-zelenjave.png\",\"contentUrl\":\"https:\\\/\\\/ospoljcane.si\\\/nova\\\/wp-content\\\/uploads\\\/2022\\\/06\\\/Solska-shema-sadja-in-zelenjave.png\",\"width\":853,\"height\":281},{\"@type\":\"BreadcrumbList\",\"@id\":\"https:\\\/\\\/ospoljcane.si\\\/nova\\\/shema-solskega-sadja-in-zelenjave\\\/#breadcrumb\",\"itemListElement\":[{\"@type\":\"ListItem\",\"position\":1,\"name\":\"Domov\",\"item\":\"https:\\\/\\\/ospoljcane.si\\\/nova\\\/\"},{\"@type\":\"ListItem\",\"position\":2,\"name\":\"Shema \u0161olskega sadja in zelenjave\"}]},{\"@type\":\"WebSite\",\"@id\":\"https:\\\/\\\/ospoljcane.si\\\/nova\\\/#website\",\"url\":\"https:\\\/\\\/ospoljcane.si\\\/nova\\\/\",\"name\":\"Osnovna \u0161ola Kajetana Kovi\u010da Polj\u010dane\",\"description\":\"\",\"publisher\":{\"@id\":\"https:\\\/\\\/ospoljcane.si\\\/nova\\\/#organization\"},\"potentialAction\":[{\"@type\":\"SearchAction\",\"target\":{\"@type\":\"EntryPoint\",\"urlTemplate\":\"https:\\\/\\\/ospoljcane.si\\\/nova\\\/?s={search_term_string}\"},\"query-input\":{\"@type\":\"PropertyValueSpecification\",\"valueRequired\":true,\"valueName\":\"search_term_string\"}}],\"inLanguage\":\"sl-SI\"},{\"@type\":\"Organization\",\"@id\":\"https:\\\/\\\/ospoljcane.si\\\/nova\\\/#organization\",\"name\":\"Osnovna \u0161ola Kajetana Kovi\u010da Polj\u010dane\",\"url\":\"https:\\\/\\\/ospoljcane.si\\\/nova\\\/\",\"logo\":{\"@type\":\"ImageObject\",\"inLanguage\":\"sl-SI\",\"@id\":\"https:\\\/\\\/ospoljcane.si\\\/nova\\\/#\\\/schema\\\/logo\\\/image\\\/\",\"url\":\"https:\\\/\\\/ospoljcane.si\\\/nova\\\/wp-content\\\/uploads\\\/2020\\\/12\\\/cropped-cropped-Logotip-sole-2016_3G-1-1.png\",\"contentUrl\":\"https:\\\/\\\/ospoljcane.si\\\/nova\\\/wp-content\\\/uploads\\\/2020\\\/12\\\/cropped-cropped-Logotip-sole-2016_3G-1-1.png\",\"width\":512,\"height\":512,\"caption\":\"Osnovna \u0161ola Kajetana Kovi\u010da Polj\u010dane\"},\"image\":{\"@id\":\"https:\\\/\\\/ospoljcane.si\\\/nova\\\/#\\\/schema\\\/logo\\\/image\\\/\"}}]}<\/script>\n<!-- \/ Yoast SEO plugin. -->","yoast_head_json":{"title":"Shema \u0161olskega sadja in zelenjave - Osnovna \u0161ola Kajetana Kovi\u010da Polj\u010dane","robots":{"index":"index","follow":"follow","max-snippet":"max-snippet:-1","max-image-preview":"max-image-preview:large","max-video-preview":"max-video-preview:-1"},"canonical":"https:\/\/ospoljcane.si\/nova\/shema-solskega-sadja-in-zelenjave\/","og_locale":"sl_SI","og_type":"article","og_title":"Shema \u0161olskega sadja in zelenjave - Osnovna \u0161ola Kajetana Kovi\u010da Polj\u010dane","og_description":"Na\u0161a \u0161ola \u017ee vrsto let sodeluje v evropski \u00bbshemi \u0161olskega sadja in zelenjave\u00ab (S\u0160SZ) sfinan\u010dno podporo Evropske unije.Vsi zaposleni na \u0161oli se trudimo otrokom nuditi &hellip;","og_url":"https:\/\/ospoljcane.si\/nova\/shema-solskega-sadja-in-zelenjave\/","og_site_name":"Osnovna \u0161ola Kajetana Kovi\u010da Polj\u010dane","article_modified_time":"2025-08-25T06:26:20+00:00","og_image":[{"width":853,"height":281,"url":"https:\/\/ospoljcane.si\/nova\/wp-content\/uploads\/2022\/06\/Solska-shema-sadja-in-zelenjave.png","type":"image\/png"}],"twitter_card":"summary_large_image","twitter_misc":{"Est. reading time":"2 minuti"},"schema":{"@context":"https:\/\/schema.org","@graph":[{"@type":"WebPage","@id":"https:\/\/ospoljcane.si\/nova\/shema-solskega-sadja-in-zelenjave\/","url":"https:\/\/ospoljcane.si\/nova\/shema-solskega-sadja-in-zelenjave\/","name":"Shema \u0161olskega sadja in zelenjave - Osnovna \u0161ola Kajetana Kovi\u010da Polj\u010dane","isPartOf":{"@id":"https:\/\/ospoljcane.si\/nova\/#website"},"primaryImageOfPage":{"@id":"https:\/\/ospoljcane.si\/nova\/shema-solskega-sadja-in-zelenjave\/#primaryimage"},"image":{"@id":"https:\/\/ospoljcane.si\/nova\/shema-solskega-sadja-in-zelenjave\/#primaryimage"},"thumbnailUrl":"https:\/\/ospoljcane.si\/nova\/wp-content\/uploads\/2022\/06\/Solska-shema-sadja-in-zelenjave.png","datePublished":"2022-06-26T07:52:52+00:00","dateModified":"2025-08-25T06:26:20+00:00","breadcrumb":{"@id":"https:\/\/ospoljcane.si\/nova\/shema-solskega-sadja-in-zelenjave\/#breadcrumb"},"inLanguage":"sl-SI","potentialAction":[{"@type":"ReadAction","target":["https:\/\/ospoljcane.si\/nova\/shema-solskega-sadja-in-zelenjave\/"]}]},{"@type":"ImageObject","inLanguage":"sl-SI","@id":"https:\/\/ospoljcane.si\/nova\/shema-solskega-sadja-in-zelenjave\/#primaryimage","url":"https:\/\/ospoljcane.si\/nova\/wp-content\/uploads\/2022\/06\/Solska-shema-sadja-in-zelenjave.png","contentUrl":"https:\/\/ospoljcane.si\/nova\/wp-content\/uploads\/2022\/06\/Solska-shema-sadja-in-zelenjave.png","width":853,"height":281},{"@type":"BreadcrumbList","@id":"https:\/\/ospoljcane.si\/nova\/shema-solskega-sadja-in-zelenjave\/#breadcrumb","itemListElement":[{"@type":"ListItem","position":1,"name":"Domov","item":"https:\/\/ospoljcane.si\/nova\/"},{"@type":"ListItem","position":2,"name":"Shema \u0161olskega sadja in zelenjave"}]},{"@type":"WebSite","@id":"https:\/\/ospoljcane.si\/nova\/#website","url":"https:\/\/ospoljcane.si\/nova\/","name":"Osnovna \u0161ola Kajetana Kovi\u010da Polj\u010dane","description":"","publisher":{"@id":"https:\/\/ospoljcane.si\/nova\/#organization"},"potentialAction":[{"@type":"SearchAction","target":{"@type":"EntryPoint","urlTemplate":"https:\/\/ospoljcane.si\/nova\/?s={search_term_string}"},"query-input":{"@type":"PropertyValueSpecification","valueRequired":true,"valueName":"search_term_string"}}],"inLanguage":"sl-SI"},{"@type":"Organization","@id":"https:\/\/ospoljcane.si\/nova\/#organization","name":"Osnovna \u0161ola Kajetana Kovi\u010da Polj\u010dane","url":"https:\/\/ospoljcane.si\/nova\/","logo":{"@type":"ImageObject","inLanguage":"sl-SI","@id":"https:\/\/ospoljcane.si\/nova\/#\/schema\/logo\/image\/","url":"https:\/\/ospoljcane.si\/nova\/wp-content\/uploads\/2020\/12\/cropped-cropped-Logotip-sole-2016_3G-1-1.png","contentUrl":"https:\/\/ospoljcane.si\/nova\/wp-content\/uploads\/2020\/12\/cropped-cropped-Logotip-sole-2016_3G-1-1.png","width":512,"height":512,"caption":"Osnovna \u0161ola Kajetana Kovi\u010da Polj\u010dane"},"image":{"@id":"https:\/\/ospoljcane.si\/nova\/#\/schema\/logo\/image\/"}}]}},"_links":{"self":[{"href":"https:\/\/ospoljcane.si\/nova\/wp-json\/wp\/v2\/pages\/10057","targetHints":{"allow":["GET"]}}],"collection":[{"href":"https:\/\/ospoljcane.si\/nova\/wp-json\/wp\/v2\/pages"}],"about":[{"href":"https:\/\/ospoljcane.si\/nova\/wp-json\/wp\/v2\/types\/page"}],"author":[{"embeddable":true,"href":"https:\/\/ospoljcane.si\/nova\/wp-json\/wp\/v2\/users\/1"}],"replies":[{"embeddable":true,"href":"https:\/\/ospoljcane.si\/nova\/wp-json\/wp\/v2\/comments?post=10057"}],"version-history":[{"count":11,"href":"https:\/\/ospoljcane.si\/nova\/wp-json\/wp\/v2\/pages\/10057\/revisions"}],"predecessor-version":[{"id":22267,"href":"https:\/\/ospoljcane.si\/nova\/wp-json\/wp\/v2\/pages\/10057\/revisions\/22267"}],"wp:attachment":[{"href":"https:\/\/ospoljcane.si\/nova\/wp-json\/wp\/v2\/media?parent=10057"}],"curies":[{"name":"wp","href":"https:\/\/api.w.org\/{rel}","templated":true}]}}